{"id":6105,"date":"2020-04-23T13:27:39","date_gmt":"2020-04-23T12:27:39","guid":{"rendered":"https:\/\/www.monterosaportugal.com\/informacoes-praticas\/chegada-e-partida\/"},"modified":"2025-07-02T12:18:36","modified_gmt":"2025-07-02T11:18:36","slug":"chegada-e-partida","status":"publish","type":"page","link":"https:\/\/www.monterosaportugal.com\/pt-pt\/informacoes-praticas\/chegada-e-partida\/","title":{"rendered":"Chegada e partida"},"content":{"rendered":"<p>[et_pb_section fb_built=&#8221;1&#8243; fullwidth=&#8221;on&#8221; _builder_version=&#8221;4.16&#8243; custom_padding=&#8221;0|0px|0|0px|false|false&#8221; global_colors_info=&#8221;{}&#8221;][et_pb_fullwidth_image src=&#8221;https:\/\/www.monterosaportugal.com\/wp-content\/uploads\/2019\/01\/PraktischAlgemeen.jpg&#8221; _builder_version=&#8221;4.16&#8243; global_colors_info=&#8221;{}&#8221;][\/et_pb_fullwidth_image][\/et_pb_section][et_pb_section fb_built=&#8221;1&#8243; module_class=&#8221;mr-s-title&#8221; _builder_version=&#8221;4.16&#8243; z_index_tablet=&#8221;500&#8243; global_colors_info=&#8221;{}&#8221;][et_pb_row _builder_version=&#8221;4.16&#8243; z_index_tablet=&#8221;500&#8243; global_colors_info=&#8221;{}&#8221;][et_pb_column type=&#8221;4_4&#8243; _builder_version=&#8221;4.16&#8243; custom_padding=&#8221;|||&#8221; global_colors_info=&#8221;{}&#8221; custom_padding__hover=&#8221;|||&#8221;][et_pb_text admin_label=&#8221;Title&#8221; module_class=&#8221;mr-title&#8221; _builder_version=&#8221;4.16&#8243; text_letter_spacing=&#8221;1px&#8221; z_index_tablet=&#8221;500&#8243; inline_fonts=&#8221;Merriweather&#8221; global_colors_info=&#8221;{}&#8221;]<\/p>\n<h1>Informa\u00e7\u00e3o Geral<\/h1>\n<p>[\/et_pb_text][et_pb_divider divider_position=&#8221;center&#8221; divider_weight=&#8221;3px&#8221; module_class=&#8221;mr-divider1&#8243; _builder_version=&#8221;4.16&#8243; max_width=&#8221;10%&#8221; module_alignment=&#8221;center&#8221; z_index_tablet=&#8221;500&#8243; global_colors_info=&#8221;{}&#8221;][\/et_pb_divider][\/et_pb_column][\/et_pb_row][\/et_pb_section][et_pb_section fb_built=&#8221;1&#8243; module_class=&#8221;mr-s-content c1&#8243; _builder_version=&#8221;4.16&#8243; z_index_tablet=&#8221;500&#8243; global_colors_info=&#8221;{}&#8221;][et_pb_row _builder_version=&#8221;4.16&#8243; z_index_tablet=&#8221;500&#8243; custom_width_px=&#8221;750px&#8221; global_colors_info=&#8221;{}&#8221;][et_pb_column type=&#8221;4_4&#8243; _builder_version=&#8221;4.16&#8243; custom_padding=&#8221;|||&#8221; global_colors_info=&#8221;{}&#8221; custom_padding__hover=&#8221;|||&#8221;][et_pb_team_member name=&#8221;Chegada e Partida&#8221; image_url=&#8221;https:\/\/www.monterosaportugal.com\/wp-content\/uploads\/2019\/01\/AankomstVertrek.jpg&#8221; _builder_version=&#8221;4.16&#8243; header_font_size=&#8221;26px&#8221; custom_margin=&#8221;||60px|&#8221; z_index_tablet=&#8221;500&#8243; global_colors_info=&#8221;{}&#8221;]<\/p>\n<p>No dia da sua chegada pode entrar no seu quarto a partir das 14h00. Caso chegar mais cedo, avise-nos e tentaremos deixar o seu quarto pronto o quarto antes, e se poss\u00edvel. Ap\u00f3s a chegada, \u00e9 convidado a tomar uma bebida de boas-vindas e receber\u00e1 algumas informa\u00e7\u00f5es pr\u00e1ticas e um pequeno passeio pelo Monte. No dia da sua partida, pode fazer o check-out at\u00e9 \u00e0s 11h00 horas. Existe sempre um local onde poder\u00e1 guardar a sua bagagem e, no dia da partida, ainda pode usar a piscina, chuveiros p\u00fablicos e todas as outras instala\u00e7\u00f5es.<\/p>\n<p>[\/et_pb_team_member][et_pb_team_member name=&#8221;Pequeno Almo\u00e7o e Almo\u00e7o&#8221; image_url=&#8221;https:\/\/www.monterosaportugal.com\/wp-content\/uploads\/2019\/01\/Ontbijt.jpg&#8221; _builder_version=&#8221;4.19.4&#8243; header_font_size=&#8221;26px&#8221; custom_margin=&#8221;||60px|&#8221; z_index_tablet=&#8221;500&#8243; global_colors_info=&#8221;{}&#8221;]<\/p>\n<p><span>No Monte Rosa, pode desfrutar de um delicioso pequeno almo\u00e7o diariamente entre 08h30 e 10h00. O pequeno almo\u00e7o inclui p\u00e3o quente, v\u00e1rios queijos e doces, caf\u00e9 ou ch\u00e1, sumo fresco, frutas, iogurte, cereais e um ovo. O pre\u00e7o do pequeno almo\u00e7o \u00e9 de \u20ac12, e para crian\u00e7as menores de 11 anos \u20ac6. Servimos almo\u00e7o apenas para grupos de 10 pessoas ou mais (\u20ac12 por pessoa). Durante o pequeno almo\u00e7o os h\u00f3spedes podem fazer o seu pr\u00f3prio pacote de almo\u00e7o por \u20ac6 (sandu\u00edches, frutas, muesli e pacote de sumo ou \u00e1gua). Uma boa ideia, por exemplo, quando tem um longo dia de caminhada pela frente.\u00a0<\/span><\/p>\n<p><span><\/span><\/p>\n<p>[\/et_pb_team_member][et_pb_team_member name=&#8221;Jantares e Churrasco no Monte Rosa&#8221; image_url=&#8221;https:\/\/www.monterosaportugal.com\/wp-content\/uploads\/2019\/01\/Diners.jpg&#8221; _builder_version=&#8221;4.19.0&#8243; header_font_size=&#8221;26px&#8221; custom_margin=&#8221;||60px|&#8221; z_index_tablet=&#8221;500&#8243; global_colors_info=&#8221;{}&#8221;]<\/p>\n<p><span>De Abril a Setembro, duas vezes por semana, servimos um maravilhoso jantar de 3 pratos por \u20ac25, incluindo vinho ou sumo. Crian\u00e7as menores de 11 anos pagam \u20ac12. Gostamos de cozinhar pratos portugueses locais com ingredientes frescos, muitas vezes do nosso pr\u00f3prio jardim. Oferecemos sempre uma op\u00e7\u00e3o vegetariana. \u00c0s vezes, nas noites quentes de ver\u00e3o<\/span><span> , organizamos um churrasco no jardim, com um extenso buffet de carnes, peixes e\/ou iguarias vegetarianas, muitas saladas e sangria. Obviamente, as solicita\u00e7\u00f5es alimentares ser\u00e3o levadas em considera\u00e7\u00e3o. <\/span><\/p>\n<p><span style=\"font-family: Merriweather; font-weight: normal; font-size: small;\"><span><\/span><\/span><\/p>\n<p>[\/et_pb_team_member][et_pb_team_member name=&#8221;Bar de Honestidade&#8221; image_url=&#8221;https:\/\/www.monterosaportugal.com\/wp-content\/uploads\/2019\/01\/HonestyBar.jpg&#8221; _builder_version=&#8221;4.16&#8243; header_font_size=&#8221;26px&#8221; custom_margin=&#8221;||60px|&#8221; z_index_tablet=&#8221;500&#8243; global_colors_info=&#8221;{}&#8221;]<\/p>\n<p><span>Para bebidas e lanches, o Monte Rosa tem o chamado &#8216;bar da honestidade&#8217;. Neste bar pode encontrar vinho, cerveja, sumo, caf\u00e9, v\u00e1rios lanches, sorvetes e frutas. O bar da honestidade \u00e9 baseado na confian\u00e7a, e os h\u00f3spedes podem tirar as suas pr\u00f3prias bebidas ou lanches e anotar o que usam numa nota. A conta do bar \u00e9 paga no momento da partida. Importante: o Monte Rosa n\u00e3o aceita apenas pagamentos em dinheiro.&nbsp; O multibanco mais pr\u00f3ximo fica em &nbsp;Bar\u00e3o de S\u00e3o Jo\u00e3o (2km).&nbsp;<\/span><\/p>\n<p><span><\/span><\/p>\n<p>[\/et_pb_team_member][et_pb_team_member name=&#8221;Roupa de Cama e Limpeza&#8221; image_url=&#8221;https:\/\/www.monterosaportugal.com\/wp-content\/uploads\/2019\/01\/Schoonmaak.jpg&#8221; _builder_version=&#8221;4.16&#8243; header_font_size=&#8221;26px&#8221; custom_margin=&#8221;||60px|&#8221; z_index_tablet=&#8221;500&#8243; global_colors_info=&#8221;{}&#8221;]<\/p>\n<p><span>Na chegada, as camas est\u00e3o feitas e s\u00e3o fornecidas duas toalhas para cada h\u00f3spede. Os len\u00e7\u00f3is s\u00e3o trocados a cada semana e duas vezes por semana receber\u00e1 toalhas e panos de cozinha.&nbsp;<\/span>Pedimos aos nossos hospedes que deixam o alojamento limpo. Isto significa que as camas s\u00e3o despidas, n\u00e3o haja lou\u00e7a suja, qualquer lixo \u00e9 descartado nos recipientes atr\u00e1s do restaurante e a sala estar\u00e1 varrida. Limpeza extra por n\u00f3s pode ser solicitada (taxa adicional).<\/p>\n<p>[\/et_pb_team_member][et_pb_team_member name=&#8221;Cuidado Infantil&#8221; image_url=&#8221;https:\/\/www.monterosaportugal.com\/wp-content\/uploads\/2019\/01\/Oppas.jpg&#8221; _builder_version=&#8221;4.27.4&#8243; header_font_size=&#8221;26px&#8221; custom_margin=&#8221;||60px|&#8221; hover_enabled=&#8221;0&#8243; z_index_tablet=&#8221;500&#8243; global_colors_info=&#8221;{}&#8221; sticky_enabled=&#8221;0&#8243;]<\/p>\n<p style=\"text-align: justify;\">Quer ou gostaria de participar nas aulas de ioga no Monte Rosa? Ou meditar em paz durante algum tempo? Talvez desfrutar de uma massagem? Se for esse o caso, podemos providenciar o acolhimento de crian\u00e7as. O custo para a primeira crian\u00e7a \u00e9 de 10 euros por hora, cada crian\u00e7a subsequente tem um custo adicional de 4 euros. Depois das 19h00, o custo \u00e9 de 15 euros e cada crian\u00e7a subsequente de 6 euros.<\/p>\n<p>[\/et_pb_team_member][et_pb_team_member name=&#8221;Animais de Estima\u00e7\u00e3o&#8221; image_url=&#8221;https:\/\/www.monterosaportugal.com\/wp-content\/uploads\/2019\/01\/Billy.jpg&#8221; _builder_version=&#8221;4.16&#8243; header_font_size=&#8221;26px&#8221; custom_margin=&#8221;||60px|&#8221; z_index_tablet=&#8221;500&#8243; global_colors_info=&#8221;{}&#8221;]<\/p>\n<p><span>Os animais de estima\u00e7\u00e3o s\u00e3o bem vindos no Monte Rosa, mediante pedido. Presumimos que o seu animal de estima\u00e7\u00e3o seja bem treinado e n\u00e3o se sente ou deite em cadeiras, sof\u00e1s e camas. Os c\u00e3es devem ser mantidos na trela o tempo todo. H\u00e1 um custo adicional de \u20ac8 por dia por animal para limpeza extra. Temos dois gatos e um c\u00e3o no Monte Rosa. <\/span><span>Especialmente para pessoas com alergia a c\u00e3es ou gatos, queremos mencionar explicitamente a presen\u00e7a de animais no Monte Rosa. Pedimos desculpa com anteced\u00eancia se eles entrarem em lugares onde n\u00e3o devem vir!<\/span><\/p>\n<p>[\/et_pb_team_member][et_pb_team_member name=&#8221;Wifi&#8221; image_url=&#8221;https:\/\/www.monterosaportugal.com\/wp-content\/uploads\/2019\/01\/Wifi-1.jpg&#8221; disabled_on=&#8221;on|on|on&#8221; _builder_version=&#8221;4.16&#8243; header_font_size=&#8221;26px&#8221; custom_margin=&#8221;||60px|&#8221; z_index_tablet=&#8221;500&#8243; disabled=&#8221;on&#8221; global_colors_info=&#8221;{}&#8221;]<\/p>\n<p>Zowel in de kamers en huisjes als in de algemene ruimtes van Monte Rosa kunnen gasten kosteloos gebruik maken van ons wifi-netwerk. Het is fijn om op deze manier ook op vakantie gewoon bereikbaar te zijn. Toch willen we onze gasten ook stimuleren om de communicatiemiddelen juist bewust uit te schakelen tijdens het verblijf op Monte Rosa. Even geen mail, geen sociale media, geen Whatsapp, maar volledige rust tijdens de vakantie. Wat een luxe! Gun je brein dus ook een beetje de tijd om op te laden. En besteed natuurlijk vooral aandacht aan elkaar.&nbsp;<span><\/span><\/p>\n<p>&nbsp;<\/p>\n<p>[\/et_pb_team_member][\/et_pb_column][\/et_pb_row][\/et_pb_section]<\/p>\n","protected":false},"excerpt":{"rendered":"<p>Informa\u00e7\u00e3o GeralNo dia da sua chegada pode entrar no seu quarto a partir das 14h00. Caso chegar mais cedo, avise-nos e tentaremos deixar o seu quarto pronto o quarto antes, e se poss\u00edvel. Ap\u00f3s a chegada, \u00e9 convidado a tomar uma bebida de boas-vindas e receber\u00e1 algumas informa\u00e7\u00f5es pr\u00e1ticas e um pequeno passeio pelo Monte. [&hellip;]<\/p>\n","protected":false},"author":1,"featured_media":0,"parent":5132,"menu_order":0,"comment_status":"closed","ping_status":"closed","template":"","meta":{"_et_pb_use_builder":"on","_et_pb_old_content":"","_et_gb_content_width":"","ngg_post_thumbnail":0,"footnotes":""},"class_list":["post-6105","page","type-page","status-publish","hentry"],"yoast_head":"<!-- This site is optimized with the Yoast SEO plugin v27.5 - https:\/\/yoast.com\/product\/yoast-seo-wordpress\/ -->\n<title>Chegada e Partida e Outros Assuntos Pr\u00e1ticos - Monte Rosa Portugal<\/title>\n<meta name=\"description\" content=\"No dia da sua chegada pode entrar no seu quarto a partir das 14h00. Caso chegar mais cedo tentaremos deixar o seu quarto pronto o quarto antes, e se poss\u00edvel.\" \/>\n<meta name=\"robots\" content=\"index, follow, max-snippet:-1, max-image-preview:large, max-video-preview:-1\" \/>\n<link rel=\"canonical\" href=\"https:\/\/www.monterosaportugal.com\/pt-pt\/informacoes-praticas\/chegada-e-partida\/\" \/>\n<meta property=\"og:locale\" content=\"pt_PT\" \/>\n<meta property=\"og:type\" content=\"article\" \/>\n<meta property=\"og:title\" content=\"Chegada e Partida e Outros Assuntos Pr\u00e1ticos - Monte Rosa Portugal\" \/>\n<meta property=\"og:description\" content=\"No dia da sua chegada pode entrar no seu quarto a partir das 14h00. Caso chegar mais cedo tentaremos deixar o seu quarto pronto o quarto antes, e se poss\u00edvel.\" \/>\n<meta property=\"og:url\" content=\"https:\/\/www.monterosaportugal.com\/pt-pt\/informacoes-praticas\/chegada-e-partida\/\" \/>\n<meta property=\"og:site_name\" content=\"Monte Rosa Portugal\" \/>\n<meta property=\"article:modified_time\" content=\"2025-07-02T11:18:36+00:00\" \/>\n<meta name=\"twitter:card\" content=\"summary_large_image\" \/>\n<meta name=\"twitter:label1\" content=\"Tempo estimado de leitura\" \/>\n\t<meta name=\"twitter:data1\" content=\"6 minutos\" \/>\n<script type=\"application\/ld+json\" class=\"yoast-schema-graph\">{\"@context\":\"https:\\\/\\\/schema.org\",\"@graph\":[{\"@type\":\"WebPage\",\"@id\":\"https:\\\/\\\/www.monterosaportugal.com\\\/pt-pt\\\/informacoes-praticas\\\/chegada-e-partida\\\/\",\"url\":\"https:\\\/\\\/www.monterosaportugal.com\\\/pt-pt\\\/informacoes-praticas\\\/chegada-e-partida\\\/\",\"name\":\"Chegada e Partida e Outros Assuntos Pr\u00e1ticos - Monte Rosa Portugal\",\"isPartOf\":{\"@id\":\"https:\\\/\\\/www.monterosaportugal.com\\\/pt-pt\\\/#website\"},\"datePublished\":\"2020-04-23T12:27:39+00:00\",\"dateModified\":\"2025-07-02T11:18:36+00:00\",\"description\":\"No dia da sua chegada pode entrar no seu quarto a partir das 14h00. Caso chegar mais cedo tentaremos deixar o seu quarto pronto o quarto antes, e se poss\u00edvel.\",\"breadcrumb\":{\"@id\":\"https:\\\/\\\/www.monterosaportugal.com\\\/pt-pt\\\/informacoes-praticas\\\/chegada-e-partida\\\/#breadcrumb\"},\"inLanguage\":\"pt-PT\",\"potentialAction\":[{\"@type\":\"ReadAction\",\"target\":[\"https:\\\/\\\/www.monterosaportugal.com\\\/pt-pt\\\/informacoes-praticas\\\/chegada-e-partida\\\/\"]}]},{\"@type\":\"BreadcrumbList\",\"@id\":\"https:\\\/\\\/www.monterosaportugal.com\\\/pt-pt\\\/informacoes-praticas\\\/chegada-e-partida\\\/#breadcrumb\",\"itemListElement\":[{\"@type\":\"ListItem\",\"position\":1,\"name\":\"Home\",\"item\":\"https:\\\/\\\/www.monterosaportugal.com\\\/pt-pt\\\/\"},{\"@type\":\"ListItem\",\"position\":2,\"name\":\"Informa\u00e7\u00f5es Pr\u00e1ticas\",\"item\":\"https:\\\/\\\/www.monterosaportugal.com\\\/pt-pt\\\/informacoes-praticas\\\/\"},{\"@type\":\"ListItem\",\"position\":3,\"name\":\"Chegada e partida\"}]},{\"@type\":\"WebSite\",\"@id\":\"https:\\\/\\\/www.monterosaportugal.com\\\/pt-pt\\\/#website\",\"url\":\"https:\\\/\\\/www.monterosaportugal.com\\\/pt-pt\\\/\",\"name\":\"Monte Rosa Portugal\",\"description\":\"Landelijk gelegen gastenaccommodatie met cursusruimte in Portugal\",\"potentialAction\":[{\"@type\":\"SearchAction\",\"target\":{\"@type\":\"EntryPoint\",\"urlTemplate\":\"https:\\\/\\\/www.monterosaportugal.com\\\/pt-pt\\\/?s={search_term_string}\"},\"query-input\":{\"@type\":\"PropertyValueSpecification\",\"valueRequired\":true,\"valueName\":\"search_term_string\"}}],\"inLanguage\":\"pt-PT\"}]}<\/script>\n<!-- \/ Yoast SEO plugin. -->","yoast_head_json":{"title":"Chegada e Partida e Outros Assuntos Pr\u00e1ticos - Monte Rosa Portugal","description":"No dia da sua chegada pode entrar no seu quarto a partir das 14h00. Caso chegar mais cedo tentaremos deixar o seu quarto pronto o quarto antes, e se poss\u00edvel.","robots":{"index":"index","follow":"follow","max-snippet":"max-snippet:-1","max-image-preview":"max-image-preview:large","max-video-preview":"max-video-preview:-1"},"canonical":"https:\/\/www.monterosaportugal.com\/pt-pt\/informacoes-praticas\/chegada-e-partida\/","og_locale":"pt_PT","og_type":"article","og_title":"Chegada e Partida e Outros Assuntos Pr\u00e1ticos - Monte Rosa Portugal","og_description":"No dia da sua chegada pode entrar no seu quarto a partir das 14h00. Caso chegar mais cedo tentaremos deixar o seu quarto pronto o quarto antes, e se poss\u00edvel.","og_url":"https:\/\/www.monterosaportugal.com\/pt-pt\/informacoes-praticas\/chegada-e-partida\/","og_site_name":"Monte Rosa Portugal","article_modified_time":"2025-07-02T11:18:36+00:00","twitter_card":"summary_large_image","twitter_misc":{"Tempo estimado de leitura":"6 minutos"},"schema":{"@context":"https:\/\/schema.org","@graph":[{"@type":"WebPage","@id":"https:\/\/www.monterosaportugal.com\/pt-pt\/informacoes-praticas\/chegada-e-partida\/","url":"https:\/\/www.monterosaportugal.com\/pt-pt\/informacoes-praticas\/chegada-e-partida\/","name":"Chegada e Partida e Outros Assuntos Pr\u00e1ticos - Monte Rosa Portugal","isPartOf":{"@id":"https:\/\/www.monterosaportugal.com\/pt-pt\/#website"},"datePublished":"2020-04-23T12:27:39+00:00","dateModified":"2025-07-02T11:18:36+00:00","description":"No dia da sua chegada pode entrar no seu quarto a partir das 14h00. Caso chegar mais cedo tentaremos deixar o seu quarto pronto o quarto antes, e se poss\u00edvel.","breadcrumb":{"@id":"https:\/\/www.monterosaportugal.com\/pt-pt\/informacoes-praticas\/chegada-e-partida\/#breadcrumb"},"inLanguage":"pt-PT","potentialAction":[{"@type":"ReadAction","target":["https:\/\/www.monterosaportugal.com\/pt-pt\/informacoes-praticas\/chegada-e-partida\/"]}]},{"@type":"BreadcrumbList","@id":"https:\/\/www.monterosaportugal.com\/pt-pt\/informacoes-praticas\/chegada-e-partida\/#breadcrumb","itemListElement":[{"@type":"ListItem","position":1,"name":"Home","item":"https:\/\/www.monterosaportugal.com\/pt-pt\/"},{"@type":"ListItem","position":2,"name":"Informa\u00e7\u00f5es Pr\u00e1ticas","item":"https:\/\/www.monterosaportugal.com\/pt-pt\/informacoes-praticas\/"},{"@type":"ListItem","position":3,"name":"Chegada e partida"}]},{"@type":"WebSite","@id":"https:\/\/www.monterosaportugal.com\/pt-pt\/#website","url":"https:\/\/www.monterosaportugal.com\/pt-pt\/","name":"Monte Rosa Portugal","description":"Landelijk gelegen gastenaccommodatie met cursusruimte in Portugal","potentialAction":[{"@type":"SearchAction","target":{"@type":"EntryPoint","urlTemplate":"https:\/\/www.monterosaportugal.com\/pt-pt\/?s={search_term_string}"},"query-input":{"@type":"PropertyValueSpecification","valueRequired":true,"valueName":"search_term_string"}}],"inLanguage":"pt-PT"}]}},"jetpack_sharing_enabled":true,"jetpack-related-posts":[],"_links":{"self":[{"href":"https:\/\/www.monterosaportugal.com\/pt-pt\/wp-json\/wp\/v2\/pages\/6105","targetHints":{"allow":["GET"]}}],"collection":[{"href":"https:\/\/www.monterosaportugal.com\/pt-pt\/wp-json\/wp\/v2\/pages"}],"about":[{"href":"https:\/\/www.monterosaportugal.com\/pt-pt\/wp-json\/wp\/v2\/types\/page"}],"author":[{"embeddable":true,"href":"https:\/\/www.monterosaportugal.com\/pt-pt\/wp-json\/wp\/v2\/users\/1"}],"replies":[{"embeddable":true,"href":"https:\/\/www.monterosaportugal.com\/pt-pt\/wp-json\/wp\/v2\/comments?post=6105"}],"version-history":[{"count":0,"href":"https:\/\/www.monterosaportugal.com\/pt-pt\/wp-json\/wp\/v2\/pages\/6105\/revisions"}],"up":[{"embeddable":true,"href":"https:\/\/www.monterosaportugal.com\/pt-pt\/wp-json\/wp\/v2\/pages\/5132"}],"wp:attachment":[{"href":"https:\/\/www.monterosaportugal.com\/pt-pt\/wp-json\/wp\/v2\/media?parent=6105"}],"curies":[{"name":"wp","href":"https:\/\/api.w.org\/{rel}","templated":true}]}}