{"id":5132,"date":"2019-11-23T11:46:52","date_gmt":"2019-11-23T11:46:52","guid":{"rendered":"https:\/\/www.monterosaportugal.com\/informacoes-praticas\/"},"modified":"2025-11-06T10:37:14","modified_gmt":"2025-11-06T10:37:14","slug":"informacoes-praticas","status":"publish","type":"page","link":"https:\/\/www.monterosaportugal.com\/pt-pt\/informacoes-praticas\/","title":{"rendered":"Informa\u00e7\u00f5es Pr\u00e1ticas"},"content":{"rendered":"<p>[et_pb_section fb_built=&#8221;1&#8243; fullwidth=&#8221;on&#8221; _builder_version=&#8221;4.16&#8243; custom_padding=&#8221;0|0px|0|0px|false|false&#8221; global_colors_info=&#8221;{}&#8221;][et_pb_fullwidth_image src=&#8221;https:\/\/www.monterosaportugal.com\/wp-content\/uploads\/2019\/01\/olijvenbreed.jpg&#8221; _builder_version=&#8221;4.16&#8243; global_colors_info=&#8221;{}&#8221;][\/et_pb_fullwidth_image][\/et_pb_section][et_pb_section fb_built=&#8221;1&#8243; module_class=&#8221;mr-s-title&#8221; _builder_version=&#8221;4.16&#8243; z_index_tablet=&#8221;500&#8243; global_colors_info=&#8221;{}&#8221;][et_pb_row module_class=&#8221;mr-title&#8221; _builder_version=&#8221;4.16&#8243; z_index_tablet=&#8221;500&#8243; global_colors_info=&#8221;{}&#8221;][et_pb_column type=&#8221;4_4&#8243; _builder_version=&#8221;4.16&#8243; custom_padding=&#8221;|||&#8221; global_colors_info=&#8221;{}&#8221; custom_padding__hover=&#8221;|||&#8221;][et_pb_text admin_label=&#8221;Title&#8221; module_class=&#8221;mr-title&#8221; _builder_version=&#8221;4.16&#8243; text_letter_spacing=&#8221;1px&#8221; z_index_tablet=&#8221;500&#8243; inline_fonts=&#8221;Merriweather&#8221; global_colors_info=&#8221;{}&#8221;]<\/p>\n<h1>Informa\u00e7\u00f5es Pr\u00e1ticas<\/h1>\n<p>[\/et_pb_text][et_pb_divider divider_position=&#8221;center&#8221; divider_weight=&#8221;3px&#8221; module_class=&#8221;mr-divider1&#8243; _builder_version=&#8221;4.16&#8243; max_width=&#8221;10%&#8221; module_alignment=&#8221;center&#8221; z_index_tablet=&#8221;500&#8243; global_colors_info=&#8221;{}&#8221;][\/et_pb_divider][et_pb_text admin_label=&#8221;Subtitle&#8221; module_class=&#8221;mr-title-desc&#8221; _builder_version=&#8221;4.16&#8243; text_letter_spacing=&#8221;1px&#8221; hover_enabled=&#8221;0&#8243; z_index_tablet=&#8221;500&#8243; inline_fonts=&#8221;Merriweather&#8221; global_colors_info=&#8221;{}&#8221; sticky_enabled=&#8221;0&#8243;][\/et_pb_text][\/et_pb_column][\/et_pb_row][\/et_pb_section][et_pb_section fb_built=&#8221;1&#8243; module_class=&#8221;mr-s-content c1&#8243; _builder_version=&#8221;4.16&#8243; background_position=&#8221;top_center&#8221; z_index_tablet=&#8221;500&#8243; global_colors_info=&#8221;{}&#8221;][et_pb_row module_class=&#8221;blurb-wrapper pi&#8221; _builder_version=&#8221;4.16&#8243; width_phone=&#8221;50px&#8221; max_width_phone=&#8221;1280px&#8221; custom_margin=&#8221;||60px|&#8221; z_index_tablet=&#8221;500&#8243; global_colors_info=&#8221;{}&#8221;][et_pb_column type=&#8221;4_4&#8243; _builder_version=&#8221;4.16&#8243; custom_padding=&#8221;|||&#8221; global_colors_info=&#8221;{}&#8221; custom_padding__hover=&#8221;|||&#8221;][et_pb_blurb title=&#8221;Em Geral&#8221; url=&#8221;https:\/\/www.monterosaportugal.com\/pt-pt\/informacoes-praticas\/chegada-e-partida\/&#8221; image=&#8221;https:\/\/www.monterosaportugal.com\/wp-content\/uploads\/2019\/01\/Algemeen.jpg&#8221; _builder_version=&#8221;4.27.4&#8243; header_level=&#8221;h3&#8243; header_font=&#8221;Merriweather|700|||||||&#8221; header_letter_spacing=&#8221;2px&#8221; body_font=&#8221;Merriweather||||||||&#8221; body_text_align=&#8221;center&#8221; text_orientation=&#8221;center&#8221; custom_margin=&#8221;|||0px&#8221; animation=&#8221;off&#8221; link_option_url=&#8221;https:\/\/www.monterosaportugal.com\/pt-pt\/informacoes-praticas\/chegada-e-partida\/&#8221; hover_enabled=&#8221;0&#8243; z_index_tablet=&#8221;500&#8243; border_radii=&#8221;on|3px|3px|3px|3px&#8221; border_color_all=&#8221;#002d8e&#8221; global_colors_info=&#8221;{}&#8221; sticky_enabled=&#8221;0&#8243;]<\/p>\n<p>Informa\u00e7\u00f5es pr\u00e1ticas sobre, por exemplo, check-in\/out, refei\u00e7\u00f5es, limpeza e cuidados infantis. <span style=\"color: #000080; font-size: medium;\"><strong>\u00bb<\/strong><\/span><\/p>\n<p>[\/et_pb_blurb][et_pb_blurb title=&#8221;Acessibilidade&#8221; url=&#8221;https:\/\/www.monterosaportugal.com\/pt-pt\/informacoes-praticas\/como-chegar\/&#8221; image=&#8221;https:\/\/www.monterosaportugal.com\/wp-content\/uploads\/2019\/01\/Transavia.jpg&#8221; _builder_version=&#8221;4.16&#8243; header_level=&#8221;h3&#8243; header_font=&#8221;Merriweather|700|||||||&#8221; header_letter_spacing=&#8221;2px&#8221; body_font=&#8221;Merriweather||||||||&#8221; body_text_align=&#8221;center&#8221; text_orientation=&#8221;center&#8221; animation=&#8221;off&#8221; link_option_url=&#8221;https:\/\/www.monterosaportugal.com\/pt-pt\/informacoes-praticas\/como-chegar\/&#8221; z_index_tablet=&#8221;500&#8243; global_colors_info=&#8221;{}&#8221;]<\/p>\n<p>Tudo sobre como chegar e sair do Monte Rosa; Voos, transporte (aluguer) de carro e transporte p\u00fablico. <span style=\"color: #000080; font-size: medium;\"><strong>\u00bb<\/strong><\/span><\/p>\n<p>[\/et_pb_blurb][et_pb_blurb title=&#8221;FAQ&#8217;s&#8221; url=&#8221;https:\/\/www.monterosaportugal.com\/pt-pt\/informacoes-praticas\/faqs\/&#8221; image=&#8221;https:\/\/www.monterosaportugal.com\/wp-content\/uploads\/2019\/01\/LINKS.jpg&#8221; _builder_version=&#8221;4.16&#8243; header_level=&#8221;h3&#8243; header_font=&#8221;Merriweather|700|||||||&#8221; header_letter_spacing=&#8221;2px&#8221; body_font=&#8221;Merriweather||||||||&#8221; body_text_align=&#8221;center&#8221; text_orientation=&#8221;center&#8221; animation=&#8221;off&#8221; link_option_url=&#8221;https:\/\/www.monterosaportugal.com\/pt-pt\/informacoes-praticas\/faqs\/&#8221; z_index_tablet=&#8221;500&#8243; global_colors_info=&#8221;{}&#8221;]<\/p>\n<p>Perguntas sobre a sua estadia no Monte Rosa? Por favor, verifique as perguntas frequentes ou entre em contato conosco. <span style=\"color: #000080; font-size: medium;\"><strong>\u00bb<\/strong><\/span><\/p>\n<p>[\/et_pb_blurb][et_pb_blurb title=&#8221;Links&#8221; url=&#8221;https:\/\/www.monterosaportugal.com\/pt-pt\/informacoes-praticas\/links\/&#8221; image=&#8221;https:\/\/www.monterosaportugal.com\/wp-content\/uploads\/2019\/01\/FAQ.jpg&#8221; _builder_version=&#8221;4.16&#8243; header_level=&#8221;h3&#8243; header_font=&#8221;Merriweather|700|||||||&#8221; header_letter_spacing=&#8221;2px&#8221; body_font=&#8221;Merriweather||||||||&#8221; body_text_align=&#8221;center&#8221; text_orientation=&#8221;center&#8221; animation=&#8221;off&#8221; link_option_url=&#8221;https:\/\/www.monterosaportugal.com\/pt-pt\/informacoes-praticas\/links\/&#8221; z_index_tablet=&#8221;500&#8243; global_colors_info=&#8221;{}&#8221;]<\/p>\n<p><span>Uma vis\u00e3o geral muito \u00fatil sobre os nossos parceiros locais e as nossas recomenda\u00e7\u00f5es e dicas. <span style=\"color: #000080; font-size: medium;\"><strong>\u00bb<\/strong><\/span><\/span><\/p>\n<p>[\/et_pb_blurb][\/et_pb_column][\/et_pb_row][\/et_pb_section]<\/p>\n","protected":false},"excerpt":{"rendered":"<p>Informa\u00e7\u00f5es Pr\u00e1ticas Informa\u00e7\u00f5es pr\u00e1ticas sobre, por exemplo, check-in\/out, refei\u00e7\u00f5es, limpeza e cuidados infantis. \u00bbTudo sobre como chegar e sair do Monte Rosa; Voos, transporte (aluguer) de carro e transporte p\u00fablico. \u00bb Perguntas sobre a sua estadia no Monte Rosa? Por favor, verifique as perguntas frequentes ou entre em contato conosco. \u00bb Uma vis\u00e3o geral muito [&hellip;]<\/p>\n","protected":false},"author":1,"featured_media":0,"parent":0,"menu_order":0,"comment_status":"closed","ping_status":"closed","template":"","meta":{"_et_pb_use_builder":"on","_et_pb_old_content":"","_et_gb_content_width":"","ngg_post_thumbnail":0,"footnotes":""},"class_list":["post-5132","page","type-page","status-publish","hentry"],"yoast_head":"<!-- This site is optimized with the Yoast SEO plugin v27.6 - https:\/\/yoast.com\/product\/yoast-seo-wordpress\/ -->\n<title>Informa\u00e7\u00f5es Pr\u00e1ticas sobre a sua Estadia no Algarve Monte Rosa Portugal -<\/title>\n<meta name=\"description\" content=\"Informa\u00e7\u00f5es pr\u00e1ticas sobre, por exemplo, check-in\/out, refei\u00e7\u00f5es di\u00e1rias, limpeza, cuidados infantis e como chegar ao Monte Rosa.\" \/>\n<meta name=\"robots\" content=\"index, follow, max-snippet:-1, max-image-preview:large, max-video-preview:-1\" \/>\n<link rel=\"canonical\" href=\"https:\/\/www.monterosaportugal.com\/pt-pt\/informacoes-praticas\/\" \/>\n<meta property=\"og:locale\" content=\"pt_PT\" \/>\n<meta property=\"og:type\" content=\"article\" \/>\n<meta property=\"og:title\" content=\"Informa\u00e7\u00f5es Pr\u00e1ticas sobre a sua Estadia no Algarve Monte Rosa Portugal -\" \/>\n<meta property=\"og:description\" content=\"Informa\u00e7\u00f5es pr\u00e1ticas sobre, por exemplo, check-in\/out, refei\u00e7\u00f5es di\u00e1rias, limpeza, cuidados infantis e como chegar ao Monte Rosa.\" \/>\n<meta property=\"og:url\" content=\"https:\/\/www.monterosaportugal.com\/pt-pt\/informacoes-praticas\/\" \/>\n<meta property=\"og:site_name\" content=\"Monte Rosa Portugal\" \/>\n<meta property=\"article:modified_time\" content=\"2025-11-06T10:37:14+00:00\" \/>\n<meta name=\"twitter:card\" content=\"summary_large_image\" \/>\n<meta name=\"twitter:label1\" content=\"Tempo estimado de leitura\" \/>\n\t<meta name=\"twitter:data1\" content=\"2 minutos\" \/>\n<script type=\"application\/ld+json\" class=\"yoast-schema-graph\">{\"@context\":\"https:\\\/\\\/schema.org\",\"@graph\":[{\"@type\":\"WebPage\",\"@id\":\"https:\\\/\\\/www.monterosaportugal.com\\\/pt-pt\\\/informacoes-praticas\\\/\",\"url\":\"https:\\\/\\\/www.monterosaportugal.com\\\/pt-pt\\\/informacoes-praticas\\\/\",\"name\":\"Informa\u00e7\u00f5es Pr\u00e1ticas sobre a sua Estadia no Algarve Monte Rosa Portugal -\",\"isPartOf\":{\"@id\":\"https:\\\/\\\/www.monterosaportugal.com\\\/pt-pt\\\/#website\"},\"datePublished\":\"2019-11-23T11:46:52+00:00\",\"dateModified\":\"2025-11-06T10:37:14+00:00\",\"description\":\"Informa\u00e7\u00f5es pr\u00e1ticas sobre, por exemplo, check-in\\\/out, refei\u00e7\u00f5es di\u00e1rias, limpeza, cuidados infantis e como chegar ao Monte Rosa.\",\"breadcrumb\":{\"@id\":\"https:\\\/\\\/www.monterosaportugal.com\\\/pt-pt\\\/informacoes-praticas\\\/#breadcrumb\"},\"inLanguage\":\"pt-PT\",\"potentialAction\":[{\"@type\":\"ReadAction\",\"target\":[\"https:\\\/\\\/www.monterosaportugal.com\\\/pt-pt\\\/informacoes-praticas\\\/\"]}]},{\"@type\":\"BreadcrumbList\",\"@id\":\"https:\\\/\\\/www.monterosaportugal.com\\\/pt-pt\\\/informacoes-praticas\\\/#breadcrumb\",\"itemListElement\":[{\"@type\":\"ListItem\",\"position\":1,\"name\":\"Home\",\"item\":\"https:\\\/\\\/www.monterosaportugal.com\\\/pt-pt\\\/\"},{\"@type\":\"ListItem\",\"position\":2,\"name\":\"Informa\u00e7\u00f5es Pr\u00e1ticas\"}]},{\"@type\":\"WebSite\",\"@id\":\"https:\\\/\\\/www.monterosaportugal.com\\\/pt-pt\\\/#website\",\"url\":\"https:\\\/\\\/www.monterosaportugal.com\\\/pt-pt\\\/\",\"name\":\"Monte Rosa Portugal\",\"description\":\"Landelijk gelegen gastenaccommodatie met cursusruimte in Portugal\",\"potentialAction\":[{\"@type\":\"SearchAction\",\"target\":{\"@type\":\"EntryPoint\",\"urlTemplate\":\"https:\\\/\\\/www.monterosaportugal.com\\\/pt-pt\\\/?s={search_term_string}\"},\"query-input\":{\"@type\":\"PropertyValueSpecification\",\"valueRequired\":true,\"valueName\":\"search_term_string\"}}],\"inLanguage\":\"pt-PT\"}]}<\/script>\n<!-- \/ Yoast SEO plugin. -->","yoast_head_json":{"title":"Informa\u00e7\u00f5es Pr\u00e1ticas sobre a sua Estadia no Algarve Monte Rosa Portugal -","description":"Informa\u00e7\u00f5es pr\u00e1ticas sobre, por exemplo, check-in\/out, refei\u00e7\u00f5es di\u00e1rias, limpeza, cuidados infantis e como chegar ao Monte Rosa.","robots":{"index":"index","follow":"follow","max-snippet":"max-snippet:-1","max-image-preview":"max-image-preview:large","max-video-preview":"max-video-preview:-1"},"canonical":"https:\/\/www.monterosaportugal.com\/pt-pt\/informacoes-praticas\/","og_locale":"pt_PT","og_type":"article","og_title":"Informa\u00e7\u00f5es Pr\u00e1ticas sobre a sua Estadia no Algarve Monte Rosa Portugal -","og_description":"Informa\u00e7\u00f5es pr\u00e1ticas sobre, por exemplo, check-in\/out, refei\u00e7\u00f5es di\u00e1rias, limpeza, cuidados infantis e como chegar ao Monte Rosa.","og_url":"https:\/\/www.monterosaportugal.com\/pt-pt\/informacoes-praticas\/","og_site_name":"Monte Rosa Portugal","article_modified_time":"2025-11-06T10:37:14+00:00","twitter_card":"summary_large_image","twitter_misc":{"Tempo estimado de leitura":"2 minutos"},"schema":{"@context":"https:\/\/schema.org","@graph":[{"@type":"WebPage","@id":"https:\/\/www.monterosaportugal.com\/pt-pt\/informacoes-praticas\/","url":"https:\/\/www.monterosaportugal.com\/pt-pt\/informacoes-praticas\/","name":"Informa\u00e7\u00f5es Pr\u00e1ticas sobre a sua Estadia no Algarve Monte Rosa Portugal -","isPartOf":{"@id":"https:\/\/www.monterosaportugal.com\/pt-pt\/#website"},"datePublished":"2019-11-23T11:46:52+00:00","dateModified":"2025-11-06T10:37:14+00:00","description":"Informa\u00e7\u00f5es pr\u00e1ticas sobre, por exemplo, check-in\/out, refei\u00e7\u00f5es di\u00e1rias, limpeza, cuidados infantis e como chegar ao Monte Rosa.","breadcrumb":{"@id":"https:\/\/www.monterosaportugal.com\/pt-pt\/informacoes-praticas\/#breadcrumb"},"inLanguage":"pt-PT","potentialAction":[{"@type":"ReadAction","target":["https:\/\/www.monterosaportugal.com\/pt-pt\/informacoes-praticas\/"]}]},{"@type":"BreadcrumbList","@id":"https:\/\/www.monterosaportugal.com\/pt-pt\/informacoes-praticas\/#breadcrumb","itemListElement":[{"@type":"ListItem","position":1,"name":"Home","item":"https:\/\/www.monterosaportugal.com\/pt-pt\/"},{"@type":"ListItem","position":2,"name":"Informa\u00e7\u00f5es Pr\u00e1ticas"}]},{"@type":"WebSite","@id":"https:\/\/www.monterosaportugal.com\/pt-pt\/#website","url":"https:\/\/www.monterosaportugal.com\/pt-pt\/","name":"Monte Rosa Portugal","description":"Landelijk gelegen gastenaccommodatie met cursusruimte in Portugal","potentialAction":[{"@type":"SearchAction","target":{"@type":"EntryPoint","urlTemplate":"https:\/\/www.monterosaportugal.com\/pt-pt\/?s={search_term_string}"},"query-input":{"@type":"PropertyValueSpecification","valueRequired":true,"valueName":"search_term_string"}}],"inLanguage":"pt-PT"}]}},"jetpack_sharing_enabled":true,"jetpack-related-posts":[],"_links":{"self":[{"href":"https:\/\/www.monterosaportugal.com\/pt-pt\/wp-json\/wp\/v2\/pages\/5132","targetHints":{"allow":["GET"]}}],"collection":[{"href":"https:\/\/www.monterosaportugal.com\/pt-pt\/wp-json\/wp\/v2\/pages"}],"about":[{"href":"https:\/\/www.monterosaportugal.com\/pt-pt\/wp-json\/wp\/v2\/types\/page"}],"author":[{"embeddable":true,"href":"https:\/\/www.monterosaportugal.com\/pt-pt\/wp-json\/wp\/v2\/users\/1"}],"replies":[{"embeddable":true,"href":"https:\/\/www.monterosaportugal.com\/pt-pt\/wp-json\/wp\/v2\/comments?post=5132"}],"version-history":[{"count":0,"href":"https:\/\/www.monterosaportugal.com\/pt-pt\/wp-json\/wp\/v2\/pages\/5132\/revisions"}],"wp:attachment":[{"href":"https:\/\/www.monterosaportugal.com\/pt-pt\/wp-json\/wp\/v2\/media?parent=5132"}],"curies":[{"name":"wp","href":"https:\/\/api.w.org\/{rel}","templated":true}]}}