{"id":5067,"date":"2019-11-15T14:43:26","date_gmt":"2019-11-15T14:43:26","guid":{"rendered":"https:\/\/www.monterosaportugal.com\/atividades\/ciclismo\/"},"modified":"2022-12-02T09:16:28","modified_gmt":"2022-12-02T09:16:28","slug":"ciclismo","status":"publish","type":"page","link":"https:\/\/www.monterosaportugal.com\/pt-pt\/atividades\/ciclismo\/","title":{"rendered":"Ciclismo"},"content":{"rendered":"<p>[et_pb_section fb_built=&#8221;1&#8243; fullwidth=&#8221;on&#8221; _builder_version=&#8221;4.16&#8243; custom_padding=&#8221;0|0px|0|0px|false|false&#8221; global_colors_info=&#8221;{}&#8221;][et_pb_fullwidth_image src=&#8221;https:\/\/www.monterosaportugal.com\/wp-content\/uploads\/2019\/11\/FietsenBreednew.jpg&#8221; _builder_version=&#8221;4.16&#8243; global_colors_info=&#8221;{}&#8221;][\/et_pb_fullwidth_image][\/et_pb_section][et_pb_section fb_built=&#8221;1&#8243; module_class=&#8221;mr-s-title c1&#8243; _builder_version=&#8221;4.16&#8243; z_index_tablet=&#8221;500&#8243; global_colors_info=&#8221;{}&#8221;][et_pb_row module_class=&#8221;mr-s-title&#8221; _builder_version=&#8221;4.16&#8243; z_index_tablet=&#8221;500&#8243; global_colors_info=&#8221;{}&#8221;][et_pb_column type=&#8221;4_4&#8243; _builder_version=&#8221;4.16&#8243; custom_padding=&#8221;|||&#8221; global_colors_info=&#8221;{}&#8221; custom_padding__hover=&#8221;|||&#8221;][et_pb_text admin_label=&#8221;Title&#8221; module_class=&#8221;mr-title&#8221; _builder_version=&#8221;4.16&#8243; text_letter_spacing=&#8221;1px&#8221; z_index_tablet=&#8221;500&#8243; inline_fonts=&#8221;Merriweather&#8221; global_colors_info=&#8221;{}&#8221;]<\/p>\n<h1>Ciclismo<\/h1>\n<p>[\/et_pb_text][et_pb_divider divider_position=&#8221;center&#8221; divider_weight=&#8221;3px&#8221; module_class=&#8221;mr-divider2&#8243; _builder_version=&#8221;4.16&#8243; max_width=&#8221;10%&#8221; module_alignment=&#8221;center&#8221; height=&#8221;0px&#8221; z_index_tablet=&#8221;500&#8243; global_colors_info=&#8221;{}&#8221;][\/et_pb_divider][et_pb_text admin_label=&#8221;Subtitle&#8221; module_class=&#8221;mr-title-desc&#8221; _builder_version=&#8221;4.16&#8243; text_font=&#8221;Merriweather||||||||&#8221; text_text_color=&#8221;#0a0000&#8243; header_font=&#8221;Merriweather||||||||&#8221; text_orientation=&#8221;center&#8221; z_index_tablet=&#8221;500&#8243; global_colors_info=&#8221;{}&#8221;]<\/p>\n<p>Nas proximidades de Monte Rosa esitem lindas rotas de ciclismo, tanto em estradas pavimentadas, bem como em trilhas n\u00e3o pavimentadas mais para o interior. Para os ciclistas mais treinados estes passeios s\u00e3o maravilhosos. Em m\u00e9dia, as colinas s\u00e3o cerca de 300 a 400 metros de altura e geralmente curtos, portanto \u00f3timas para &#8220;subidas&#8221;.&nbsp;Nas estradas pavimentadas, que s\u00e3o razoavelmente bem conservadas, pode usar o trekking ou uma mountain bike. Andar pelas trilhas de terra obviamente n\u00e3o \u00e9 poss\u00edvel sem uma mountain bike.<\/p>\n<p>[\/et_pb_text][\/et_pb_column][\/et_pb_row][\/et_pb_section][et_pb_section fb_built=&#8221;1&#8243; module_class=&#8221;mr-s-content c1&#8243; _builder_version=&#8221;4.16&#8243; z_index_tablet=&#8221;500&#8243; global_colors_info=&#8221;{}&#8221;][et_pb_row module_class=&#8221;fietsen-prsn&#8221; _builder_version=&#8221;4.16&#8243; z_index_tablet=&#8221;500&#8243; custom_width_px=&#8221;827px&#8221; global_colors_info=&#8221;{}&#8221;][et_pb_column type=&#8221;4_4&#8243; _builder_version=&#8221;4.16&#8243; custom_padding=&#8221;|||&#8221; global_colors_info=&#8221;{}&#8221; custom_padding__hover=&#8221;|||&#8221;][et_pb_team_member name=&#8221;Alugue uma bicicleta no Monte Rosa&#8221; image_url=&#8221;https:\/\/www.monterosaportugal.com\/wp-content\/uploads\/2019\/01\/Fiets.jpg&#8221; _builder_version=&#8221;4.16&#8243; header_font_size=&#8221;26px&#8221; custom_margin=&#8221;||60px|&#8221; z_index_tablet=&#8221;500&#8243; global_colors_info=&#8221;{}&#8221;]<\/p>\n<p>As bicicletas podem ser alugadas em Monte Rosa. Temos mountain bikes e bicicletas de trekking dispon\u00edveis (a partir de \u20ac 12,50 por dia), permitindo que fa\u00e7a passeios muito agrad\u00e1veis na \u00e1rea.<span>Para ciclistas sem muita experi\u00eancia, o Monte Rosa oferece uma s\u00e9rie de rotas f\u00e1ceis. Estamos felizes em aconselhar e ajud\u00e1-lo! Muitas rotas de caminhada no s\u00e3o dequadas para passeios de mountain bike. A Via Algarviana (GR13), por exemplo, que atravessa todo o Algarve de leste a oeste, \u00e9 uma grande pista de ciclismo. <\/span><span><\/span><\/p>\n<p><span style=\"font-family: Merriweather; font-weight: normal; font-size: small;\"><span><\/span><\/span><\/p>\n<p>[\/et_pb_team_member][et_pb_team_member name=&#8221;Ciclismo em Portugal&#8221; image_url=&#8221;https:\/\/www.monterosaportugal.com\/wp-content\/uploads\/2019\/11\/FietsenInPortugal.jpg&#8221; _builder_version=&#8221;4.16&#8243; header_font_size=&#8221;26px&#8221; custom_margin=&#8221;||60px|&#8221; z_index_tablet=&#8221;500&#8243; global_colors_info=&#8221;{}&#8221;]<\/p>\n<p><span>Em Portugal, cada vez mais pessoas gostam de andar de bicicleta! Para o ciclista de estrada, as estradas secund\u00e1rias s\u00e3o a melhor escolha, as principais s\u00e3o muitas vezes muito movimentadas e as &#8220;ciclovias&#8221; podem ser bastante estreitas. As estradas s\u00e3o principalmente inclinadas, muitas vezes cercadas por campos de vinhas, florestas ou terras agr\u00edcolas. A sinaliza\u00e7\u00e3o \u00e9 boa e vai se deparar com pequenas aldeias tradicionais. Os ciclistas podem desfrutar das muitas rotas nas proximidades de Monte Rosa, por exemplo, na Mata Nacional &#8211; o parque natural atr\u00e1s do Bar\u00e3o de S\u00e3o Jo\u00e3o.<\/span><\/p>\n<p>[\/et_pb_team_member][et_pb_team_member name=&#8221;Pacote com Ciclismo Monte Rosa&#8221; image_url=&#8221;https:\/\/www.monterosaportugal.com\/wp-content\/uploads\/2019\/01\/fietsers-bij-Marmelete.jpg&#8221; _builder_version=&#8221;4.16&#8243; header_font_size=&#8221;26px&#8221; custom_margin=&#8221;||60px|&#8221; z_index_tablet=&#8221;500&#8243; global_colors_info=&#8221;{}&#8221;]<\/p>\n<p>Est\u00e1 a planear vir para o Monte Rosa para uma semana de ciclismo? Ent\u00e3o pode estar interessado nos nossos pacotes de ciclismo. Oferecemos um <span>programa variado, com passeios de bicicleta (30 a 60 km) ao longo da costa e interior. Percorrer\u00e1 as aldeias da Praia da Luz, Burgau, Pincho e a cidade hist\u00f3rica de Lagos. Fazer uma viagem ao reservat\u00f3rio da &#8216;Barragem da Bravura&#8217; vale muito a pena. Tamb\u00e9m desfrutar\u00e1 dos nossos pequenos-almo\u00e7os deliciosos e jantares. Tamb\u00e9m poss\u00edvel por E-Bike! <a href=\"https:\/\/www.monterosaportugal.com\/pt-pt\/monte-rosa\/ofertas-e-pacotes\/\">Mais informa\u00e7\u00f5es sobre os nossos pacotes de ciclismo \u00bb<\/a><\/span><\/p>\n<p><span style=\"font-family: Merriweather; font-weight: normal; font-size: small;\"><span><\/span><\/span><\/p>\n<p>[\/et_pb_team_member][et_pb_team_member name=&#8221;Descubra o Algarve de E-bike&#8221; image_url=&#8221;https:\/\/www.monterosaportugal.com\/wp-content\/uploads\/2019\/01\/Ebike.jpg&#8221; _builder_version=&#8221;4.19.0&#8243; header_font_size=&#8221;26px&#8221; custom_margin=&#8221;||60px|&#8221; hover_enabled=&#8221;0&#8243; z_index_tablet=&#8221;500&#8243; global_colors_info=&#8221;{}&#8221; sticky_enabled=&#8221;0&#8243;]<\/p>\n<p>Gostaria de explorar o Algarve de bicicleta, mas a paisagem montanhosa est\u00e1 a assust\u00e1-lo? Ent\u00e3o o E-bike \u00e9 para si. Uma alternativa relaxante para uma bicicleta regular. O Monte Rosa trabalha com uma empresa local que aluga E-bikes de boa qualidade. Com uma bateria cheia pode pedalar cerca de 60 quil\u00f4metros. E ao usar o carregador, pode facilmente recarregar a E-bike durante uma pausa para o almo\u00e7o.<br \/>Pre\u00e7o a partir de \u20ac 22 por dia. Mais informa\u00e7\u00f5es: <a href=\"https:\/\/coastsupply.co\/\" target=\"_blank\" rel=\"noopener\">Coast Supply<\/a><\/p>\n<p>[\/et_pb_team_member][et_pb_team_member name=&#8221;Passeios de E-Mountain Bike&#8221; image_url=&#8221;https:\/\/www.monterosaportugal.com\/wp-content\/uploads\/2019\/06\/AndreasFiets.jpg&#8221; _builder_version=&#8221;4.16&#8243; header_font_size=&#8221;26px&#8221; custom_margin=&#8221;||60px|&#8221; z_index_tablet=&#8221;500&#8243; global_colors_info=&#8221;{}&#8221;]<\/p>\n<p>Um novo percurso ao longo da Costa Vicentina. Andreas, fundador do The Nature Movement, convida-o para um dia especial a andar de E-mountain bike Explora as trilhas intocadas ao longo da costa oeste do Algarve enquanto que aprecia a beleza dos arredores. Exstem v\u00e1rias trilhas, incluindo um &#8216;Wildlife Trail&#8217;, uma &#8220;Trilha da Expedi\u00e7\u00e3o Cultural&#8221; e um &#8220;Mindfulness &amp; Meditative Tour&#8221;. Esta empresa oferece E-mountain bikes de alta qualidade e passeios para ciclistas de todos os n\u00edveis.<br \/> Pre\u00e7o a partir de \u20ac 55. Mais informa\u00e7\u00f5es: <a href=\"https:\/\/naturemovement-ebiketours.com\/\" target=\"_blank\" rel=\"noopener noreferrer\">The Nature Movement<\/a><\/p>\n<p>[\/et_pb_team_member][et_pb_team_member name=&#8221;Downhill com Mountain Bike&#8221; image_url=&#8221;https:\/\/www.monterosaportugal.com\/wp-content\/uploads\/2019\/01\/OutdoorTours.jpg&#8221; _builder_version=&#8221;4.16&#8243; header_font_size=&#8221;26px&#8221; custom_margin=&#8221;||60px|&#8221; z_index_tablet=&#8221;500&#8243; global_colors_info=&#8221;{}&#8221;]<\/p>\n<p><span>Est\u00e1 \u00e0 procura de uma aventura? Reserve um Passeio de Bicicleta em Downhill. ir\u00e1 descer numa mountain bike das montanhas Monchique, at\u00e9 a costa. Durante a viagem, ir\u00e1 apreciar a maravilhosa paisagem, enquanto pedala em estradas sosegadas. Todas as bicicletas est\u00e3o equipadas com trav\u00f5es hidr\u00e1ulicos seguros e acentos de gel confort\u00e1veis. Durante as pausas \u00e9 oferecido \u00e1gua e um lanches. O passeio de Downhill tamb\u00e9m pode ser combinado com uma viagem de caiaque.<br \/> Pre\u00e7o a partir de \u20ac 55. Mais informa\u00e7\u00f5es: <a href=\"https:\/\/www.outdoor-tours.com\/algarve-activities\/cycling-monchique\/downhill-cycling-trip\/\" target=\"_blank\" rel=\"noopener noreferrer\">Outdoor Tours<\/a><\/span><\/p>\n<p><span><\/span><\/p>\n<p>[\/et_pb_team_member][\/et_pb_column][\/et_pb_row][\/et_pb_section]<\/p>\n","protected":false},"excerpt":{"rendered":"<p>Ciclismo Nas proximidades de Monte Rosa esitem lindas rotas de ciclismo, tanto em estradas pavimentadas, bem como em trilhas n\u00e3o pavimentadas mais para o interior. Para os ciclistas mais treinados estes passeios s\u00e3o maravilhosos. Em m\u00e9dia, as colinas s\u00e3o cerca de 300 a 400 metros de altura e geralmente curtos, portanto \u00f3timas para &#8220;subidas&#8221;.&nbsp;Nas estradas [&hellip;]<\/p>\n","protected":false},"author":1,"featured_media":0,"parent":5051,"menu_order":0,"comment_status":"closed","ping_status":"closed","template":"","meta":{"_et_pb_use_builder":"on","_et_pb_old_content":"","_et_gb_content_width":"","ngg_post_thumbnail":0,"footnotes":""},"class_list":["post-5067","page","type-page","status-publish","hentry"],"yoast_head":"<!-- This site is optimized with the Yoast SEO plugin v27.5 - https:\/\/yoast.com\/product\/yoast-seo-wordpress\/ -->\n<title>Ciclismo no lindo Algarve Monte Rosa Portugal -<\/title>\n<meta name=\"description\" content=\"Nas proximidades do Monte Rosa exitem lindas rotas de ciclismo, tanto em estradas pavimentadas e trilhas n\u00e3o pavimentadas. \u00c9 maravilhoso fazer ciclismo no Algarve!\" \/>\n<meta name=\"robots\" content=\"index, follow, max-snippet:-1, max-image-preview:large, max-video-preview:-1\" \/>\n<link rel=\"canonical\" href=\"https:\/\/www.monterosaportugal.com\/pt-pt\/atividades\/ciclismo\/\" \/>\n<meta property=\"og:locale\" content=\"pt_PT\" \/>\n<meta property=\"og:type\" content=\"article\" \/>\n<meta property=\"og:title\" content=\"Ciclismo no lindo Algarve Monte Rosa Portugal -\" \/>\n<meta property=\"og:description\" content=\"Nas proximidades do Monte Rosa exitem lindas rotas de ciclismo, tanto em estradas pavimentadas e trilhas n\u00e3o pavimentadas. \u00c9 maravilhoso fazer ciclismo no Algarve!\" \/>\n<meta property=\"og:url\" content=\"https:\/\/www.monterosaportugal.com\/pt-pt\/atividades\/ciclismo\/\" \/>\n<meta property=\"og:site_name\" content=\"Monte Rosa Portugal\" \/>\n<meta property=\"article:modified_time\" content=\"2022-12-02T09:16:28+00:00\" \/>\n<meta name=\"twitter:card\" content=\"summary_large_image\" \/>\n<meta name=\"twitter:label1\" content=\"Tempo estimado de leitura\" \/>\n\t<meta name=\"twitter:data1\" content=\"6 minutos\" \/>\n<script type=\"application\/ld+json\" class=\"yoast-schema-graph\">{\"@context\":\"https:\\\/\\\/schema.org\",\"@graph\":[{\"@type\":\"WebPage\",\"@id\":\"https:\\\/\\\/www.monterosaportugal.com\\\/pt-pt\\\/atividades\\\/ciclismo\\\/\",\"url\":\"https:\\\/\\\/www.monterosaportugal.com\\\/pt-pt\\\/atividades\\\/ciclismo\\\/\",\"name\":\"Ciclismo no lindo Algarve Monte Rosa Portugal -\",\"isPartOf\":{\"@id\":\"https:\\\/\\\/www.monterosaportugal.com\\\/pt-pt\\\/#website\"},\"datePublished\":\"2019-11-15T14:43:26+00:00\",\"dateModified\":\"2022-12-02T09:16:28+00:00\",\"description\":\"Nas proximidades do Monte Rosa exitem lindas rotas de ciclismo, tanto em estradas pavimentadas e trilhas n\u00e3o pavimentadas. \u00c9 maravilhoso fazer ciclismo no Algarve!\",\"breadcrumb\":{\"@id\":\"https:\\\/\\\/www.monterosaportugal.com\\\/pt-pt\\\/atividades\\\/ciclismo\\\/#breadcrumb\"},\"inLanguage\":\"pt-PT\",\"potentialAction\":[{\"@type\":\"ReadAction\",\"target\":[\"https:\\\/\\\/www.monterosaportugal.com\\\/pt-pt\\\/atividades\\\/ciclismo\\\/\"]}]},{\"@type\":\"BreadcrumbList\",\"@id\":\"https:\\\/\\\/www.monterosaportugal.com\\\/pt-pt\\\/atividades\\\/ciclismo\\\/#breadcrumb\",\"itemListElement\":[{\"@type\":\"ListItem\",\"position\":1,\"name\":\"Home\",\"item\":\"https:\\\/\\\/www.monterosaportugal.com\\\/pt-pt\\\/\"},{\"@type\":\"ListItem\",\"position\":2,\"name\":\"Atividades\",\"item\":\"https:\\\/\\\/www.monterosaportugal.com\\\/pt-pt\\\/atividades\\\/\"},{\"@type\":\"ListItem\",\"position\":3,\"name\":\"Ciclismo\"}]},{\"@type\":\"WebSite\",\"@id\":\"https:\\\/\\\/www.monterosaportugal.com\\\/pt-pt\\\/#website\",\"url\":\"https:\\\/\\\/www.monterosaportugal.com\\\/pt-pt\\\/\",\"name\":\"Monte Rosa Portugal\",\"description\":\"Landelijk gelegen gastenaccommodatie met cursusruimte in Portugal\",\"potentialAction\":[{\"@type\":\"SearchAction\",\"target\":{\"@type\":\"EntryPoint\",\"urlTemplate\":\"https:\\\/\\\/www.monterosaportugal.com\\\/pt-pt\\\/?s={search_term_string}\"},\"query-input\":{\"@type\":\"PropertyValueSpecification\",\"valueRequired\":true,\"valueName\":\"search_term_string\"}}],\"inLanguage\":\"pt-PT\"}]}<\/script>\n<!-- \/ Yoast SEO plugin. -->","yoast_head_json":{"title":"Ciclismo no lindo Algarve Monte Rosa Portugal -","description":"Nas proximidades do Monte Rosa exitem lindas rotas de ciclismo, tanto em estradas pavimentadas e trilhas n\u00e3o pavimentadas. \u00c9 maravilhoso fazer ciclismo no Algarve!","robots":{"index":"index","follow":"follow","max-snippet":"max-snippet:-1","max-image-preview":"max-image-preview:large","max-video-preview":"max-video-preview:-1"},"canonical":"https:\/\/www.monterosaportugal.com\/pt-pt\/atividades\/ciclismo\/","og_locale":"pt_PT","og_type":"article","og_title":"Ciclismo no lindo Algarve Monte Rosa Portugal -","og_description":"Nas proximidades do Monte Rosa exitem lindas rotas de ciclismo, tanto em estradas pavimentadas e trilhas n\u00e3o pavimentadas. \u00c9 maravilhoso fazer ciclismo no Algarve!","og_url":"https:\/\/www.monterosaportugal.com\/pt-pt\/atividades\/ciclismo\/","og_site_name":"Monte Rosa Portugal","article_modified_time":"2022-12-02T09:16:28+00:00","twitter_card":"summary_large_image","twitter_misc":{"Tempo estimado de leitura":"6 minutos"},"schema":{"@context":"https:\/\/schema.org","@graph":[{"@type":"WebPage","@id":"https:\/\/www.monterosaportugal.com\/pt-pt\/atividades\/ciclismo\/","url":"https:\/\/www.monterosaportugal.com\/pt-pt\/atividades\/ciclismo\/","name":"Ciclismo no lindo Algarve Monte Rosa Portugal -","isPartOf":{"@id":"https:\/\/www.monterosaportugal.com\/pt-pt\/#website"},"datePublished":"2019-11-15T14:43:26+00:00","dateModified":"2022-12-02T09:16:28+00:00","description":"Nas proximidades do Monte Rosa exitem lindas rotas de ciclismo, tanto em estradas pavimentadas e trilhas n\u00e3o pavimentadas. \u00c9 maravilhoso fazer ciclismo no Algarve!","breadcrumb":{"@id":"https:\/\/www.monterosaportugal.com\/pt-pt\/atividades\/ciclismo\/#breadcrumb"},"inLanguage":"pt-PT","potentialAction":[{"@type":"ReadAction","target":["https:\/\/www.monterosaportugal.com\/pt-pt\/atividades\/ciclismo\/"]}]},{"@type":"BreadcrumbList","@id":"https:\/\/www.monterosaportugal.com\/pt-pt\/atividades\/ciclismo\/#breadcrumb","itemListElement":[{"@type":"ListItem","position":1,"name":"Home","item":"https:\/\/www.monterosaportugal.com\/pt-pt\/"},{"@type":"ListItem","position":2,"name":"Atividades","item":"https:\/\/www.monterosaportugal.com\/pt-pt\/atividades\/"},{"@type":"ListItem","position":3,"name":"Ciclismo"}]},{"@type":"WebSite","@id":"https:\/\/www.monterosaportugal.com\/pt-pt\/#website","url":"https:\/\/www.monterosaportugal.com\/pt-pt\/","name":"Monte Rosa Portugal","description":"Landelijk gelegen gastenaccommodatie met cursusruimte in Portugal","potentialAction":[{"@type":"SearchAction","target":{"@type":"EntryPoint","urlTemplate":"https:\/\/www.monterosaportugal.com\/pt-pt\/?s={search_term_string}"},"query-input":{"@type":"PropertyValueSpecification","valueRequired":true,"valueName":"search_term_string"}}],"inLanguage":"pt-PT"}]}},"jetpack_sharing_enabled":true,"jetpack-related-posts":[],"_links":{"self":[{"href":"https:\/\/www.monterosaportugal.com\/pt-pt\/wp-json\/wp\/v2\/pages\/5067","targetHints":{"allow":["GET"]}}],"collection":[{"href":"https:\/\/www.monterosaportugal.com\/pt-pt\/wp-json\/wp\/v2\/pages"}],"about":[{"href":"https:\/\/www.monterosaportugal.com\/pt-pt\/wp-json\/wp\/v2\/types\/page"}],"author":[{"embeddable":true,"href":"https:\/\/www.monterosaportugal.com\/pt-pt\/wp-json\/wp\/v2\/users\/1"}],"replies":[{"embeddable":true,"href":"https:\/\/www.monterosaportugal.com\/pt-pt\/wp-json\/wp\/v2\/comments?post=5067"}],"version-history":[{"count":0,"href":"https:\/\/www.monterosaportugal.com\/pt-pt\/wp-json\/wp\/v2\/pages\/5067\/revisions"}],"up":[{"embeddable":true,"href":"https:\/\/www.monterosaportugal.com\/pt-pt\/wp-json\/wp\/v2\/pages\/5051"}],"wp:attachment":[{"href":"https:\/\/www.monterosaportugal.com\/pt-pt\/wp-json\/wp\/v2\/media?parent=5067"}],"curies":[{"name":"wp","href":"https:\/\/api.w.org\/{rel}","templated":true}]}}