{"id":5062,"date":"2019-11-15T13:42:01","date_gmt":"2019-11-15T13:42:01","guid":{"rendered":"https:\/\/www.monterosaportugal.com\/atividades\/caminhadas\/"},"modified":"2026-01-07T17:58:07","modified_gmt":"2026-01-07T17:58:07","slug":"caminhadas","status":"publish","type":"page","link":"https:\/\/www.monterosaportugal.com\/pt-pt\/atividades\/caminhadas\/","title":{"rendered":"Caminhadas"},"content":{"rendered":"<p>[et_pb_section fb_built=&#8221;1&#8243; fullwidth=&#8221;on&#8221; _builder_version=&#8221;4.16&#8243; custom_padding=&#8221;0|0px|0|0px|false|false&#8221; global_colors_info=&#8221;{}&#8221;][et_pb_fullwidth_image src=&#8221;https:\/\/www.monterosaportugal.com\/wp-content\/uploads\/2026\/01\/P1000485-02.jpg&#8221; title_text=&#8221;P1000485 02&#8243; _builder_version=&#8221;4.27.5&#8243; global_colors_info=&#8221;{}&#8221;]<\/p>\n<p>[\/et_pb_fullwidth_image][\/et_pb_section][et_pb_section fb_built=&#8221;1&#8243; module_class=&#8221;mr-s-title c1&#8243; _builder_version=&#8221;4.16&#8243; z_index_tablet=&#8221;500&#8243; global_colors_info=&#8221;{}&#8221;][et_pb_row _builder_version=&#8221;4.16&#8243; z_index_tablet=&#8221;500&#8243; global_colors_info=&#8221;{}&#8221;][et_pb_column type=&#8221;4_4&#8243; _builder_version=&#8221;4.16&#8243; custom_padding=&#8221;|||&#8221; global_colors_info=&#8221;{}&#8221; custom_padding__hover=&#8221;|||&#8221;][et_pb_text admin_label=&#8221;Title&#8221; module_class=&#8221;mr-title&#8221; _builder_version=&#8221;4.16&#8243; text_letter_spacing=&#8221;1px&#8221; z_index_tablet=&#8221;500&#8243; inline_fonts=&#8221;Merriweather&#8221; global_colors_info=&#8221;{}&#8221;]<\/p>\n<h1>Caminhadas<\/h1>\n<p>[\/et_pb_text][et_pb_divider divider_position=&#8221;center&#8221; divider_weight=&#8221;3px&#8221; module_class=&#8221;mr-divider2&#8243; _builder_version=&#8221;4.16&#8243; max_width=&#8221;10%&#8221; module_alignment=&#8221;center&#8221; height=&#8221;0px&#8221; z_index_tablet=&#8221;500&#8243; global_colors_info=&#8221;{}&#8221;]<\/p>\n<p>[\/et_pb_divider][et_pb_text admin_label=&#8221;Subtitle&#8221; module_class=&#8221;mr-title-desc&#8221; _builder_version=&#8221;4.16&#8243; text_font=&#8221;Merriweather||||||||&#8221; text_text_color=&#8221;#0a0000&#8243; header_font=&#8221;Merriweather||||||||&#8221; text_orientation=&#8221;center&#8221; z_index_tablet=&#8221;500&#8243; text_text_shadow_horizontal_length_tablet=&#8221;0px&#8221; text_text_shadow_vertical_length_tablet=&#8221;0px&#8221; text_text_shadow_blur_strength_tablet=&#8221;1px&#8221; link_text_shadow_horizontal_length_tablet=&#8221;0px&#8221; link_text_shadow_vertical_length_tablet=&#8221;0px&#8221; link_text_shadow_blur_strength_tablet=&#8221;1px&#8221; ul_text_shadow_horizontal_length_tablet=&#8221;0px&#8221; ul_text_shadow_vertical_length_tablet=&#8221;0px&#8221; ul_text_shadow_blur_strength_tablet=&#8221;1px&#8221; ol_text_shadow_horizontal_length_tablet=&#8221;0px&#8221; ol_text_shadow_vertical_length_tablet=&#8221;0px&#8221; ol_text_shadow_blur_strength_tablet=&#8221;1px&#8221; quote_text_shadow_horizontal_length_tablet=&#8221;0px&#8221; quote_text_shadow_vertical_length_tablet=&#8221;0px&#8221; quote_text_shadow_blur_strength_tablet=&#8221;1px&#8221; header_text_shadow_horizontal_length_tablet=&#8221;0px&#8221; header_text_shadow_vertical_length_tablet=&#8221;0px&#8221; header_text_shadow_blur_strength_tablet=&#8221;1px&#8221; header_2_text_shadow_horizontal_length_tablet=&#8221;0px&#8221; header_2_text_shadow_vertical_length_tablet=&#8221;0px&#8221; header_2_text_shadow_blur_strength_tablet=&#8221;1px&#8221; header_3_text_shadow_horizontal_length_tablet=&#8221;0px&#8221; header_3_text_shadow_vertical_length_tablet=&#8221;0px&#8221; header_3_text_shadow_blur_strength_tablet=&#8221;1px&#8221; header_4_text_shadow_horizontal_length_tablet=&#8221;0px&#8221; header_4_text_shadow_vertical_length_tablet=&#8221;0px&#8221; header_4_text_shadow_blur_strength_tablet=&#8221;1px&#8221; header_5_text_shadow_horizontal_length_tablet=&#8221;0px&#8221; header_5_text_shadow_vertical_length_tablet=&#8221;0px&#8221; header_5_text_shadow_blur_strength_tablet=&#8221;1px&#8221; header_6_text_shadow_horizontal_length_tablet=&#8221;0px&#8221; header_6_text_shadow_vertical_length_tablet=&#8221;0px&#8221; header_6_text_shadow_blur_strength_tablet=&#8221;1px&#8221; box_shadow_horizontal_tablet=&#8221;0px&#8221; box_shadow_vertical_tablet=&#8221;0px&#8221; box_shadow_blur_tablet=&#8221;40px&#8221; box_shadow_spread_tablet=&#8221;0px&#8221; global_colors_info=&#8221;{}&#8221;]<\/p>\n<p>O Algarve \u00e9 uma \u00e1rea incr\u00edvel para caminhadas, com paisagens em constante mudan\u00e7a. N\u00e3o \u00e9 de estranhar que as pessoas se apegam a esta regi\u00e3o e muitas vezes retornam. Mas n\u00e3o \u00e9 apenas a grande variedade de rotas que faz do sudoeste do Algarve um destino ideal para caminhadas. S\u00e3o tamb\u00e9m as boas condi\u00e7\u00f5es meteorol\u00f3gicas! O Algarve tem cerca de 3000 horas de sol por ano, distribu\u00eddos por 300 dias. As melhores alturas para explorar a regi\u00e3o s\u00e3o na Primavera e no Outono, mas tamb\u00e9m no Inverno (quando n\u00e3o chove).\u00a0<\/p>\n<p>[\/et_pb_text][\/et_pb_column][\/et_pb_row][\/et_pb_section][et_pb_section fb_built=&#8221;1&#8243; module_class=&#8221;mr-s-content c1&#8243; _builder_version=&#8221;4.16&#8243; z_index_tablet=&#8221;500&#8243; global_colors_info=&#8221;{}&#8221;][et_pb_row _builder_version=&#8221;4.16&#8243; z_index_tablet=&#8221;500&#8243; custom_width_px=&#8221;827px&#8221; global_colors_info=&#8221;{}&#8221;][et_pb_column type=&#8221;4_4&#8243; _builder_version=&#8221;4.16&#8243; custom_padding=&#8221;|||&#8221; global_colors_info=&#8221;{}&#8221; custom_padding__hover=&#8221;|||&#8221;][et_pb_team_member name=&#8221;Rotas de Caminhada&#8221; image_url=&#8221;https:\/\/www.monterosaportugal.com\/wp-content\/uploads\/2019\/01\/Aktiva-8-1.jpg&#8221; _builder_version=&#8221;4.16&#8243; header_font_size=&#8221;26px&#8221; custom_margin=&#8221;||60px|&#8221; z_index_tablet=&#8221;500&#8243; global_colors_info=&#8221;{}&#8221;]<\/p>\n<p>Dunas maravilhosas, fal\u00e9sias fascinantes e praias desertas deslumbrantes. Vistas intermin\u00e1veis sobre a espetacular Costa Vicentina. Vilas de pescadores perfeitas com portos tradicionais. Mas tamb\u00e9m caminhos sinuosos ao longo de&nbsp;carvalhos de corti\u00e7a caracter\u00edsticos e oliveiras no&nbsp;interior. Monte Rosa tem cerca de 30 descri\u00e7\u00f5es de rota dispon\u00edveis de caminhadas nos aredores. A maioria s\u00e3o rotas circulares, de f\u00e1cil acesso quando t\u00e9m o seu pr\u00f3prio transporte. Mas exitem tamb\u00e9m algumas rotas interessantes que come\u00e7am e terminam no Monte Rosa.&nbsp;&nbsp;<\/p>\n<p>[\/et_pb_team_member][et_pb_team_member name=&#8221;Rota Vicentina e Via Algarviana&#8221; image_url=&#8221;https:\/\/www.monterosaportugal.com\/wp-content\/uploads\/2019\/01\/Bord-Rota-met-landschap.jpg&#8221; _builder_version=&#8221;4.16&#8243; header_font_size=&#8221;26px&#8221; custom_margin=&#8221;||60px|&#8221; z_index_tablet=&#8221;500&#8243; global_colors_info=&#8221;{}&#8221;]<\/p>\n<p><span>O Monte Rose \u00e9 o ponto de partida perfeito para explorar o sudoeste do Algarve a p\u00e9. <a href=\"http:\/\/www.viaalgarviana.org\/\" target=\"_blank\" rel=\"noopener noreferrer\">A Via Algarviana,<\/a>a famosa rota a p\u00e9 de 300 quil\u00f3metros atrav\u00e9s do Algarve, passa pelo Monte Rosa. A&nbsp; <a href=\"http:\/\/en.rotavicentina.com\/\" target=\"_blank\" rel=\"noopener noreferrer\">Rota Vicentina,<\/a>muito bem demarcada, \u00e9 uma rede de mais de 450 quil\u00f4metros de trilhas para caminhadas no sudoeste de Portugal, e oferece aos caminhantes muitas possibilidades. As rotas circulares ao longo da costa oeste, em particular, s\u00e3o espetaculares. Uma&nbsp;grande not\u00edcia \u00e9 que em 2019 as rotas da Rota Vicentina se estenderam com 4 novas etapas, de Sagres at\u00e9 Lagos.&nbsp;<\/span><\/p>\n<p><span><\/span><\/p>\n<p>[\/et_pb_team_member][et_pb_team_member name=&#8221;Pacotes com Caminhadas&#8221; image_url=&#8221;https:\/\/www.monterosaportugal.com\/wp-content\/uploads\/2026\/01\/over-de-kliffen.jpg&#8221; _builder_version=&#8221;4.27.5&#8243; header_font_size=&#8221;26px&#8221; custom_margin=&#8221;||60px|&#8221; hover_enabled=&#8221;0&#8243; z_index_tablet=&#8221;500&#8243; global_colors_info=&#8221;{}&#8221; sticky_enabled=&#8221;0&#8243;]<\/p>\n<p data-start=\"99\" data-end=\"595\">Apetece-lhe vir fazer caminhadas durante uma semana a partir de Monte Rosa? Ent\u00e3o talvez tenha interesse num dos nossos pacotes de caminhadas, que incluem carro de aluguer e pequeno-almo\u00e7o. Oferecemos um programa variado, com impressionantes percursos circulares ao longo da costa sul e oeste e pelo interior preservado. Tamb\u00e9m pode escolher os seus pr\u00f3prios percursos pedestres utilizando o <a href=\"https:\/\/www.komoot.com\/nl-nl\/guide\/1849\/wandelen-aan-de-algarve\" target=\"_blank\" rel=\"noopener\">KOMOOT<\/a> ou atrav\u00e9s das descri\u00e7\u00f5es do nosso dossier de caminhadas. Teremos todo o gosto em aconselh\u00e1-lo! Para jantar, pode deslocar-se \u00e0 aldeia vizinha, a 2 km de dist\u00e2ncia, onde poder\u00e1 escolher entre v\u00e1rios restaurantes tradicionais agrad\u00e1veis: <a href=\"https:\/\/www.tripadvisor.pt\/Restaurant_Review-g1444453-d26770168-Reviews-Ca_La_Mora_Italian_Restaurant-Barao_de_Sao_Joao_Lagos_Faro_District_Algarve.html\" target=\"_blank\" rel=\"noopener\">Calamora<\/a>, <a href=\"https:\/\/www.tripadvisor.pt\/Attraction_Review-g189117-d3874091-Reviews-Caramba_Bar-Lagos_Faro_District_Algarve.html\" target=\"_blank\" rel=\"noopener\">Caramba<\/a> e <a href=\"https:\/\/www.tripadvisor.pt\/Restaurant_Review-g1444453-d27436703-Reviews-Beco_Do_Sol_Vegetarian_Restaurant_Cafe-Barao_de_Sao_Joao_Lagos_Faro_District_Al.html\" target=\"_blank\" rel=\"noopener\">Boca do Sol<\/a>. <a href=\"https:\/\/www.monterosaportugal.com\/pt-pt\/monte-rosa\/ofertas-e-pacotes\/\" target=\"_blank\" rel=\"noopener\">Leia tudo sobre os ossos diferentes pacotes com caminhadas \u00bb<\/a><\/p>\n<p>&nbsp;<\/p>\n<p>[\/et_pb_team_member][\/et_pb_column][\/et_pb_row][\/et_pb_section]<\/p>\n","protected":false},"excerpt":{"rendered":"<p>Caminhadas O Algarve \u00e9 uma \u00e1rea incr\u00edvel para caminhadas, com paisagens em constante mudan\u00e7a. N\u00e3o \u00e9 de estranhar que as pessoas se apegam a esta regi\u00e3o e muitas vezes retornam. Mas n\u00e3o \u00e9 apenas a grande variedade de rotas que faz do sudoeste do Algarve um destino ideal para caminhadas. S\u00e3o tamb\u00e9m as boas condi\u00e7\u00f5es [&hellip;]<\/p>\n","protected":false},"author":1,"featured_media":0,"parent":5051,"menu_order":0,"comment_status":"closed","ping_status":"closed","template":"","meta":{"_et_pb_use_builder":"on","_et_pb_old_content":"","_et_gb_content_width":"","ngg_post_thumbnail":0,"footnotes":""},"class_list":["post-5062","page","type-page","status-publish","hentry"],"yoast_head":"<!-- This site is optimized with the Yoast SEO plugin v27.6 - https:\/\/yoast.com\/product\/yoast-seo-wordpress\/ -->\n<title>Caminhadas no Algarve e na Costa Vicentina - Monte Rosa Portugal<\/title>\n<meta name=\"description\" content=\"O Algarve \u00e9 uma \u00e1rea incr\u00edvel para caminhadas! O Monte Rose \u00e9 o ponto de partida perfeito para explorar o Algarve e a Costa Vicentina a p\u00e9.\" \/>\n<meta name=\"robots\" content=\"index, follow, max-snippet:-1, max-image-preview:large, max-video-preview:-1\" \/>\n<link rel=\"canonical\" href=\"https:\/\/www.monterosaportugal.com\/pt-pt\/atividades\/caminhadas\/\" \/>\n<meta property=\"og:locale\" content=\"pt_PT\" \/>\n<meta property=\"og:type\" content=\"article\" \/>\n<meta property=\"og:title\" content=\"Caminhadas no Algarve e na Costa Vicentina - Monte Rosa Portugal\" \/>\n<meta property=\"og:description\" content=\"O Algarve \u00e9 uma \u00e1rea incr\u00edvel para caminhadas! O Monte Rose \u00e9 o ponto de partida perfeito para explorar o Algarve e a Costa Vicentina a p\u00e9.\" \/>\n<meta property=\"og:url\" content=\"https:\/\/www.monterosaportugal.com\/pt-pt\/atividades\/caminhadas\/\" \/>\n<meta property=\"og:site_name\" content=\"Monte Rosa Portugal\" \/>\n<meta property=\"article:modified_time\" content=\"2026-01-07T17:58:07+00:00\" \/>\n<meta name=\"twitter:card\" content=\"summary_large_image\" \/>\n<meta name=\"twitter:label1\" content=\"Tempo estimado de leitura\" \/>\n\t<meta name=\"twitter:data1\" content=\"3 minutos\" \/>\n<script type=\"application\/ld+json\" class=\"yoast-schema-graph\">{\"@context\":\"https:\\\/\\\/schema.org\",\"@graph\":[{\"@type\":\"WebPage\",\"@id\":\"https:\\\/\\\/www.monterosaportugal.com\\\/pt-pt\\\/atividades\\\/caminhadas\\\/\",\"url\":\"https:\\\/\\\/www.monterosaportugal.com\\\/pt-pt\\\/atividades\\\/caminhadas\\\/\",\"name\":\"Caminhadas no Algarve e na Costa Vicentina - Monte Rosa Portugal\",\"isPartOf\":{\"@id\":\"https:\\\/\\\/www.monterosaportugal.com\\\/pt-pt\\\/#website\"},\"datePublished\":\"2019-11-15T13:42:01+00:00\",\"dateModified\":\"2026-01-07T17:58:07+00:00\",\"description\":\"O Algarve \u00e9 uma \u00e1rea incr\u00edvel para caminhadas! O Monte Rose \u00e9 o ponto de partida perfeito para explorar o Algarve e a Costa Vicentina a p\u00e9.\",\"breadcrumb\":{\"@id\":\"https:\\\/\\\/www.monterosaportugal.com\\\/pt-pt\\\/atividades\\\/caminhadas\\\/#breadcrumb\"},\"inLanguage\":\"pt-PT\",\"potentialAction\":[{\"@type\":\"ReadAction\",\"target\":[\"https:\\\/\\\/www.monterosaportugal.com\\\/pt-pt\\\/atividades\\\/caminhadas\\\/\"]}]},{\"@type\":\"BreadcrumbList\",\"@id\":\"https:\\\/\\\/www.monterosaportugal.com\\\/pt-pt\\\/atividades\\\/caminhadas\\\/#breadcrumb\",\"itemListElement\":[{\"@type\":\"ListItem\",\"position\":1,\"name\":\"Home\",\"item\":\"https:\\\/\\\/www.monterosaportugal.com\\\/pt-pt\\\/\"},{\"@type\":\"ListItem\",\"position\":2,\"name\":\"Atividades\",\"item\":\"https:\\\/\\\/www.monterosaportugal.com\\\/pt-pt\\\/atividades\\\/\"},{\"@type\":\"ListItem\",\"position\":3,\"name\":\"Caminhadas\"}]},{\"@type\":\"WebSite\",\"@id\":\"https:\\\/\\\/www.monterosaportugal.com\\\/pt-pt\\\/#website\",\"url\":\"https:\\\/\\\/www.monterosaportugal.com\\\/pt-pt\\\/\",\"name\":\"Monte Rosa Portugal\",\"description\":\"Landelijk gelegen gastenaccommodatie met cursusruimte in Portugal\",\"potentialAction\":[{\"@type\":\"SearchAction\",\"target\":{\"@type\":\"EntryPoint\",\"urlTemplate\":\"https:\\\/\\\/www.monterosaportugal.com\\\/pt-pt\\\/?s={search_term_string}\"},\"query-input\":{\"@type\":\"PropertyValueSpecification\",\"valueRequired\":true,\"valueName\":\"search_term_string\"}}],\"inLanguage\":\"pt-PT\"}]}<\/script>\n<!-- \/ Yoast SEO plugin. -->","yoast_head_json":{"title":"Caminhadas no Algarve e na Costa Vicentina - Monte Rosa Portugal","description":"O Algarve \u00e9 uma \u00e1rea incr\u00edvel para caminhadas! O Monte Rose \u00e9 o ponto de partida perfeito para explorar o Algarve e a Costa Vicentina a p\u00e9.","robots":{"index":"index","follow":"follow","max-snippet":"max-snippet:-1","max-image-preview":"max-image-preview:large","max-video-preview":"max-video-preview:-1"},"canonical":"https:\/\/www.monterosaportugal.com\/pt-pt\/atividades\/caminhadas\/","og_locale":"pt_PT","og_type":"article","og_title":"Caminhadas no Algarve e na Costa Vicentina - Monte Rosa Portugal","og_description":"O Algarve \u00e9 uma \u00e1rea incr\u00edvel para caminhadas! O Monte Rose \u00e9 o ponto de partida perfeito para explorar o Algarve e a Costa Vicentina a p\u00e9.","og_url":"https:\/\/www.monterosaportugal.com\/pt-pt\/atividades\/caminhadas\/","og_site_name":"Monte Rosa Portugal","article_modified_time":"2026-01-07T17:58:07+00:00","twitter_card":"summary_large_image","twitter_misc":{"Tempo estimado de leitura":"3 minutos"},"schema":{"@context":"https:\/\/schema.org","@graph":[{"@type":"WebPage","@id":"https:\/\/www.monterosaportugal.com\/pt-pt\/atividades\/caminhadas\/","url":"https:\/\/www.monterosaportugal.com\/pt-pt\/atividades\/caminhadas\/","name":"Caminhadas no Algarve e na Costa Vicentina - Monte Rosa Portugal","isPartOf":{"@id":"https:\/\/www.monterosaportugal.com\/pt-pt\/#website"},"datePublished":"2019-11-15T13:42:01+00:00","dateModified":"2026-01-07T17:58:07+00:00","description":"O Algarve \u00e9 uma \u00e1rea incr\u00edvel para caminhadas! O Monte Rose \u00e9 o ponto de partida perfeito para explorar o Algarve e a Costa Vicentina a p\u00e9.","breadcrumb":{"@id":"https:\/\/www.monterosaportugal.com\/pt-pt\/atividades\/caminhadas\/#breadcrumb"},"inLanguage":"pt-PT","potentialAction":[{"@type":"ReadAction","target":["https:\/\/www.monterosaportugal.com\/pt-pt\/atividades\/caminhadas\/"]}]},{"@type":"BreadcrumbList","@id":"https:\/\/www.monterosaportugal.com\/pt-pt\/atividades\/caminhadas\/#breadcrumb","itemListElement":[{"@type":"ListItem","position":1,"name":"Home","item":"https:\/\/www.monterosaportugal.com\/pt-pt\/"},{"@type":"ListItem","position":2,"name":"Atividades","item":"https:\/\/www.monterosaportugal.com\/pt-pt\/atividades\/"},{"@type":"ListItem","position":3,"name":"Caminhadas"}]},{"@type":"WebSite","@id":"https:\/\/www.monterosaportugal.com\/pt-pt\/#website","url":"https:\/\/www.monterosaportugal.com\/pt-pt\/","name":"Monte Rosa Portugal","description":"Landelijk gelegen gastenaccommodatie met cursusruimte in Portugal","potentialAction":[{"@type":"SearchAction","target":{"@type":"EntryPoint","urlTemplate":"https:\/\/www.monterosaportugal.com\/pt-pt\/?s={search_term_string}"},"query-input":{"@type":"PropertyValueSpecification","valueRequired":true,"valueName":"search_term_string"}}],"inLanguage":"pt-PT"}]}},"jetpack_sharing_enabled":true,"jetpack-related-posts":[],"_links":{"self":[{"href":"https:\/\/www.monterosaportugal.com\/pt-pt\/wp-json\/wp\/v2\/pages\/5062","targetHints":{"allow":["GET"]}}],"collection":[{"href":"https:\/\/www.monterosaportugal.com\/pt-pt\/wp-json\/wp\/v2\/pages"}],"about":[{"href":"https:\/\/www.monterosaportugal.com\/pt-pt\/wp-json\/wp\/v2\/types\/page"}],"author":[{"embeddable":true,"href":"https:\/\/www.monterosaportugal.com\/pt-pt\/wp-json\/wp\/v2\/users\/1"}],"replies":[{"embeddable":true,"href":"https:\/\/www.monterosaportugal.com\/pt-pt\/wp-json\/wp\/v2\/comments?post=5062"}],"version-history":[{"count":0,"href":"https:\/\/www.monterosaportugal.com\/pt-pt\/wp-json\/wp\/v2\/pages\/5062\/revisions"}],"up":[{"embeddable":true,"href":"https:\/\/www.monterosaportugal.com\/pt-pt\/wp-json\/wp\/v2\/pages\/5051"}],"wp:attachment":[{"href":"https:\/\/www.monterosaportugal.com\/pt-pt\/wp-json\/wp\/v2\/media?parent=5062"}],"curies":[{"name":"wp","href":"https:\/\/api.w.org\/{rel}","templated":true}]}}