{"id":5051,"date":"2019-11-15T12:12:20","date_gmt":"2019-11-15T12:12:20","guid":{"rendered":"https:\/\/www.monterosaportugal.com\/atividades\/"},"modified":"2023-01-23T12:52:31","modified_gmt":"2023-01-23T12:52:31","slug":"atividades","status":"publish","type":"page","link":"https:\/\/www.monterosaportugal.com\/pt-pt\/atividades\/","title":{"rendered":"Atividades"},"content":{"rendered":"<p>[et_pb_section fb_built=&#8221;1&#8243; fullwidth=&#8221;on&#8221; _builder_version=&#8221;4.16&#8243; custom_padding=&#8221;0|0px|0|0px|false|false&#8221; global_colors_info=&#8221;{}&#8221;][et_pb_fullwidth_image src=&#8221;https:\/\/www.monterosaportugal.com\/wp-content\/uploads\/2020\/01\/activiteiten_Acrobaten.jpg&#8221; _builder_version=&#8221;4.16&#8243; global_colors_info=&#8221;{}&#8221;][\/et_pb_fullwidth_image][\/et_pb_section][et_pb_section fb_built=&#8221;1&#8243; module_class=&#8221;mr-s-title&#8221; _builder_version=&#8221;4.16&#8243; z_index_tablet=&#8221;500&#8243; global_colors_info=&#8221;{}&#8221;][et_pb_row _builder_version=&#8221;4.16&#8243; z_index_tablet=&#8221;500&#8243; global_colors_info=&#8221;{}&#8221;][et_pb_column type=&#8221;4_4&#8243; _builder_version=&#8221;4.16&#8243; custom_padding=&#8221;|||&#8221; global_colors_info=&#8221;{}&#8221; custom_padding__hover=&#8221;|||&#8221;][et_pb_text admin_label=&#8221;Title&#8221; module_class=&#8221;mr-title&#8221; _builder_version=&#8221;4.16&#8243; text_letter_spacing=&#8221;1px&#8221; z_index_tablet=&#8221;500&#8243; inline_fonts=&#8221;Merriweather&#8221; global_colors_info=&#8221;{}&#8221;]<\/p>\n<h1>Atividades<\/h1>\n<p>[\/et_pb_text][et_pb_divider divider_position=&#8221;center&#8221; divider_weight=&#8221;3px&#8221; module_class=&#8221;mr-divider1&#8243; _builder_version=&#8221;4.16&#8243; max_width=&#8221;10%&#8221; module_alignment=&#8221;center&#8221; height=&#8221;0px&#8221; z_index_tablet=&#8221;500&#8243; global_colors_info=&#8221;{}&#8221;][\/et_pb_divider][\/et_pb_column][\/et_pb_row][\/et_pb_section][et_pb_section fb_built=&#8221;1&#8243; module_class=&#8221;mr-s-content&#8221; _builder_version=&#8221;4.16&#8243; background_position=&#8221;top_center&#8221; z_index_tablet=&#8221;500&#8243; global_colors_info=&#8221;{}&#8221;][et_pb_row module_class=&#8221;blurb-wrapper&#8221; _builder_version=&#8221;4.16&#8243; z_index_tablet=&#8221;500&#8243; global_colors_info=&#8221;{}&#8221;][et_pb_column type=&#8221;4_4&#8243; _builder_version=&#8221;4.16&#8243; custom_padding=&#8221;|||&#8221; global_colors_info=&#8221;{}&#8221; custom_padding__hover=&#8221;|||&#8221;][et_pb_blurb title=&#8221;Na Casa Redonda&#8221; url=&#8221;https:\/\/www.monterosaportugal.com\/pt-pt\/atividades\/a-casa-redonda\/&#8221; image=&#8221;https:\/\/www.monterosaportugal.com\/wp-content\/uploads\/2020\/01\/RR-voor-site-1.jpg&#8221; content_max_width=&#8221;100%&#8221; _builder_version=&#8221;4.19.4&#8243; header_level=&#8221;h3&#8243; header_font=&#8221;Merriweather|700|||||||&#8221; header_letter_spacing=&#8221;2px&#8221; body_font=&#8221;Merriweather||||||||&#8221; body_text_align=&#8221;center&#8221; text_orientation=&#8221;center&#8221; custom_margin=&#8221;|||0px&#8221; animation=&#8221;off&#8221; link_option_url=&#8221;https:\/\/www.monterosaportugal.com\/pt-pt\/atividades\/a-casa-redonda\/&#8221; hover_enabled=&#8221;0&#8243; z_index_tablet=&#8221;500&#8243; border_radii=&#8221;on|3px|3px|3px|3px&#8221; border_color_all=&#8221;#002d8e&#8221; global_colors_info=&#8221;{}&#8221; sticky_enabled=&#8221;0&#8243;]<\/p>\n<p>Confira o calend\u00e1rio de atividades ou como fazer uma reserva. <span style=\"color: #000080; font-size: medium;\"><strong>\u00bb<\/strong><\/span><\/p>\n<p>[\/et_pb_blurb][et_pb_blurb title=&#8221;Caminhadas&#8221; url=&#8221;https:\/\/www.monterosaportugal.com\/pt-pt\/atividades\/caminhadas\/&#8221; image=&#8221;https:\/\/www.monterosaportugal.com\/wp-content\/uploads\/2020\/01\/wandelaars-Carapateira-duinen.jpg&#8221; content_max_width=&#8221;100%&#8221; _builder_version=&#8221;4.16&#8243; header_level=&#8221;h3&#8243; header_font=&#8221;Merriweather|700|||||||&#8221; header_letter_spacing=&#8221;2px&#8221; body_font=&#8221;Merriweather||||||||&#8221; body_text_align=&#8221;center&#8221; text_orientation=&#8221;center&#8221; animation=&#8221;off&#8221; link_option_url=&#8221;https:\/\/www.monterosaportugal.com\/pt-pt\/atividades\/caminhadas\/&#8221; z_index_tablet=&#8221;500&#8243; global_colors_info=&#8221;{}&#8221;]<\/p>\n<p>Descubra o extremo sudoeste do Algarve a p\u00e9. Monte Rose \u00e9 o seu ponto de partida. <span style=\"font-size: medium; color: #002d8e;\"><strong>\u00bb<\/strong><\/span><\/p>\n<p>[\/et_pb_blurb][et_pb_blurb title=&#8221;Yoga &#038; Medita\u00e7\u00e3o&#8221; url=&#8221;https:\/\/www.monterosaportugal.com\/pt-pt\/atividades\/yoga-e-meditacao\/&#8221; image=&#8221;https:\/\/www.monterosaportugal.com\/wp-content\/uploads\/2019\/01\/image-2018-12-14-5.jpg&#8221; content_max_width=&#8221;100%&#8221; _builder_version=&#8221;4.16&#8243; header_level=&#8221;h3&#8243; header_font=&#8221;Merriweather|700|||||||&#8221; header_letter_spacing=&#8221;2px&#8221; body_font=&#8221;Merriweather||||||||&#8221; body_text_align=&#8221;center&#8221; text_orientation=&#8221;center&#8221; animation=&#8221;off&#8221; link_option_url=&#8221;https:\/\/www.monterosaportugal.com\/pt-pt\/atividades\/yoga-e-meditacao\/&#8221; z_index_tablet=&#8221;500&#8243; global_colors_info=&#8221;{}&#8221;]<\/p>\n<p>No Monte Rosa oferecemos aulas de yoga tr\u00eas vezes por semana com instrutores diferentes. <span style=\"font-size: medium; color: #002d8e;\"><strong>\u00bb<\/strong><\/span><\/p>\n<p>[\/et_pb_blurb][et_pb_blurb title=&#8221;Ciclismo&#8221; url=&#8221;https:\/\/www.monterosaportugal.com\/pt-pt\/atividades\/ciclismo\/&#8221; image=&#8221;https:\/\/www.monterosaportugal.com\/wp-content\/uploads\/2020\/01\/fietser-M-Clerigo-3.jpg&#8221; content_max_width=&#8221;100%&#8221; _builder_version=&#8221;4.16&#8243; header_level=&#8221;h3&#8243; header_font=&#8221;Merriweather|700|||||||&#8221; header_letter_spacing=&#8221;2px&#8221; body_font=&#8221;Merriweather||||||||&#8221; body_text_align=&#8221;center&#8221; text_orientation=&#8221;center&#8221; animation=&#8221;off&#8221; link_option_url=&#8221;https:\/\/www.monterosaportugal.com\/pt-pt\/atividades\/ciclismo\/&#8221; z_index_tablet=&#8221;500&#8243; global_colors_info=&#8221;{}&#8221;]<\/p>\n<p>Gosta de pedalar em grupo ou sozinho? Numa bicicleta de trekking ou E-bike?\u00a0<span style=\"font-size: medium; color: #002d8e;\"><strong>\u00bb<\/strong><\/span><\/p>\n<p>[\/et_pb_blurb][et_pb_blurb title=&#8221;Para crian\u00e7as&#8221; url=&#8221;https:\/\/www.monterosaportugal.com\/pt-pt\/atividades\/para-criancas\/&#8221; image=&#8221;https:\/\/www.monterosaportugal.com\/wp-content\/uploads\/2019\/01\/image-2018-12-14-12.jpg&#8221; content_max_width=&#8221;100%&#8221; _builder_version=&#8221;4.16&#8243; header_level=&#8221;h3&#8243; header_font=&#8221;Merriweather|700|||||||&#8221; header_letter_spacing=&#8221;2px&#8221; body_font=&#8221;Merriweather||||||||&#8221; body_text_align=&#8221;center&#8221; text_orientation=&#8221;center&#8221; animation=&#8221;off&#8221; link_option_url=&#8221;https:\/\/www.monterosaportugal.com\/pt-pt\/atividades\/para-criancas\/&#8221; z_index_tablet=&#8221;500&#8243; global_colors_info=&#8221;{}&#8221;]<\/p>\n<p>Um dia no jardim zool\u00f3gico, em parques, aqu\u00e1ticos ou em parques de escalada.\u00a0<span style=\"font-size: medium; color: #002d8e;\"><strong>\u00bb<\/strong><\/span><\/p>\n<p>[\/et_pb_blurb][et_pb_blurb title=&#8221;Massagens e Wellness&#8221; url=&#8221;https:\/\/www.monterosaportugal.com\/pt-pt\/atividades\/massagem-e-wellness\/&#8221; image=&#8221;https:\/\/www.monterosaportugal.com\/wp-content\/uploads\/2018\/06\/massage-Lolita-2-e1547388692583.jpg&#8221; content_max_width=&#8221;100%&#8221; _builder_version=&#8221;4.16&#8243; header_level=&#8221;h3&#8243; header_font=&#8221;Merriweather|700|||||||&#8221; header_letter_spacing=&#8221;2px&#8221; body_font=&#8221;Merriweather||||||||&#8221; body_text_align=&#8221;center&#8221; text_orientation=&#8221;center&#8221; animation=&#8221;off&#8221; link_option_url=&#8221;https:\/\/www.monterosaportugal.com\/pt-pt\/atividades\/massagem-e-wellness\/&#8221; z_index_tablet=&#8221;500&#8243; global_colors_info=&#8221;{}&#8221;]<\/p>\n<p>Relaxe com uma massagem feita por um dos nossos terapeutas durante a sua estadia. <span style=\"font-size: medium; color: #002d8e;\"><strong>\u00bb<\/strong><\/span><\/p>\n<p>[\/et_pb_blurb][et_pb_blurb title=&#8221;Surf &#038; SUP&#8221; url=&#8221;https:\/\/www.monterosaportugal.com\/pt-pt\/atividades\/surf\/&#8221; image=&#8221;https:\/\/www.monterosaportugal.com\/wp-content\/uploads\/2019\/01\/image-2018-12-14-6.jpg&#8221; content_max_width=&#8221;100%&#8221; _builder_version=&#8221;4.16&#8243; header_level=&#8221;h3&#8243; header_font=&#8221;Merriweather|700|||||||&#8221; header_letter_spacing=&#8221;2px&#8221; body_font=&#8221;Merriweather||||||||&#8221; body_text_align=&#8221;center&#8221; text_orientation=&#8221;center&#8221; animation=&#8221;off&#8221; link_option_url=&#8221;https:\/\/www.monterosaportugal.com\/pt-pt\/atividades\/surf\/&#8221; z_index_tablet=&#8221;500&#8243; global_colors_info=&#8221;{}&#8221;]<\/p>\n<p>O surf \u00e9 um desporto popular no Sudoeste do Algarve. Experimente! <span style=\"font-size: medium; color: #002d8e;\"><strong>\u00bb<\/strong><\/span><\/p>\n<p>[\/et_pb_blurb][et_pb_blurb title=&#8221;Excurs\u00f5es&#8221; image=&#8221;https:\/\/www.monterosaportugal.com\/wp-content\/uploads\/2019\/01\/image-2018-12-14-4.jpg&#8221; content_max_width=&#8221;100%&#8221; _builder_version=&#8221;4.16&#8243; header_level=&#8221;h3&#8243; header_font=&#8221;Merriweather|700|||||||&#8221; header_letter_spacing=&#8221;2px&#8221; body_font=&#8221;Merriweather||||||||&#8221; body_text_align=&#8221;center&#8221; text_orientation=&#8221;center&#8221; animation=&#8221;off&#8221; z_index_tablet=&#8221;500&#8243; global_colors_info=&#8221;{}&#8221;]<\/p>\n<p>Gostamos de ajud\u00e1-lo a organizar todos os tipos de excurs\u00f5es. <span style=\"font-size: medium; color: #002d8e;\"><strong>\u00bb<\/strong><\/span><\/p>\n<p>[\/et_pb_blurb][\/et_pb_column][\/et_pb_row][\/et_pb_section]<\/p>\n","protected":false},"excerpt":{"rendered":"<p>Atividades Confira o calend\u00e1rio de atividades ou como fazer uma reserva. \u00bbDescubra o extremo sudoeste do Algarve a p\u00e9. Monte Rose \u00e9 o seu ponto de partida. \u00bbNo Monte Rosa oferecemos aulas de yoga tr\u00eas vezes por semana com instrutores diferentes. \u00bb Gosta de pedalar em grupo ou sozinho? Numa bicicleta de trekking ou E-bike?\u00a0\u00bbUm [&hellip;]<\/p>\n","protected":false},"author":1,"featured_media":0,"parent":0,"menu_order":0,"comment_status":"closed","ping_status":"closed","template":"","meta":{"_et_pb_use_builder":"on","_et_pb_old_content":"","_et_gb_content_width":"","ngg_post_thumbnail":0,"footnotes":""},"class_list":["post-5051","page","type-page","status-publish","hentry"],"yoast_head":"<!-- This site is optimized with the Yoast SEO plugin v27.5 - https:\/\/yoast.com\/product\/yoast-seo-wordpress\/ -->\n<title>Atividades de F\u00e9rias no Algarve Monte Rosa Portugal -<\/title>\n<meta name=\"description\" content=\"Caminhadas, ciclismo, atividades para crian\u00e7as, massagens e wellness, yoga e medita\u00e7\u00e3o, surf e SUP: Uma vis\u00e3o geral das atividades no Algarve!\" \/>\n<meta name=\"robots\" content=\"index, follow, max-snippet:-1, max-image-preview:large, max-video-preview:-1\" \/>\n<link rel=\"canonical\" href=\"https:\/\/www.monterosaportugal.com\/pt-pt\/atividades\/\" \/>\n<meta property=\"og:locale\" content=\"pt_PT\" \/>\n<meta property=\"og:type\" content=\"article\" \/>\n<meta property=\"og:title\" content=\"Atividades de F\u00e9rias no Algarve Monte Rosa Portugal -\" \/>\n<meta property=\"og:description\" content=\"Caminhadas, ciclismo, atividades para crian\u00e7as, massagens e wellness, yoga e medita\u00e7\u00e3o, surf e SUP: Uma vis\u00e3o geral das atividades no Algarve!\" \/>\n<meta property=\"og:url\" content=\"https:\/\/www.monterosaportugal.com\/pt-pt\/atividades\/\" \/>\n<meta property=\"og:site_name\" content=\"Monte Rosa Portugal\" \/>\n<meta property=\"article:modified_time\" content=\"2023-01-23T12:52:31+00:00\" \/>\n<meta name=\"twitter:card\" content=\"summary_large_image\" \/>\n<meta name=\"twitter:label1\" content=\"Tempo estimado de leitura\" \/>\n\t<meta name=\"twitter:data1\" content=\"2 minutos\" \/>\n<script type=\"application\/ld+json\" class=\"yoast-schema-graph\">{\"@context\":\"https:\\\/\\\/schema.org\",\"@graph\":[{\"@type\":\"WebPage\",\"@id\":\"https:\\\/\\\/www.monterosaportugal.com\\\/pt-pt\\\/atividades\\\/\",\"url\":\"https:\\\/\\\/www.monterosaportugal.com\\\/pt-pt\\\/atividades\\\/\",\"name\":\"Atividades de F\u00e9rias no Algarve Monte Rosa Portugal -\",\"isPartOf\":{\"@id\":\"https:\\\/\\\/www.monterosaportugal.com\\\/pt-pt\\\/#website\"},\"datePublished\":\"2019-11-15T12:12:20+00:00\",\"dateModified\":\"2023-01-23T12:52:31+00:00\",\"description\":\"Caminhadas, ciclismo, atividades para crian\u00e7as, massagens e wellness, yoga e medita\u00e7\u00e3o, surf e SUP: Uma vis\u00e3o geral das atividades no Algarve!\",\"breadcrumb\":{\"@id\":\"https:\\\/\\\/www.monterosaportugal.com\\\/pt-pt\\\/atividades\\\/#breadcrumb\"},\"inLanguage\":\"pt-PT\",\"potentialAction\":[{\"@type\":\"ReadAction\",\"target\":[\"https:\\\/\\\/www.monterosaportugal.com\\\/pt-pt\\\/atividades\\\/\"]}]},{\"@type\":\"BreadcrumbList\",\"@id\":\"https:\\\/\\\/www.monterosaportugal.com\\\/pt-pt\\\/atividades\\\/#breadcrumb\",\"itemListElement\":[{\"@type\":\"ListItem\",\"position\":1,\"name\":\"Home\",\"item\":\"https:\\\/\\\/www.monterosaportugal.com\\\/pt-pt\\\/\"},{\"@type\":\"ListItem\",\"position\":2,\"name\":\"Atividades\"}]},{\"@type\":\"WebSite\",\"@id\":\"https:\\\/\\\/www.monterosaportugal.com\\\/pt-pt\\\/#website\",\"url\":\"https:\\\/\\\/www.monterosaportugal.com\\\/pt-pt\\\/\",\"name\":\"Monte Rosa Portugal\",\"description\":\"Landelijk gelegen gastenaccommodatie met cursusruimte in Portugal\",\"potentialAction\":[{\"@type\":\"SearchAction\",\"target\":{\"@type\":\"EntryPoint\",\"urlTemplate\":\"https:\\\/\\\/www.monterosaportugal.com\\\/pt-pt\\\/?s={search_term_string}\"},\"query-input\":{\"@type\":\"PropertyValueSpecification\",\"valueRequired\":true,\"valueName\":\"search_term_string\"}}],\"inLanguage\":\"pt-PT\"}]}<\/script>\n<!-- \/ Yoast SEO plugin. -->","yoast_head_json":{"title":"Atividades de F\u00e9rias no Algarve Monte Rosa Portugal -","description":"Caminhadas, ciclismo, atividades para crian\u00e7as, massagens e wellness, yoga e medita\u00e7\u00e3o, surf e SUP: Uma vis\u00e3o geral das atividades no Algarve!","robots":{"index":"index","follow":"follow","max-snippet":"max-snippet:-1","max-image-preview":"max-image-preview:large","max-video-preview":"max-video-preview:-1"},"canonical":"https:\/\/www.monterosaportugal.com\/pt-pt\/atividades\/","og_locale":"pt_PT","og_type":"article","og_title":"Atividades de F\u00e9rias no Algarve Monte Rosa Portugal -","og_description":"Caminhadas, ciclismo, atividades para crian\u00e7as, massagens e wellness, yoga e medita\u00e7\u00e3o, surf e SUP: Uma vis\u00e3o geral das atividades no Algarve!","og_url":"https:\/\/www.monterosaportugal.com\/pt-pt\/atividades\/","og_site_name":"Monte Rosa Portugal","article_modified_time":"2023-01-23T12:52:31+00:00","twitter_card":"summary_large_image","twitter_misc":{"Tempo estimado de leitura":"2 minutos"},"schema":{"@context":"https:\/\/schema.org","@graph":[{"@type":"WebPage","@id":"https:\/\/www.monterosaportugal.com\/pt-pt\/atividades\/","url":"https:\/\/www.monterosaportugal.com\/pt-pt\/atividades\/","name":"Atividades de F\u00e9rias no Algarve Monte Rosa Portugal -","isPartOf":{"@id":"https:\/\/www.monterosaportugal.com\/pt-pt\/#website"},"datePublished":"2019-11-15T12:12:20+00:00","dateModified":"2023-01-23T12:52:31+00:00","description":"Caminhadas, ciclismo, atividades para crian\u00e7as, massagens e wellness, yoga e medita\u00e7\u00e3o, surf e SUP: Uma vis\u00e3o geral das atividades no Algarve!","breadcrumb":{"@id":"https:\/\/www.monterosaportugal.com\/pt-pt\/atividades\/#breadcrumb"},"inLanguage":"pt-PT","potentialAction":[{"@type":"ReadAction","target":["https:\/\/www.monterosaportugal.com\/pt-pt\/atividades\/"]}]},{"@type":"BreadcrumbList","@id":"https:\/\/www.monterosaportugal.com\/pt-pt\/atividades\/#breadcrumb","itemListElement":[{"@type":"ListItem","position":1,"name":"Home","item":"https:\/\/www.monterosaportugal.com\/pt-pt\/"},{"@type":"ListItem","position":2,"name":"Atividades"}]},{"@type":"WebSite","@id":"https:\/\/www.monterosaportugal.com\/pt-pt\/#website","url":"https:\/\/www.monterosaportugal.com\/pt-pt\/","name":"Monte Rosa Portugal","description":"Landelijk gelegen gastenaccommodatie met cursusruimte in Portugal","potentialAction":[{"@type":"SearchAction","target":{"@type":"EntryPoint","urlTemplate":"https:\/\/www.monterosaportugal.com\/pt-pt\/?s={search_term_string}"},"query-input":{"@type":"PropertyValueSpecification","valueRequired":true,"valueName":"search_term_string"}}],"inLanguage":"pt-PT"}]}},"jetpack_sharing_enabled":true,"jetpack-related-posts":[],"_links":{"self":[{"href":"https:\/\/www.monterosaportugal.com\/pt-pt\/wp-json\/wp\/v2\/pages\/5051","targetHints":{"allow":["GET"]}}],"collection":[{"href":"https:\/\/www.monterosaportugal.com\/pt-pt\/wp-json\/wp\/v2\/pages"}],"about":[{"href":"https:\/\/www.monterosaportugal.com\/pt-pt\/wp-json\/wp\/v2\/types\/page"}],"author":[{"embeddable":true,"href":"https:\/\/www.monterosaportugal.com\/pt-pt\/wp-json\/wp\/v2\/users\/1"}],"replies":[{"embeddable":true,"href":"https:\/\/www.monterosaportugal.com\/pt-pt\/wp-json\/wp\/v2\/comments?post=5051"}],"version-history":[{"count":0,"href":"https:\/\/www.monterosaportugal.com\/pt-pt\/wp-json\/wp\/v2\/pages\/5051\/revisions"}],"wp:attachment":[{"href":"https:\/\/www.monterosaportugal.com\/pt-pt\/wp-json\/wp\/v2\/media?parent=5051"}],"curies":[{"name":"wp","href":"https:\/\/api.w.org\/{rel}","templated":true}]}}