{"id":160354,"date":"2026-02-13T16:42:56","date_gmt":"2026-02-13T16:42:56","guid":{"rendered":"https:\/\/www.monterosaportugal.com\/?page_id=160354"},"modified":"2026-02-16T17:11:21","modified_gmt":"2026-02-16T17:11:21","slug":"especialistas","status":"publish","type":"page","link":"https:\/\/www.monterosaportugal.com\/pt-pt\/especialistas\/","title":{"rendered":"Especialistas"},"content":{"rendered":"<p>[et_pb_section fb_built=&#8221;1&#8243; fullwidth=&#8221;on&#8221; _builder_version=&#8221;4.16&#8243; custom_padding=&#8221;0|0px|0|0px|false|false&#8221; global_colors_info=&#8221;{}&#8221;][et_pb_fullwidth_image src=&#8221;https:\/\/www.monterosaportugal.com\/wp-content\/uploads\/2026\/02\/drum-hero-1-scaled.jpg&#8221; title_text=&#8221;drum hero&#8221; _builder_version=&#8221;4.27.5&#8243; global_colors_info=&#8221;{}&#8221;][\/et_pb_fullwidth_image][\/et_pb_section][et_pb_section fb_built=&#8221;1&#8243; module_class=&#8221;mr-s-title&#8221; _builder_version=&#8221;4.16&#8243; z_index_tablet=&#8221;500&#8243; global_colors_info=&#8221;{}&#8221;][et_pb_row _builder_version=&#8221;4.16&#8243; custom_padding=&#8221;|86px||83px||&#8221; z_index_tablet=&#8221;500&#8243; global_colors_info=&#8221;{}&#8221;][et_pb_column type=&#8221;4_4&#8243; _builder_version=&#8221;4.16&#8243; custom_padding=&#8221;|||&#8221; global_colors_info=&#8221;{}&#8221; custom_padding__hover=&#8221;|||&#8221;][et_pb_text admin_label=&#8221;Title&#8221; module_class=&#8221;mr-title&#8221; _builder_version=&#8221;4.27.5&#8243; text_letter_spacing=&#8221;1px&#8221; z_index_tablet=&#8221;500&#8243; inline_fonts=&#8221;Merriweather&#8221; global_colors_info=&#8221;{}&#8221;]<\/p>\n<h1 style=\"text-align: center;\">Os nossos especialistas<\/h1>\n<p>[\/et_pb_text][et_pb_divider divider_position=&#8221;center&#8221; divider_weight=&#8221;3px&#8221; module_class=&#8221;mr-divider1&#8243; _builder_version=&#8221;4.16&#8243; max_width=&#8221;10%&#8221; module_alignment=&#8221;center&#8221; z_index_tablet=&#8221;500&#8243; global_colors_info=&#8221;{}&#8221;][\/et_pb_divider][et_pb_team_member name=&#8221;Ivana&#8221; image_url=&#8221;https:\/\/www.monterosaportugal.com\/wp-content\/uploads\/2026\/02\/Ivana-small.jpg&#8221; _builder_version=&#8221;4.27.5&#8243; header_font_size=&#8221;26px&#8221; max_width=&#8221;100%&#8221; min_height=&#8221;191px&#8221; custom_margin=&#8221;36px||||false|false&#8221; custom_padding=&#8221;41px|5px|0px||false|false&#8221; z_index_tablet=&#8221;500&#8243; locked=&#8221;off&#8221; global_colors_info=&#8221;{}&#8221;]<\/p>\n<p data-path-to-node=\"2\">Ivana nasceu em It\u00e1lia e, ap\u00f3s viajar extensivamente pelo mundo, mudou-se para Lagos, em Portugal, em 2018. Massagista dedicada e praticante de yoga, dedica-se a estas \u00e1reas h\u00e1 15 anos. A Ivana possui forma\u00e7\u00e3o e certifica\u00e7\u00e3o em Massagem Ayurv\u00e9dica, Massagem Thai Yoga, Massagem Cl\u00e1ssica e Terap\u00eautica, Terapia Sacro-craniana, Ventosaterapia e Terapia Abdominal. A sua massagem hol\u00edstica \u00e9 a forma ideal de permitir que o corpo recupere ap\u00f3s uma caminhada intensa, um longo passeio de bicicleta, uma aula de surf ou, simplesmente, como um momento maravilhoso de relaxamento durante as f\u00e9rias. (Consulte o seu <a href=\"https:\/\/laboratorioholistico.pt\/\" target=\"_blank\" rel=\"noopener\">website<\/a>)<\/p>\n<p>[\/et_pb_team_member][et_pb_team_member name=&#8221;Amie&#8221; image_url=&#8221;https:\/\/www.monterosaportugal.com\/wp-content\/uploads\/2026\/02\/Amiw.jpg&#8221; _builder_version=&#8221;4.27.5&#8243; header_font_size=&#8221;26px&#8221; max_width=&#8221;100%&#8221; min_height=&#8221;191px&#8221; custom_margin=&#8221;36px||||false|false&#8221; custom_padding=&#8221;35px|5px|0px||false|false&#8221; z_index_tablet=&#8221;500&#8243; locked=&#8221;off&#8221; global_colors_info=&#8221;{}&#8221;]<\/p>\n<p>Amie nasceu nos Pa\u00edses Baixos e vive atualmente no Algarve, em Portugal. Professora de yoga multidisciplinar e terapeuta corporal, dedica-se ao yoga h\u00e1 mais de 30 anos e ao ensino h\u00e1 mais de 20. A Amie conjuga yoga, yoga a\u00e9reo, coaching e terapias corporais, guiando as pessoas de volta a um estado de esp\u00edrito l\u00fadico, conforto e sensualidade nos seus corpos, enquanto confiam na sua intui\u00e7\u00e3o e verdade interior. O seu yoga a\u00e9reo \u00e9 uma pr\u00e1tica suave e enraizadora que oferece liberta\u00e7\u00e3o, descompress\u00e3o e amplitude \u2014 uma explora\u00e7\u00e3o alegre apoiada por redes na nossa Round House.<\/p>\n<h6 class=\"cdk-visually-hidden\">&nbsp;<\/h6>\n<p>[\/et_pb_team_member][et_pb_team_member name=&#8221;Hugo&#8221; image_url=&#8221;https:\/\/www.monterosaportugal.com\/wp-content\/uploads\/2026\/02\/Hugo-small.jpg&#8221; _builder_version=&#8221;4.27.5&#8243; header_font_size=&#8221;26px&#8221; max_width=&#8221;100%&#8221; custom_margin=&#8221;66px|||||&#8221; custom_padding=&#8221;|5px|20px||false|false&#8221; z_index_tablet=&#8221;500&#8243; locked=&#8221;off&#8221; global_colors_info=&#8221;{}&#8221;]<\/p>\n<p>O Hugo pratica Shiatsu e Tai Chi Kung h\u00e1 mais de 27 anos, combinando m\u00e9todos tradicionais de cura orientais com uma compreens\u00e3o profunda do movimento e do fluxo de energia. Ap\u00f3s a sua forma\u00e7\u00e3o profissional em Amesterd\u00e3o, trabalhou num prestigiado hotel japon\u00eas de cinco estrelas. O Hugo oferece tratamentos de Shiatsu, massagem terap\u00eautica, sess\u00f5es de fitness e pr\u00e1ticas de Tai Chi Kung, todos focados no restabelecimento do equil\u00edbrio e do bem-estar geral. Os seus tratamentos abordam a tens\u00e3o f\u00edsica, a estagna\u00e7\u00e3o de energia e o stress atrav\u00e9s do trabalho em pontos de press\u00e3o e t\u00e9cnicas de respira\u00e7\u00e3o.<\/p>\n<p>&nbsp;<\/p>\n<p>[\/et_pb_team_member][et_pb_team_member name=&#8221;Sara&#8221; image_url=&#8221;https:\/\/www.monterosaportugal.com\/wp-content\/uploads\/2026\/02\/sara.jpg&#8221; disabled_on=&#8221;off|off|off&#8221; _builder_version=&#8221;4.27.5&#8243; header_font_size=&#8221;26px&#8221; max_width=&#8221;100%&#8221; min_height=&#8221;230.6px&#8221; custom_margin=&#8221;0px||||false|false&#8221; custom_padding=&#8221;20px|5px|||false|false&#8221; z_index_tablet=&#8221;500&#8243; locked=&#8221;off&#8221; global_colors_info=&#8221;{}&#8221;]<\/p>\n<p>Sara Saggin \u00e9 uma osteopata italiana com mais de vinte anos de experi\u00eancia, trabalhando com uma abordagem somato-emocional suave e profundamente atenta. Ao combinar a escuta profunda sacro-craniana com t\u00e9cnicas estruturais eficazes, as suas sess\u00f5es ajudam a aliviar a tens\u00e3o e a dor, ao mesmo tempo que restauram o equil\u00edbrio de adultos, gr\u00e1vidas e mulheres no p\u00f3s-parto, crian\u00e7as e adolescentes. Oferecemos osteopatia com a Sara como uma experi\u00eancia de apoio e inclusiva, onde as fam\u00edlias s\u00e3o bem-vindas para criar um espa\u00e7o partilhado de cuidado e transforma\u00e7\u00e3o que beneficia todos os envolvidos.<\/p>\n<p>[\/et_pb_team_member][et_pb_team_member name=&#8221;Jan&#8221; image_url=&#8221;https:\/\/www.monterosaportugal.com\/wp-content\/uploads\/2026\/02\/jan-small.jpg&#8221; _builder_version=&#8221;4.27.5&#8243; header_font_size=&#8221;26px&#8221; max_width=&#8221;100%&#8221; custom_margin=&#8221;0px||||false|false&#8221; custom_padding=&#8221;40px|5px|||false|false&#8221; z_index_tablet=&#8221;500&#8243; locked=&#8221;off&#8221; global_colors_info=&#8221;{}&#8221;]<\/p>\n<p>Jan Buis \u00e9 um facilitador de breathwork experiente que tem guiado muitas pessoas na descoberta do poder transformador da respira\u00e7\u00e3o consciente. Atrav\u00e9s das suas sess\u00f5es, a mente anal\u00edtica e cr\u00edtica suaviza-se, permitindo espa\u00e7o para a liberta\u00e7\u00e3o emocional, relaxamento profundo e inspira\u00e7\u00e3o renovada, levando frequentemente a insights profundos. O breathwork do Jan \u00e9 particularmente eficaz na redu\u00e7\u00e3o do stress, na limpeza de traumas acumulados e no cultivo da autoaceita\u00e7\u00e3o e gratid\u00e3o, ajudando os participantes a sentirem-se mais ligados a si pr\u00f3prios muito depois de a sess\u00e3o terminar. (Consulte o seu <a href=\"https:\/\/www.breathing-space.eu\/breath-work-sessions\/\" target=\"_blank\" rel=\"noopener\">website<\/a>)<\/p>\n<p>&nbsp;<\/p>\n<p>[\/et_pb_team_member][et_pb_team_member name=&#8221;Guido&#8221; image_url=&#8221;https:\/\/www.monterosaportugal.com\/wp-content\/uploads\/2026\/02\/guido-small.jpg&#8221; _builder_version=&#8221;4.27.5&#8243; header_font_size=&#8221;26px&#8221; max_width=&#8221;100%&#8221; custom_margin=&#8221;30px||||false|false&#8221; custom_padding=&#8221;20px|5px|||false|false&#8221; z_index_tablet=&#8221;500&#8243; locked=&#8221;off&#8221; global_colors_info=&#8221;{}&#8221;]<\/p>\n<p>Guido Deuzeman \u00e9 um coach e consultor certificado internacionalmente, com um percurso como conselheiro de CEOs e l\u00edderes pol\u00edticos nacionais nos Pa\u00edses Baixos. Com base na sua pr\u00f3pria experi\u00eancia, na sabedoria ancestral e na ci\u00eancia moderna da performance, desenvolveu a estrutura dos cinco elementos de lideran\u00e7a pessoal ideal, ajudando as pessoas a passar da sobreviv\u00eancia \u00e0 prosperidade num mundo exigente. As suas sess\u00f5es s\u00e3o ideais para quem procura maior autenticidade, prop\u00f3sito, resili\u00eancia ao stress e impacto positivo, oferecendo novas perspetivas e passos pr\u00e1ticos para um bem-estar duradouro. (Consulte o seu <a href=\"https:\/\/developmentisqi.com\/\" target=\"_blank\" rel=\"noopener\">website<\/a>)<\/p>\n<p>&nbsp;<\/p>\n<p>[\/et_pb_team_member][et_pb_team_member name=&#8221;Claudia&#8221; image_url=&#8221;https:\/\/www.monterosaportugal.com\/wp-content\/uploads\/2026\/02\/Claudia-small.jpg&#8221; _builder_version=&#8221;4.27.5&#8243; header_font_size=&#8221;26px&#8221; max_width=&#8221;100%&#8221; min_height=&#8221;229.2px&#8221; custom_margin=&#8221;0px||||false|false&#8221; custom_padding=&#8221;20px|5px|||false|false&#8221; z_index_tablet=&#8221;500&#8243; locked=&#8221;off&#8221; global_colors_info=&#8221;{}&#8221;]<\/p>\n<p>A Claudia \u00e9 uma facilitadora de cura pelo som (sound healing), professora de yoga e instrutora de medita\u00e7\u00e3o com mais de uma d\u00e9cada de experi\u00eancia no apoio ao relaxamento profundo e ao equil\u00edbrio interior. Formou-se em sound healing em 2015 com um mestre de renome na Argentina e continuou os seus estudos atrav\u00e9s de cursos na \u00cdndia e no Nepal em 2018. Desde ent\u00e3o, tem facilitado sess\u00f5es de cura pelo som por toda a Am\u00e9rica do Sul e em Portugal. As suas sess\u00f5es oferecem uma experi\u00eancia calmante e restauradora, onde o som e a vibra\u00e7\u00e3o guiam suavemente o corpo e a mente para um estado de equil\u00edbrio e quietude.<\/p>\n<p>&nbsp;<\/p>\n<p>[\/et_pb_team_member][et_pb_team_member name=&#8221;Michael&#8221; image_url=&#8221;https:\/\/www.monterosaportugal.com\/wp-content\/uploads\/2026\/02\/michael-small.jpg&#8221; _builder_version=&#8221;4.27.5&#8243; header_font_size=&#8221;26px&#8221; max_width=&#8221;100%&#8221; custom_margin=&#8221;0px||||false|false&#8221; custom_padding=&#8221;40px|5px|||false|false&#8221; z_index_tablet=&#8221;500&#8243; locked=&#8221;off&#8221; global_colors_info=&#8221;{}&#8221;]<\/p>\n<p>O Michael \u00e9 um facilitador de ritmo apaixonado que partilha a vibrante tradi\u00e7\u00e3o do Djemb\u00e9. Enraizado na heran\u00e7a musical da \u00c1frica Ocidental, este tambor \u00e9 conhecido pelos seus tons ricos e alcance din\u00e2mico. Nas suas sess\u00f5es, o Michael combina t\u00e9cnica, explora\u00e7\u00e3o r\u00edtmica e liga\u00e7\u00e3o grupal, criando um espa\u00e7o energizante para todos os n\u00edveis. Os participantes s\u00e3o guiados por padr\u00f5es que se transformam em ritmos complexos, despertando a coordena\u00e7\u00e3o e o fluxo coletivo. \u00c9 uma experi\u00eancia imersiva de express\u00e3o e alegria \u2014 uma jornada comunit\u00e1ria conduzida pelo pulsar do tambor no ambiente acolhedor da nossa Round House.<\/p>\n<p>[\/et_pb_team_member][et_pb_team_member name=&#8221;Sandra&#8221; image_url=&#8221;https:\/\/www.monterosaportugal.com\/wp-content\/uploads\/2026\/02\/sandra-small.jpg&#8221; _builder_version=&#8221;4.27.5&#8243; header_font_size=&#8221;26px&#8221; max_width=&#8221;100%&#8221; custom_margin=&#8221;0px||||false|false&#8221; custom_padding=&#8221;50px|5px|||false|false&#8221; hover_enabled=&#8221;0&#8243; z_index_tablet=&#8221;500&#8243; locked=&#8221;off&#8221; global_colors_info=&#8221;{}&#8221; sticky_enabled=&#8221;0&#8243;]<\/p>\n<p>San sempre foi apaixonada por alimenta\u00e7\u00e3o saud\u00e1vel. Em 1984, mudou-se para o Algarve e abriu uma pequena loja de produtos naturais. Para garantir conselhos especializados sobre vitaminas e ervas, estudou suplementos e fitoterapia, obtendo mais tarde o diploma de nutricionista. Em 1986, fundou o primeiro restaurante vegetariano em Lagos. Com mais de 40 anos de experi\u00eancia, a Sandra oferece agora aconselhamento diet\u00e9tico personalizado \u00e0s suas necessidades. Cada percurso nutricional inicia-se com uma consulta de avalia\u00e7\u00e3o, seguida do agendamento de sess\u00f5es de acompanhamento.<\/p>\n<p>[\/et_pb_team_member][\/et_pb_column][\/et_pb_row][\/et_pb_section][et_pb_section fb_built=&#8221;1&#8243; module_class=&#8221;mr-s-content c1&#8243; _builder_version=&#8221;4.16&#8243; z_index_tablet=&#8221;500&#8243; global_colors_info=&#8221;{}&#8221;][et_pb_row _builder_version=&#8221;4.19.4&#8243; z_index_tablet=&#8221;500&#8243; custom_width_px=&#8221;750px&#8221; global_colors_info=&#8221;{}&#8221;][et_pb_column type=&#8221;4_4&#8243; _builder_version=&#8221;4.16&#8243; custom_padding=&#8221;|||&#8221; global_colors_info=&#8221;{}&#8221; custom_padding__hover=&#8221;|||&#8221;][\/et_pb_column][\/et_pb_row][\/et_pb_section]<\/p>\n","protected":false},"excerpt":{"rendered":"<p>Os nossos especialistasIvana nasceu em It\u00e1lia e, ap\u00f3s viajar extensivamente pelo mundo, mudou-se para Lagos, em Portugal, em 2018. Massagista dedicada e praticante de yoga, dedica-se a estas \u00e1reas h\u00e1 15 anos. A Ivana possui forma\u00e7\u00e3o e certifica\u00e7\u00e3o em Massagem Ayurv\u00e9dica, Massagem Thai Yoga, Massagem Cl\u00e1ssica e Terap\u00eautica, Terapia Sacro-craniana, Ventosaterapia e Terapia Abdominal. A [&hellip;]<\/p>\n","protected":false},"author":1,"featured_media":0,"parent":0,"menu_order":0,"comment_status":"closed","ping_status":"closed","template":"","meta":{"_et_pb_use_builder":"on","_et_pb_old_content":"","_et_gb_content_width":"","ngg_post_thumbnail":0,"footnotes":""},"class_list":["post-160354","page","type-page","status-publish","hentry"],"yoast_head":"<!-- This site is optimized with the Yoast SEO plugin v27.2 - https:\/\/yoast.com\/product\/yoast-seo-wordpress\/ -->\n<title>Especialistas - Monte Rosa Portugal<\/title>\n<meta name=\"robots\" content=\"index, follow, max-snippet:-1, max-image-preview:large, max-video-preview:-1\" \/>\n<link rel=\"canonical\" href=\"https:\/\/www.monterosaportugal.com\/pt-pt\/especialistas\/\" \/>\n<meta property=\"og:locale\" content=\"pt_PT\" \/>\n<meta property=\"og:type\" content=\"article\" \/>\n<meta property=\"og:title\" content=\"Especialistas - Monte Rosa Portugal\" \/>\n<meta property=\"og:description\" content=\"Os nossos especialistasIvana nasceu em It\u00e1lia e, ap\u00f3s viajar extensivamente pelo mundo, mudou-se para Lagos, em Portugal, em 2018. Massagista dedicada e praticante de yoga, dedica-se a estas \u00e1reas h\u00e1 15 anos. A Ivana possui forma\u00e7\u00e3o e certifica\u00e7\u00e3o em Massagem Ayurv\u00e9dica, Massagem Thai Yoga, Massagem Cl\u00e1ssica e Terap\u00eautica, Terapia Sacro-craniana, Ventosaterapia e Terapia Abdominal. A [&hellip;]\" \/>\n<meta property=\"og:url\" content=\"https:\/\/www.monterosaportugal.com\/pt-pt\/especialistas\/\" \/>\n<meta property=\"og:site_name\" content=\"Monte Rosa Portugal\" \/>\n<meta property=\"article:modified_time\" content=\"2026-02-16T17:11:21+00:00\" \/>\n<meta name=\"twitter:card\" content=\"summary_large_image\" \/>\n<meta name=\"twitter:label1\" content=\"Tempo estimado de leitura\" \/>\n\t<meta name=\"twitter:data1\" content=\"6 minutos\" \/>\n<script type=\"application\/ld+json\" class=\"yoast-schema-graph\">{\"@context\":\"https:\/\/schema.org\",\"@graph\":[{\"@type\":\"WebPage\",\"@id\":\"https:\/\/www.monterosaportugal.com\/pt-pt\/especialistas\/\",\"url\":\"https:\/\/www.monterosaportugal.com\/pt-pt\/especialistas\/\",\"name\":\"Especialistas - Monte Rosa Portugal\",\"isPartOf\":{\"@id\":\"https:\/\/www.monterosaportugal.com\/pt-pt\/#website\"},\"datePublished\":\"2026-02-13T16:42:56+00:00\",\"dateModified\":\"2026-02-16T17:11:21+00:00\",\"breadcrumb\":{\"@id\":\"https:\/\/www.monterosaportugal.com\/pt-pt\/especialistas\/#breadcrumb\"},\"inLanguage\":\"pt-PT\",\"potentialAction\":[{\"@type\":\"ReadAction\",\"target\":[\"https:\/\/www.monterosaportugal.com\/pt-pt\/especialistas\/\"]}]},{\"@type\":\"BreadcrumbList\",\"@id\":\"https:\/\/www.monterosaportugal.com\/pt-pt\/especialistas\/#breadcrumb\",\"itemListElement\":[{\"@type\":\"ListItem\",\"position\":1,\"name\":\"Home\",\"item\":\"https:\/\/www.monterosaportugal.com\/pt-pt\/\"},{\"@type\":\"ListItem\",\"position\":2,\"name\":\"Especialistas\"}]},{\"@type\":\"WebSite\",\"@id\":\"https:\/\/www.monterosaportugal.com\/pt-pt\/#website\",\"url\":\"https:\/\/www.monterosaportugal.com\/pt-pt\/\",\"name\":\"Monte Rosa Portugal\",\"description\":\"Landelijk gelegen gastenaccommodatie met cursusruimte in Portugal\",\"potentialAction\":[{\"@type\":\"SearchAction\",\"target\":{\"@type\":\"EntryPoint\",\"urlTemplate\":\"https:\/\/www.monterosaportugal.com\/pt-pt\/?s={search_term_string}\"},\"query-input\":{\"@type\":\"PropertyValueSpecification\",\"valueRequired\":true,\"valueName\":\"search_term_string\"}}],\"inLanguage\":\"pt-PT\"}]}<\/script>\n<!-- \/ Yoast SEO plugin. -->","yoast_head_json":{"title":"Especialistas - Monte Rosa Portugal","robots":{"index":"index","follow":"follow","max-snippet":"max-snippet:-1","max-image-preview":"max-image-preview:large","max-video-preview":"max-video-preview:-1"},"canonical":"https:\/\/www.monterosaportugal.com\/pt-pt\/especialistas\/","og_locale":"pt_PT","og_type":"article","og_title":"Especialistas - Monte Rosa Portugal","og_description":"Os nossos especialistasIvana nasceu em It\u00e1lia e, ap\u00f3s viajar extensivamente pelo mundo, mudou-se para Lagos, em Portugal, em 2018. Massagista dedicada e praticante de yoga, dedica-se a estas \u00e1reas h\u00e1 15 anos. A Ivana possui forma\u00e7\u00e3o e certifica\u00e7\u00e3o em Massagem Ayurv\u00e9dica, Massagem Thai Yoga, Massagem Cl\u00e1ssica e Terap\u00eautica, Terapia Sacro-craniana, Ventosaterapia e Terapia Abdominal. A [&hellip;]","og_url":"https:\/\/www.monterosaportugal.com\/pt-pt\/especialistas\/","og_site_name":"Monte Rosa Portugal","article_modified_time":"2026-02-16T17:11:21+00:00","twitter_card":"summary_large_image","twitter_misc":{"Tempo estimado de leitura":"6 minutos"},"schema":{"@context":"https:\/\/schema.org","@graph":[{"@type":"WebPage","@id":"https:\/\/www.monterosaportugal.com\/pt-pt\/especialistas\/","url":"https:\/\/www.monterosaportugal.com\/pt-pt\/especialistas\/","name":"Especialistas - Monte Rosa Portugal","isPartOf":{"@id":"https:\/\/www.monterosaportugal.com\/pt-pt\/#website"},"datePublished":"2026-02-13T16:42:56+00:00","dateModified":"2026-02-16T17:11:21+00:00","breadcrumb":{"@id":"https:\/\/www.monterosaportugal.com\/pt-pt\/especialistas\/#breadcrumb"},"inLanguage":"pt-PT","potentialAction":[{"@type":"ReadAction","target":["https:\/\/www.monterosaportugal.com\/pt-pt\/especialistas\/"]}]},{"@type":"BreadcrumbList","@id":"https:\/\/www.monterosaportugal.com\/pt-pt\/especialistas\/#breadcrumb","itemListElement":[{"@type":"ListItem","position":1,"name":"Home","item":"https:\/\/www.monterosaportugal.com\/pt-pt\/"},{"@type":"ListItem","position":2,"name":"Especialistas"}]},{"@type":"WebSite","@id":"https:\/\/www.monterosaportugal.com\/pt-pt\/#website","url":"https:\/\/www.monterosaportugal.com\/pt-pt\/","name":"Monte Rosa Portugal","description":"Landelijk gelegen gastenaccommodatie met cursusruimte in Portugal","potentialAction":[{"@type":"SearchAction","target":{"@type":"EntryPoint","urlTemplate":"https:\/\/www.monterosaportugal.com\/pt-pt\/?s={search_term_string}"},"query-input":{"@type":"PropertyValueSpecification","valueRequired":true,"valueName":"search_term_string"}}],"inLanguage":"pt-PT"}]}},"jetpack_sharing_enabled":true,"jetpack-related-posts":[],"_links":{"self":[{"href":"https:\/\/www.monterosaportugal.com\/pt-pt\/wp-json\/wp\/v2\/pages\/160354","targetHints":{"allow":["GET"]}}],"collection":[{"href":"https:\/\/www.monterosaportugal.com\/pt-pt\/wp-json\/wp\/v2\/pages"}],"about":[{"href":"https:\/\/www.monterosaportugal.com\/pt-pt\/wp-json\/wp\/v2\/types\/page"}],"author":[{"embeddable":true,"href":"https:\/\/www.monterosaportugal.com\/pt-pt\/wp-json\/wp\/v2\/users\/1"}],"replies":[{"embeddable":true,"href":"https:\/\/www.monterosaportugal.com\/pt-pt\/wp-json\/wp\/v2\/comments?post=160354"}],"version-history":[{"count":0,"href":"https:\/\/www.monterosaportugal.com\/pt-pt\/wp-json\/wp\/v2\/pages\/160354\/revisions"}],"wp:attachment":[{"href":"https:\/\/www.monterosaportugal.com\/pt-pt\/wp-json\/wp\/v2\/media?parent=160354"}],"curies":[{"name":"wp","href":"https:\/\/api.w.org\/{rel}","templated":true}]}}