{"id":803,"date":"2019-01-10T00:21:20","date_gmt":"2019-01-10T00:21:20","guid":{"rendered":"https:\/\/www.monterosaportugal.com?page_id=803"},"modified":"2026-01-09T12:29:48","modified_gmt":"2026-01-09T12:29:48","slug":"links","status":"publish","type":"page","link":"https:\/\/www.monterosaportugal.com\/nl\/praktischeinfo\/links\/","title":{"rendered":"Links"},"content":{"rendered":"<p>[et_pb_section fb_built=&#8221;1&#8243; fullwidth=&#8221;on&#8221; _builder_version=&#8221;4.16&#8243; custom_padding=&#8221;0|0px|0|0px|false|false&#8221; global_colors_info=&#8221;{}&#8221;][et_pb_fullwidth_image src=&#8221;https:\/\/www.monterosaportugal.com\/wp-content\/uploads\/2019\/01\/LinksBreed2.jpg&#8221; _builder_version=&#8221;4.16&#8243; global_colors_info=&#8221;{}&#8221;][\/et_pb_fullwidth_image][\/et_pb_section][et_pb_section fb_built=&#8221;1&#8243; module_class=&#8221;mr-s-title&#8221; _builder_version=&#8221;4.16&#8243; z_index_tablet=&#8221;500&#8243; global_colors_info=&#8221;{}&#8221;][et_pb_row _builder_version=&#8221;4.16&#8243; z_index_tablet=&#8221;500&#8243; global_colors_info=&#8221;{}&#8221;][et_pb_column type=&#8221;4_4&#8243; _builder_version=&#8221;4.16&#8243; custom_padding=&#8221;|||&#8221; global_colors_info=&#8221;{}&#8221; custom_padding__hover=&#8221;|||&#8221;][et_pb_text admin_label=&#8221;Title&#8221; module_class=&#8221;mr-title&#8221; _builder_version=&#8221;4.16&#8243; text_letter_spacing=&#8221;1px&#8221; z_index_tablet=&#8221;500&#8243; inline_fonts=&#8221;Merriweather&#8221; global_colors_info=&#8221;{}&#8221;]<\/p>\n<h1>Links<\/h1>\n<p>[\/et_pb_text][et_pb_divider divider_position=&#8221;center&#8221; divider_weight=&#8221;3px&#8221; module_class=&#8221;mr-divider1&#8243; _builder_version=&#8221;4.16&#8243; max_width=&#8221;10%&#8221; module_alignment=&#8221;center&#8221; height=&#8221;0px&#8221; z_index_tablet=&#8221;500&#8243; global_colors_info=&#8221;{}&#8221;][\/et_pb_divider][\/et_pb_column][\/et_pb_row][\/et_pb_section][et_pb_section fb_built=&#8221;1&#8243; module_class=&#8221;mr-s-content c1&#8243; _builder_version=&#8221;4.16&#8243; z_index_tablet=&#8221;500&#8243; global_colors_info=&#8221;{}&#8221;][et_pb_row _builder_version=&#8221;4.16&#8243; z_index_tablet=&#8221;500&#8243; custom_width_px=&#8221;827px&#8221; global_colors_info=&#8221;{}&#8221;][et_pb_column type=&#8221;4_4&#8243; _builder_version=&#8221;4.16&#8243; custom_padding=&#8221;|||&#8221; global_colors_info=&#8221;{}&#8221; custom_padding__hover=&#8221;|||&#8221;][et_pb_text module_class=&#8221;mr-links-block&#8221; _builder_version=&#8221;4.27.5&#8243; text_font=&#8221;Merriweather||||||||&#8221; text_text_color=&#8221;#0a0000&#8243; header_font=&#8221;Alegreya Sans|300|||||||&#8221; header_font_size=&#8221;26px&#8221; header_letter_spacing=&#8221;1px&#8221; header_3_font=&#8221;|300|||||||&#8221; header_3_font_size=&#8221;24px&#8221; header_3_letter_spacing=&#8221;1px&#8221; text_orientation=&#8221;center&#8221; z_index_tablet=&#8221;500&#8243; inline_fonts=&#8221;Alegreya Sans&#8221; global_colors_info=&#8221;{}&#8221;]<\/p>\n<h2 class=\"\">BEREIKBAARHEID<\/h2>\n<p style=\"text-align: left;\">Transavia&nbsp;&nbsp;\u00bb&nbsp; <a href=\"http:\/\/www.transavia.nl\">www.transavia.nl<\/a><br \/>RyanAir&nbsp;&nbsp;\u00bb&nbsp;&nbsp;<a href=\"https:\/\/www.ryanair.com\/nl\/nl\/reis-plannen\/bestemmingen\/vluchten-naar-faro\" target=\"_blank\" rel=\"noopener noreferrer\">www.ryanair.com<\/a><br \/>Tap Porugal&nbsp;&nbsp;\u00bb&nbsp; <a href=\"https:\/\/www.flytap.com\/en-us\/destinations\/portugal\/lisbon\" target=\"_blank\" rel=\"noopener noreferrer\">www.flytap.com<\/a><br \/>Skyscanner&nbsp;&nbsp;\u00bb&nbsp; <a href=\"https:\/\/www.skyscanner.nl\/\" target=\"_blank\" rel=\"noopener noreferrer\">www.skyscanner.nl<\/a><br \/>Comboios de Portugal (trein)&nbsp;&nbsp;\u00bb&nbsp;&nbsp;<a href=\"https:\/\/www.cp.pt\/passageiros\/en\/train-times\" target=\"_blank\" rel=\"noopener noreferrer\">www.cp.pt<\/a><br \/>Rede Expressos (bus)&nbsp;&nbsp;\u00bb&nbsp;<a href=\"https:\/\/www.rede-expressos.pt\/en\/\" target=\"_blank\" rel=\"noopener noreferrer\">www.rede-expressos.pt<\/a><br \/>A Onda (lokale bus)&nbsp;&nbsp;\u00bb&nbsp; <a href=\"http:\/\/aonda.pt\/onda.php?lid=6\" target=\"_blank\" rel=\"noopener noreferrer\">www.aonda.pt<\/a><\/p>\n<p>[\/et_pb_text][et_pb_text module_class=&#8221;mr-links-block&#8221; _builder_version=&#8221;4.16&#8243; text_font=&#8221;Merriweather||||||||&#8221; text_text_color=&#8221;#0a0000&#8243; header_font=&#8221;Alegreya Sans|300|||||||&#8221; header_font_size=&#8221;26px&#8221; header_letter_spacing=&#8221;1px&#8221; header_3_font=&#8221;|300|||||||&#8221; header_3_font_size=&#8221;24px&#8221; header_3_letter_spacing=&#8221;1px&#8221; text_orientation=&#8221;center&#8221; z_index_tablet=&#8221;500&#8243; inline_fonts=&#8221;Alegreya Sans&#8221; global_colors_info=&#8221;{}&#8221;]<\/p>\n<h2>EXCURSIES<\/h2>\n<p>Lagos Zoo&nbsp; \u00bb&nbsp; <a href=\"https:\/\/zoolagos.com\/\" target=\"_blank\" rel=\"noopener noreferrer\">www.zoolagos.com<\/a><a href=\"http:\/\/www.transavia.nl\"><br \/> <\/a>Aqualand&nbsp; \u00bb&nbsp; <a href=\"https:\/\/www.aqualand.pt\/en\/\" target=\"_blank\" rel=\"noopener noreferrer\">www.aqualand.pt<\/a><br \/> Slide &amp; Splash&nbsp; \u00bb&nbsp; <a href=\"http:\/\/www.slidesplash.com\/pt\/\" target=\"_blank\" rel=\"noopener noreferrer\">www.slidesplash.com<\/a><br \/> Parque Aventura&nbsp; \u00bb&nbsp; <a href=\"http:\/\/www.parqueaventura.net\/en\/home\/\" target=\"_blank\" rel=\"noopener noreferrer\">www.parqueaventura.net<\/a><br \/>\n[\/et_pb_text][et_pb_text module_class=&#8221;mr-links-block&#8221; _builder_version=&#8221;4.16&#8243; text_font=&#8221;Merriweather||||||||&#8221; text_text_color=&#8221;#0a0000&#8243; header_font=&#8221;Alegreya Sans|300|||||||&#8221; header_font_size=&#8221;26px&#8221; header_letter_spacing=&#8221;1px&#8221; header_3_font=&#8221;|300|||||||&#8221; header_3_font_size=&#8221;24px&#8221; header_3_letter_spacing=&#8221;1px&#8221; text_orientation=&#8221;center&#8221; z_index_tablet=&#8221;500&#8243; inline_fonts=&#8221;Alegreya Sans&#8221; global_colors_info=&#8221;{}&#8221;]<\/p>\n<h2>LISSABON<\/h2>\n<p><a href=\"https:\/\/www.thejewelofyoga.com\/\" target=\"_blank\" rel=\"noopener noreferrer\"><\/a>Happy Stay in Lisbon&nbsp; \u00bb&nbsp;&nbsp;<a href=\"https:\/\/www.happystayinlisbon.com\/\" target=\"_blank\" rel=\"noopener noreferrer\">www.happystayinlisbon.com<\/a><br \/>\n[\/et_pb_text][et_pb_text disabled_on=&#8221;on|on|on&#8221; module_class=&#8221;mr-links-block&#8221; _builder_version=&#8221;4.27.5&#8243; text_font=&#8221;Merriweather||||||||&#8221; text_text_color=&#8221;#0a0000&#8243; header_font=&#8221;Alegreya Sans|300|||||||&#8221; header_font_size=&#8221;26px&#8221; header_letter_spacing=&#8221;1px&#8221; header_3_font=&#8221;|300|||||||&#8221; header_3_font_size=&#8221;24px&#8221; header_3_letter_spacing=&#8221;1px&#8221; text_orientation=&#8221;center&#8221; z_index_tablet=&#8221;500&#8243; disabled=&#8221;on&#8221; inline_fonts=&#8221;Alegreya Sans&#8221; global_colors_info=&#8221;{}&#8221;]<\/p>\n<h2>REISORGANISATIES<\/h2>\n<p>Happy Soul Travel&nbsp; \u00bb&nbsp; <a href=\"https:\/\/happysoultravel.nl\/familie\/portugal\/familieweek-in-portugal\" target=\"_blank\" rel=\"noopener noreferrer\">www.happysoultravel.nl<\/a><br \/>Aktiva Tours&nbsp; \u00bb&nbsp; <a href=\"https:\/\/www.aktivatours.nl\/portugal\/wandelvakantie-single\/algarve-wandelen-8-dagen\/GALGARS\" target=\"_blank\" rel=\"noopener noreferrer\">www.aktivatours.nl<\/a><br \/>Natuurlijk Reizen&nbsp;&nbsp;\u00bb&nbsp;&nbsp;<a href=\"https:\/\/natuurlijkreizen.nl\/tours\/portugal-wandelvakantie-in-de-zuidwestelijke-algarve\/\" target=\"_blank\" rel=\"noopener noreferrer\">www.natuurlijkreizen.nl<\/a><br \/>Earth Tracks&nbsp;&nbsp;\u00bb&nbsp; <a href=\"https:\/\/www.earthtracks.nl\/\" target=\"_blank\" rel=\"noopener noreferrer\">www.earthtracks.nl<\/a><\/p>\n<p>[\/et_pb_text][et_pb_text module_class=&#8221;mr-links-block&#8221; _builder_version=&#8221;4.16&#8243; text_font=&#8221;Merriweather||||||||&#8221; text_text_color=&#8221;#0a0000&#8243; header_font=&#8221;Alegreya Sans|300|||||||&#8221; header_font_size=&#8221;26px&#8221; header_letter_spacing=&#8221;1px&#8221; header_3_font=&#8221;|300|||||||&#8221; header_3_font_size=&#8221;24px&#8221; header_3_letter_spacing=&#8221;1px&#8221; text_orientation=&#8221;center&#8221; z_index_tablet=&#8221;500&#8243; inline_fonts=&#8221;Alegreya Sans&#8221; global_colors_info=&#8221;{}&#8221;]<\/p>\n<h2>SURF &amp; SUP<\/h2>\n<p>The Surf Experience\u00a0 \u00bb\u00a0<a href=\"http:\/\/thesurfexperience.eu\/\" target=\"_blank\" rel=\"noopener noreferrer\">thesurfexperience.eu<\/a><br \/> Sup Lagos\u00a0 \u00bb <a href=\"https:\/\/kiteschoolportugal.com\/sup-algarve-lagos\/\" target=\"_blank\" rel=\"noopener noreferrer\">www.kiteschoolportugal.com<\/a><br \/> Lagos Surf Center\u00a0 \u00bb\u00a0\u00a0<a href=\"http:\/\/www.lagossurfcenter.com\/\" target=\"_blank\" rel=\"noopener noreferrer\">www.lagossurfcenter.com<\/a><br \/> Magic Seaweed\u00a0 \u00bb\u00a0 <a href=\"https:\/\/magicseaweed.com\/\" target=\"_blank\" rel=\"noopener noreferrer\">www.magicseaweed.com<\/a><\/p>\n<p>[\/et_pb_text][et_pb_text module_class=&#8221;mr-links-block&#8221; _builder_version=&#8221;4.16&#8243; text_font=&#8221;Merriweather||||||||&#8221; text_text_color=&#8221;#0a0000&#8243; header_font=&#8221;Alegreya Sans|300|||||||&#8221; header_font_size=&#8221;26px&#8221; header_letter_spacing=&#8221;1px&#8221; header_3_font=&#8221;|300|||||||&#8221; header_3_font_size=&#8221;24px&#8221; header_3_letter_spacing=&#8221;1px&#8221; text_orientation=&#8221;center&#8221; z_index_tablet=&#8221;500&#8243; inline_fonts=&#8221;Alegreya Sans&#8221; global_colors_info=&#8221;{}&#8221;]<\/p>\n<h2>VRIENDEN VAN MONTE ROSA<\/h2>\n<p>Monte Maravilhas\u00a0 \u00bb\u00a0<a href=\"https:\/\/www.montemaravilhas.com\/nl\/=\" _blank=\"\" rel=\"noopener noreferrer\">www.montemaravilhas.com<\/a><br \/> Moinhos Velhos\u00a0 \u00bb\u00a0\u00a0<a href=\"https:\/\/www.moinhos-velhos.com\/\" target=\"_blank\" rel=\"noopener noreferrer\">www.moinhos-velhos.com<\/a><br \/> Portugal Nature Lodge\u00a0 \u00bb <a href=\"https:\/\/www.portugalnaturelodge.com\/\/\" target=\"_blank\" rel=\"noopener noreferrer\">www.portugalnaturelodge.com<\/a><\/p>\n<p>[\/et_pb_text][et_pb_text module_class=&#8221;mr-links-block&#8221; _builder_version=&#8221;4.16&#8243; text_font=&#8221;Merriweather||||||||&#8221; text_text_color=&#8221;#0a0000&#8243; header_font=&#8221;Alegreya Sans|300|||||||&#8221; header_font_size=&#8221;26px&#8221; header_letter_spacing=&#8221;1px&#8221; header_3_font=&#8221;|300|||||||&#8221; header_3_font_size=&#8221;24px&#8221; header_3_letter_spacing=&#8221;1px&#8221; text_orientation=&#8221;center&#8221; z_index_tablet=&#8221;500&#8243; inline_fonts=&#8221;Alegreya Sans&#8221; global_colors_info=&#8221;{}&#8221;]<\/p>\n<h2>WANDELEN &amp; FIETSEN<\/h2>\n<p>Rota Vicentina\u00a0\u00a0\u00bb\u00a0 <a href=\"http:\/\/www.rotavicentina.com\">www.rotavicentina.com<\/a><br \/> Via Algarviana\u00a0\u00a0\u00bb\u00a0 <a href=\"http:\/\/www.viaalgarviana.org\" target=\"_blank\" rel=\"noopener noreferrer\">www.viaalgarviana.org<\/a><br \/> Walk &amp; Art Fest,\u00a0Bar\u00e3o de S\u00e3o Jo\u00e3o\u00a0 \u00bb\u00a0\u00a0<a href=\"https:\/\/www.walkartfest.pt\/en\/\" target=\"_blank\" rel=\"noopener noreferrer\">www.walkartfest.pt<\/a><br \/> Cycling &amp; Walking Algarve\u00a0\u00a0\u00bb\u00a0 <a href=\"http:\/\/www.cyclingwalkingalgarve.pt\/en\/\" target=\"_blank\" rel=\"noopener noreferrer\">www.cyclingwalkingalgarve.pt<\/a><br \/> Portuguese Trails\u00a0\u00a0\u00bb\u00a0 <a href=\"https:\/\/www.portuguesetrails.com\/en\" target=\"_blank\" rel=\"noopener noreferrer\">www.portuguesetrails.com<br \/> <\/a>Easy Go Electric Bikes\u00a0\u00a0\u00bb\u00a0 <a href=\"http:\/\/www.easygoelectricbikes.com\/\" target=\"_blank\" rel=\"noopener noreferrer\">www.easygoelectricbikes.com<br \/><\/a>Nature Movement Ebiketours\u00a0 \u00bb\u00a0 <a href=\"https:\/\/naturemovement-ebiketours.com\/\" target=\"_blank\" rel=\"noopener noreferrer\">www.naturemovement-ebiketours.com<\/a><br \/> Outdoor Tours\u00a0\u00a0\u00bb\u00a0\u00a0<a href=\"https:\/\/www.outdoor-tours.com\/\" target=\"_blank\" rel=\"noopener noreferrer\">www.outdoor-tours.com<\/a><\/p>\n<p>[\/et_pb_text][et_pb_text module_class=&#8221;mr-links-block&#8221; _builder_version=&#8221;4.27.5&#8243; text_font=&#8221;Merriweather||||||||&#8221; text_text_color=&#8221;#0a0000&#8243; header_font=&#8221;Alegreya Sans|300|||||||&#8221; header_font_size=&#8221;26px&#8221; header_letter_spacing=&#8221;1px&#8221; header_3_font=&#8221;|300|||||||&#8221; header_3_font_size=&#8221;24px&#8221; header_3_letter_spacing=&#8221;1px&#8221; text_orientation=&#8221;center&#8221; z_index_tablet=&#8221;500&#8243; inline_fonts=&#8221;Alegreya Sans&#8221; global_colors_info=&#8221;{}&#8221;]<\/p>\n<h2>YOGA &amp; MEDITATIE<\/h2>\n<p>Igor &amp; Jenny &#8211; The Jewel of Yoga&nbsp; \u00bb &nbsp;<a href=\"https:\/\/www.thejewelofyoga.com\/\" target=\"_blank\" rel=\"noopener noreferrer\">www.thejewelofyoga.com<br \/><\/a><span style=\"font-size: 13px;\">Inlight Yoga &amp; Massage Studio, Lagos&nbsp; \u00bb&nbsp;&nbsp;<\/span><a style=\"font-size: 13px;\" href=\"http:\/\/www.inlight.pt\" target=\"_blank\" rel=\"noopener noreferrer\">www.inlight.pt<\/a><br \/>Zen Dojo Taikuan, Bar\u00e3o de S\u00e3o Jo\u00e3o&nbsp; \u00bb&nbsp;&nbsp;<a href=\"http:\/\/www.zendojotaikuan.org\/\" target=\"_blank\" rel=\"noopener noreferrer\">www.zendojotaikuan.org<\/a><\/p>\n<p>[\/et_pb_text][et_pb_text module_class=&#8221;mr-links-block&#8221; _builder_version=&#8221;4.27.5&#8243; text_font=&#8221;Merriweather||||||||&#8221; text_text_color=&#8221;#0a0000&#8243; header_font=&#8221;Alegreya Sans|300|||||||&#8221; header_font_size=&#8221;26px&#8221; header_letter_spacing=&#8221;1px&#8221; header_3_font=&#8221;|300|||||||&#8221; header_3_font_size=&#8221;24px&#8221; header_3_letter_spacing=&#8221;1px&#8221; text_orientation=&#8221;center&#8221; hover_enabled=&#8221;0&#8243; z_index_tablet=&#8221;500&#8243; locked=&#8221;off&#8221; inline_fonts=&#8221;Alegreya Sans&#8221; global_colors_info=&#8221;{}&#8221; sticky_enabled=&#8221;0&#8243;]<\/p>\n<h2>RESTAURANTS<\/h2>\n<p>Calamora, Italiaans restaurant \u00bb <a href=\"https:\/\/www.tripadvisor.pt\/Restaurant_Review-g1444453-d26770168-Reviews-Ca_La_Mora_Italian_Restaurant-Barao_de_Sao_Joao_Lagos_Faro_District_Algarve.html\" target=\"_blank\" rel=\"noopener\">Calamora<\/a><br \/>Beco do Sol, vegetarisch restaurant \u00bb <a href=\"https:\/\/www.tripadvisor.pt\/Restaurant_Review-g1444453-d27436703-Reviews-Beco_Do_Sol_Vegetarian_Restaurant_Cafe-Barao_de_Sao_Joao_Lagos_Faro_District_Al.html\" target=\"_blank\" rel=\"noopener\">Beco do Sol<\/a><br \/>Chico Z\u00e9, grillrestaurant \u00bb <a href=\"https:\/\/www.tripadvisor.pt\/Restaurant_Review-g1190871-d2641409-Reviews-Chico_Ze-Odiaxere_Lagos_Faro_District_Algarve.html\" target=\"_blank\" rel=\"noopener\">Chico Ze<\/a><a href=\"https:\/\/www.tripadvisor.pt\/Restaurant_Review-g1190871-d2641409-Reviews-Chico_Ze-Odiaxere_Lagos_Faro_District_Algarve.html\" target=\"_blank\" rel=\"noopener\"><br \/><\/a>Cangalho restaurant \u00bb <a href=\"https:\/\/cangalho.com\/\" target=\"_blank\" rel=\"noopener\">Cangalho<\/a><\/p>\n<p>[\/et_pb_text][\/et_pb_column][\/et_pb_row][\/et_pb_section][et_pb_section fb_built=&#8221;1&#8243; module_class=&#8221;mr-s-content c1&#8243; _builder_version=&#8221;4.16&#8243; z_index_tablet=&#8221;500&#8243; global_colors_info=&#8221;{}&#8221;][et_pb_row _builder_version=&#8221;4.16&#8243; z_index_tablet=&#8221;500&#8243; global_colors_info=&#8221;{}&#8221;][et_pb_column type=&#8221;4_4&#8243; _builder_version=&#8221;4.16&#8243; custom_padding=&#8221;|||&#8221; global_colors_info=&#8221;{}&#8221; custom_padding__hover=&#8221;|||&#8221;][et_pb_social_media_follow _builder_version=&#8221;4.16&#8243; text_orientation=&#8221;center&#8221; filter_brightness=&#8221;101%&#8221; box_shadow_style=&#8221;preset3&#8243; global_colors_info=&#8221;{}&#8221;][et_pb_social_media_follow_network social_network=&#8221;facebook&#8221; url=&#8221;https:\/\/www.facebook.com\/monterosaruralguesthousealgarve\/&#8221; _builder_version=&#8221;4.16&#8243; background_color=&#8221;#3b5998&#8243; global_colors_info=&#8221;{}&#8221; follow_button=&#8221;off&#8221; url_new_window=&#8221;on&#8221;]facebook[\/et_pb_social_media_follow_network][et_pb_social_media_follow_network social_network=&#8221;instagram&#8221; url=&#8221;https:\/\/www.instagram.com\/monte_rosa_portugal\/&#8221; _builder_version=&#8221;4.16&#8243; background_color=&#8221;#ea2c59&#8243; global_colors_info=&#8221;{}&#8221; follow_button=&#8221;off&#8221; url_new_window=&#8221;on&#8221;]instagram[\/et_pb_social_media_follow_network][\/et_pb_social_media_follow][et_pb_text _builder_version=&#8221;4.16&#8243; text_font=&#8221;Merriweather||on||||||&#8221; text_text_color=&#8221;#002d8e&#8221; global_colors_info=&#8221;{}&#8221;]<\/p>\n<p style=\"text-align: center;\"><em>Volg Monte Rosa op social media<\/em><\/p>\n<p>[\/et_pb_text][\/et_pb_column][\/et_pb_row][\/et_pb_section]<\/p>\n","protected":false},"excerpt":{"rendered":"<p>Links BEREIKBAARHEID Transavia&nbsp;&nbsp;\u00bb&nbsp; www.transavia.nlRyanAir&nbsp;&nbsp;\u00bb&nbsp;&nbsp;www.ryanair.comTap Porugal&nbsp;&nbsp;\u00bb&nbsp; www.flytap.comSkyscanner&nbsp;&nbsp;\u00bb&nbsp; www.skyscanner.nlComboios de Portugal (trein)&nbsp;&nbsp;\u00bb&nbsp;&nbsp;www.cp.ptRede Expressos (bus)&nbsp;&nbsp;\u00bb&nbsp;www.rede-expressos.ptA Onda (lokale bus)&nbsp;&nbsp;\u00bb&nbsp; www.aonda.ptEXCURSIES Lagos Zoo&nbsp; \u00bb&nbsp; www.zoolagos.com Aqualand&nbsp; \u00bb&nbsp; www.aqualand.pt Slide &amp; Splash&nbsp; \u00bb&nbsp; www.slidesplash.com Parque Aventura&nbsp; \u00bb&nbsp; www.parqueaventura.net LISSABON Happy Stay in Lisbon&nbsp; \u00bb&nbsp;&nbsp;www.happystayinlisbon.com REISORGANISATIES Happy Soul Travel&nbsp; \u00bb&nbsp; www.happysoultravel.nlAktiva Tours&nbsp; \u00bb&nbsp; www.aktivatours.nlNatuurlijk Reizen&nbsp;&nbsp;\u00bb&nbsp;&nbsp;www.natuurlijkreizen.nlEarth Tracks&nbsp;&nbsp;\u00bb&nbsp; www.earthtracks.nlSURF &amp; SUP The Surf Experience\u00a0 [&hellip;]<\/p>\n","protected":false},"author":1,"featured_media":0,"parent":235,"menu_order":0,"comment_status":"closed","ping_status":"closed","template":"","meta":{"_et_pb_use_builder":"on","_et_pb_old_content":"","_et_gb_content_width":"","ngg_post_thumbnail":0,"footnotes":""},"class_list":["post-803","page","type-page","status-publish","hentry"],"yoast_head":"<!-- This site is optimized with the Yoast SEO plugin v27.5 - https:\/\/yoast.com\/product\/yoast-seo-wordpress\/ -->\n<title>Handige Links voor een fijne Vakantie in de Algarve - Monte Rosa Portugal<\/title>\n<meta name=\"description\" content=\"Vind hier alle handige links op het gebied van bereikbaarheid, excursies, wandelen en fietsen, yoga en meditatie en bevriende reisorganisaties.\" \/>\n<meta name=\"robots\" content=\"index, follow, max-snippet:-1, max-image-preview:large, max-video-preview:-1\" \/>\n<link rel=\"canonical\" href=\"https:\/\/www.monterosaportugal.com\/nl\/praktischeinfo\/links\/\" \/>\n<meta property=\"og:locale\" content=\"nl_NL\" \/>\n<meta property=\"og:type\" content=\"article\" \/>\n<meta property=\"og:title\" content=\"Handige Links voor een fijne Vakantie in de Algarve - Monte Rosa Portugal\" \/>\n<meta property=\"og:description\" content=\"Vind hier alle handige links op het gebied van bereikbaarheid, excursies, wandelen en fietsen, yoga en meditatie en bevriende reisorganisaties.\" \/>\n<meta property=\"og:url\" content=\"https:\/\/www.monterosaportugal.com\/nl\/praktischeinfo\/links\/\" \/>\n<meta property=\"og:site_name\" content=\"Monte Rosa Portugal\" \/>\n<meta property=\"article:modified_time\" content=\"2026-01-09T12:29:48+00:00\" \/>\n<meta name=\"twitter:card\" content=\"summary_large_image\" \/>\n<meta name=\"twitter:label1\" content=\"Geschatte leestijd\" \/>\n\t<meta name=\"twitter:data1\" content=\"1 minuut\" \/>\n<script type=\"application\/ld+json\" class=\"yoast-schema-graph\">{\"@context\":\"https:\\\/\\\/schema.org\",\"@graph\":[{\"@type\":\"WebPage\",\"@id\":\"https:\\\/\\\/www.monterosaportugal.com\\\/nl\\\/praktischeinfo\\\/links\\\/\",\"url\":\"https:\\\/\\\/www.monterosaportugal.com\\\/nl\\\/praktischeinfo\\\/links\\\/\",\"name\":\"Handige Links voor een fijne Vakantie in de Algarve - Monte Rosa Portugal\",\"isPartOf\":{\"@id\":\"https:\\\/\\\/www.monterosaportugal.com\\\/nl\\\/#website\"},\"datePublished\":\"2019-01-10T00:21:20+00:00\",\"dateModified\":\"2026-01-09T12:29:48+00:00\",\"description\":\"Vind hier alle handige links op het gebied van bereikbaarheid, excursies, wandelen en fietsen, yoga en meditatie en bevriende reisorganisaties.\",\"breadcrumb\":{\"@id\":\"https:\\\/\\\/www.monterosaportugal.com\\\/nl\\\/praktischeinfo\\\/links\\\/#breadcrumb\"},\"inLanguage\":\"nl-NL\",\"potentialAction\":[{\"@type\":\"ReadAction\",\"target\":[\"https:\\\/\\\/www.monterosaportugal.com\\\/nl\\\/praktischeinfo\\\/links\\\/\"]}]},{\"@type\":\"BreadcrumbList\",\"@id\":\"https:\\\/\\\/www.monterosaportugal.com\\\/nl\\\/praktischeinfo\\\/links\\\/#breadcrumb\",\"itemListElement\":[{\"@type\":\"ListItem\",\"position\":1,\"name\":\"Home\",\"item\":\"https:\\\/\\\/www.monterosaportugal.com\\\/nl\\\/\"},{\"@type\":\"ListItem\",\"position\":2,\"name\":\"Praktische info\",\"item\":\"https:\\\/\\\/www.monterosaportugal.com\\\/nl\\\/praktischeinfo\\\/\"},{\"@type\":\"ListItem\",\"position\":3,\"name\":\"Links\"}]},{\"@type\":\"WebSite\",\"@id\":\"https:\\\/\\\/www.monterosaportugal.com\\\/nl\\\/#website\",\"url\":\"https:\\\/\\\/www.monterosaportugal.com\\\/nl\\\/\",\"name\":\"Monte Rosa Portugal\",\"description\":\"Landelijk gelegen gastenaccommodatie met cursusruimte in Portugal\",\"potentialAction\":[{\"@type\":\"SearchAction\",\"target\":{\"@type\":\"EntryPoint\",\"urlTemplate\":\"https:\\\/\\\/www.monterosaportugal.com\\\/nl\\\/?s={search_term_string}\"},\"query-input\":{\"@type\":\"PropertyValueSpecification\",\"valueRequired\":true,\"valueName\":\"search_term_string\"}}],\"inLanguage\":\"nl-NL\"}]}<\/script>\n<!-- \/ Yoast SEO plugin. -->","yoast_head_json":{"title":"Handige Links voor een fijne Vakantie in de Algarve - Monte Rosa Portugal","description":"Vind hier alle handige links op het gebied van bereikbaarheid, excursies, wandelen en fietsen, yoga en meditatie en bevriende reisorganisaties.","robots":{"index":"index","follow":"follow","max-snippet":"max-snippet:-1","max-image-preview":"max-image-preview:large","max-video-preview":"max-video-preview:-1"},"canonical":"https:\/\/www.monterosaportugal.com\/nl\/praktischeinfo\/links\/","og_locale":"nl_NL","og_type":"article","og_title":"Handige Links voor een fijne Vakantie in de Algarve - Monte Rosa Portugal","og_description":"Vind hier alle handige links op het gebied van bereikbaarheid, excursies, wandelen en fietsen, yoga en meditatie en bevriende reisorganisaties.","og_url":"https:\/\/www.monterosaportugal.com\/nl\/praktischeinfo\/links\/","og_site_name":"Monte Rosa Portugal","article_modified_time":"2026-01-09T12:29:48+00:00","twitter_card":"summary_large_image","twitter_misc":{"Geschatte leestijd":"1 minuut"},"schema":{"@context":"https:\/\/schema.org","@graph":[{"@type":"WebPage","@id":"https:\/\/www.monterosaportugal.com\/nl\/praktischeinfo\/links\/","url":"https:\/\/www.monterosaportugal.com\/nl\/praktischeinfo\/links\/","name":"Handige Links voor een fijne Vakantie in de Algarve - Monte Rosa Portugal","isPartOf":{"@id":"https:\/\/www.monterosaportugal.com\/nl\/#website"},"datePublished":"2019-01-10T00:21:20+00:00","dateModified":"2026-01-09T12:29:48+00:00","description":"Vind hier alle handige links op het gebied van bereikbaarheid, excursies, wandelen en fietsen, yoga en meditatie en bevriende reisorganisaties.","breadcrumb":{"@id":"https:\/\/www.monterosaportugal.com\/nl\/praktischeinfo\/links\/#breadcrumb"},"inLanguage":"nl-NL","potentialAction":[{"@type":"ReadAction","target":["https:\/\/www.monterosaportugal.com\/nl\/praktischeinfo\/links\/"]}]},{"@type":"BreadcrumbList","@id":"https:\/\/www.monterosaportugal.com\/nl\/praktischeinfo\/links\/#breadcrumb","itemListElement":[{"@type":"ListItem","position":1,"name":"Home","item":"https:\/\/www.monterosaportugal.com\/nl\/"},{"@type":"ListItem","position":2,"name":"Praktische info","item":"https:\/\/www.monterosaportugal.com\/nl\/praktischeinfo\/"},{"@type":"ListItem","position":3,"name":"Links"}]},{"@type":"WebSite","@id":"https:\/\/www.monterosaportugal.com\/nl\/#website","url":"https:\/\/www.monterosaportugal.com\/nl\/","name":"Monte Rosa Portugal","description":"Landelijk gelegen gastenaccommodatie met cursusruimte in Portugal","potentialAction":[{"@type":"SearchAction","target":{"@type":"EntryPoint","urlTemplate":"https:\/\/www.monterosaportugal.com\/nl\/?s={search_term_string}"},"query-input":{"@type":"PropertyValueSpecification","valueRequired":true,"valueName":"search_term_string"}}],"inLanguage":"nl-NL"}]}},"jetpack_sharing_enabled":true,"jetpack-related-posts":[],"_links":{"self":[{"href":"https:\/\/www.monterosaportugal.com\/nl\/wp-json\/wp\/v2\/pages\/803","targetHints":{"allow":["GET"]}}],"collection":[{"href":"https:\/\/www.monterosaportugal.com\/nl\/wp-json\/wp\/v2\/pages"}],"about":[{"href":"https:\/\/www.monterosaportugal.com\/nl\/wp-json\/wp\/v2\/types\/page"}],"author":[{"embeddable":true,"href":"https:\/\/www.monterosaportugal.com\/nl\/wp-json\/wp\/v2\/users\/1"}],"replies":[{"embeddable":true,"href":"https:\/\/www.monterosaportugal.com\/nl\/wp-json\/wp\/v2\/comments?post=803"}],"version-history":[{"count":0,"href":"https:\/\/www.monterosaportugal.com\/nl\/wp-json\/wp\/v2\/pages\/803\/revisions"}],"up":[{"embeddable":true,"href":"https:\/\/www.monterosaportugal.com\/nl\/wp-json\/wp\/v2\/pages\/235"}],"wp:attachment":[{"href":"https:\/\/www.monterosaportugal.com\/nl\/wp-json\/wp\/v2\/media?parent=803"}],"curies":[{"name":"wp","href":"https:\/\/api.w.org\/{rel}","templated":true}]}}