{"id":237,"date":"2018-06-15T13:04:28","date_gmt":"2018-06-15T12:04:28","guid":{"rendered":"https:\/\/www.monterosaportugal.com\/?page_id=237"},"modified":"2026-02-18T17:08:33","modified_gmt":"2026-02-18T17:08:33","slug":"bereikbaarheid","status":"publish","type":"page","link":"https:\/\/www.monterosaportugal.com\/nl\/praktischeinfo\/bereikbaarheid\/","title":{"rendered":"Bereikbaarheid"},"content":{"rendered":"<p>[et_pb_section fb_built=&#8221;1&#8243; fullwidth=&#8221;on&#8221; _builder_version=&#8221;4.16&#8243; custom_padding=&#8221;0|0px|0|0px|false|false&#8221; global_colors_info=&#8221;{}&#8221;][et_pb_fullwidth_image src=&#8221;https:\/\/www.monterosaportugal.com\/wp-content\/uploads\/2020\/06\/Stationnetje_breednew.jpg&#8221; title_text=&#8221;Stationnetje_breednew&#8221; _builder_version=&#8221;4.16&#8243; global_colors_info=&#8221;{}&#8221;][\/et_pb_fullwidth_image][\/et_pb_section][et_pb_section fb_built=&#8221;1&#8243; module_class=&#8221;mr-s-title&#8221; _builder_version=&#8221;4.16&#8243; z_index_tablet=&#8221;500&#8243; global_colors_info=&#8221;{}&#8221;][et_pb_row _builder_version=&#8221;4.16&#8243; z_index_tablet=&#8221;500&#8243; global_colors_info=&#8221;{}&#8221;][et_pb_column type=&#8221;4_4&#8243; _builder_version=&#8221;4.16&#8243; custom_padding=&#8221;|||&#8221; global_colors_info=&#8221;{}&#8221; custom_padding__hover=&#8221;|||&#8221;][et_pb_text admin_label=&#8221;Title&#8221; module_class=&#8221;mr-title&#8221; _builder_version=&#8221;4.16&#8243; text_letter_spacing=&#8221;1px&#8221; z_index_tablet=&#8221;500&#8243; inline_fonts=&#8221;Merriweather&#8221; global_colors_info=&#8221;{}&#8221;]<\/p>\n<h1>Bereikbaarheid<\/h1>\n<p>[\/et_pb_text][et_pb_divider divider_position=&#8221;center&#8221; divider_weight=&#8221;3px&#8221; module_class=&#8221;mr-divider1&#8243; _builder_version=&#8221;4.16&#8243; max_width=&#8221;10%&#8221; module_alignment=&#8221;center&#8221; height=&#8221;0px&#8221; z_index_tablet=&#8221;500&#8243; global_colors_info=&#8221;{}&#8221;][\/et_pb_divider][\/et_pb_column][\/et_pb_row][\/et_pb_section][et_pb_section fb_built=&#8221;1&#8243; module_class=&#8221;mr-s-content c1&#8243; _builder_version=&#8221;4.16&#8243; z_index_tablet=&#8221;500&#8243; global_colors_info=&#8221;{}&#8221;][et_pb_row _builder_version=&#8221;4.16&#8243; width_phone=&#8221;50px&#8221; max_width=&#8221;100%&#8221; max_width_tablet=&#8221;750px&#8221; max_width_phone=&#8221;1280px&#8221; z_index_tablet=&#8221;500&#8243; global_colors_info=&#8221;{}&#8221;][et_pb_column type=&#8221;4_4&#8243; _builder_version=&#8221;4.16&#8243; custom_padding=&#8221;|||&#8221; global_colors_info=&#8221;{}&#8221; custom_padding__hover=&#8221;|||&#8221;][et_pb_team_member name=&#8221;Vliegen naar Faro&#8221; image_url=&#8221;https:\/\/www.monterosaportugal.com\/wp-content\/uploads\/2019\/01\/Transavia.jpg&#8221; _builder_version=&#8221;4.16&#8243; header_font_size=&#8221;26px&#8221; custom_margin=&#8221;||60px|&#8221; z_index_tablet=&#8221;500&#8243; global_colors_info=&#8221;{}&#8221;]<\/p>\n<p><span>Voor een vakantie op Monte Rosa is vliegen op Faro het meest voor de hand liggend. Je kunt zelf online een ticket boeken. Onze suggesties:<\/span><\/p>\n<p><a href=\"https:\/\/www.transavia.com\/nl-NL\/bestemmingen\/portugal\/faro\/\" target=\"_blank\" rel=\"noopener noreferrer\">www.transavia.nl&nbsp; &#8211;&nbsp;&nbsp;<\/a><span>vanaf R&#8217;dam, A&#8217;dam, Eindhoven of Groningen<br \/> <\/span><a href=\"https:\/\/www.ryanair.com\/nl\/nl\/reis-plannen\/bestemmingen\/vluchten-naar-faro\" target=\"_blank\" rel=\"noopener noreferrer\">www.ryanair.com<\/a><span>&nbsp; &#8211;&nbsp; vanaf Eindhoven, Weeze of Brussel Charleroi<\/span><\/p>\n<p><span> Buiten de vakantieperiodes is het eenvoudig een voordelige vlucht te vinden. In het algemeen geldt dat hoe eerder je boekt, hoe goedkoper het is.<\/span><\/p>\n<p>[\/et_pb_team_member][et_pb_team_member name=&#8221;Vliegen naar Lissabon&#8221; image_url=&#8221;https:\/\/www.monterosaportugal.com\/wp-content\/uploads\/2019\/01\/rode-tram.jpg&#8221; _builder_version=&#8221;4.16&#8243; header_font_size=&#8221;26px&#8221; custom_margin=&#8221;||60px|&#8221; z_index_tablet=&#8221;500&#8243; global_colors_info=&#8221;{}&#8221;]<\/p>\n<p><span>Als je zowel van landelijk relaxen als van cultureel genieten houdt, kun je er ook voor kiezen om op Lissabon te vliegen. Combineer je verblijf op Monte Rosa met een aantal nachten in ons <a href=\"https:\/\/www.happystayinlisbon.com\/\" target=\"_blank\" rel=\"noopener noreferrer\">sfeervolle appartement<\/a> in het centrum van de stad. Er zijn veel verschillende opties om naar Lissabon te vliegen, gebruik <a href=\"https:\/\/www.skyscanner.nl\/\" target=\"_blank\" rel=\"noopener noreferrer\">Skyscanner<\/a> om een voordelig ticket te vinden. Onze suggesties:<\/span><\/p>\n<p><a href=\"https:\/\/www.transavia.com\/nl-NL\/bestemmingen\/portugal\/lissabon\/\" target=\"_blank\" rel=\"noopener noreferrer\">www.transavia.nl<\/a>&nbsp; &#8211;&nbsp; vanaf R&#8217;dam, A&#8217;dam of Eindhoven<br \/> <a href=\"https:\/\/www.flytap.com\/en-us\/destinations\/portugal\/lisbon\" target=\"_blank\" rel=\"noopener noreferrer\">www.flytap.com<\/a>&nbsp; &#8211;&nbsp; vanaf A&#8217;dam<\/p>\n<p><span><\/span><\/p>\n<p>[\/et_pb_team_member][et_pb_divider _builder_version=&#8221;4.16&#8243; height=&#8221;0px&#8221; global_colors_info=&#8221;{}&#8221;][\/et_pb_divider][et_pb_text _builder_version=&#8221;4.16&#8243; text_font=&#8221;Merriweather||||||||&#8221; text_text_color=&#8221;#0a0000&#8243; header_font=&#8221;Merriweather||||||||&#8221; text_orientation=&#8221;center&#8221; global_colors_info=&#8221;{}&#8221;]<\/p>\n<p style=\"text-align: center;\"><span style=\"font-size: large;\"><em><span style=\"color: #000080;\"><strong>Tip<\/strong><\/span><\/em><\/span><br \/><span color=\"#000000\" style=\"color: #000000;\"><i>Om de prijs van het vliegticket te drukken, loont het soms de moeite om in plaats van een retourticket twee keer een enkele reis te boeken. Vlieg heen met Transavia en terug met Ryanair als dat voor jou gunstiger is. Ook wat vliegtijden betreft geeft dit je veel meer flexibiliteit. En, je kunt er zelfs voor kiezen om heen op Faro te vliegen en terug van Lissabon of\u00a0<span color=\"#000000\">bijvoorbeeld <\/span>Sevilla!\u00a0<\/i><\/span><\/p>\n<p style=\"text-align: center;\"><span style=\"color: #000000;\"><em><\/em><\/span><\/p>\n<p>[\/et_pb_text][et_pb_divider _builder_version=&#8221;4.16&#8243; height=&#8221;0px&#8221; custom_margin=&#8221;||60px|&#8221; z_index_tablet=&#8221;500&#8243; global_colors_info=&#8221;{}&#8221;][\/et_pb_divider][et_pb_team_member name=&#8221;Huur een auto&#8221; image_url=&#8221;https:\/\/www.monterosaportugal.com\/wp-content\/uploads\/2019\/06\/Bereikbaarheid_Route.jpg&#8221; _builder_version=&#8221;4.27.5&#8243; header_font_size=&#8221;26px&#8221; custom_margin=&#8221;||60px|&#8221; child_filter_saturate=&#8221;117%&#8221; child_filter_brightness=&#8221;102%&#8221; child_filter_contrast=&#8221;112%&#8221; hover_enabled=&#8221;0&#8243; z_index_tablet=&#8221;500&#8243; global_colors_info=&#8221;{}&#8221; sticky_enabled=&#8221;0&#8243;]<\/p>\n<p>De meeste van onze gasten huren een auto. Het is de makkelijkste manier om de omgeving te verkennen.&nbsp;Monte Rosa werkt samen met een plaatselijk (bevriend) autoverhuurbedrijf waar we hele goede ervaringen mee hebben. Er is een snelle afhandeling en er is geen borg vereist. Je betaalt ter plekke met creditcard of in cash. <a href=\"https:\/\/www.monterosaportugal.com\/wp-content\/uploads\/2026\/02\/Tabela-do-preco-Anual-2026.pdf\" target=\"_blank\" rel=\"noopener\">Bekijk hier de prijzen van de verschillende typen auto&#8217;s<\/a>. In het laagseizoen huur je al een auto voor \u20ac80 per week. Het eigen risico (\u20ac450) kun je afkopen. Een kinderstoeltje of &#8216;soft rack&#8217; voor surfboards is gratis. Meer weten? Mail ons: <a href=\"m&#97;&#105;&#x6c;&#x74;o:&#105;&#110;&#x66;&#x6f;&#64;m&#111;&#110;&#x74;&#x65;ro&#115;&#x61;&#x70;&#x6f;r&#116;&#117;&#x67;&#x61;&#x6c;&#46;&#99;&#111;&#x6d;\">inf&#111;&#64;&#109;&#111;&#x6e;&#x74;&#x65;&#x72;&#x6f;&#x73;&#x61;por&#116;&#117;&#103;&#97;&#108;&#x2e;&#x63;&#x6f;&#x6d;<\/a><\/p>\n<p>[\/et_pb_team_member][et_pb_team_member name=&#8221;Transfer Service&#8221; image_url=&#8221;https:\/\/www.monterosaportugal.com\/wp-content\/uploads\/2019\/01\/transport-met-gasten.jpg&#8221; _builder_version=&#8221;4.16&#8243; header_font_size=&#8221;26px&#8221; custom_margin=&#8221;||60px|&#8221; child_filter_saturate=&#8221;113%&#8221; child_filter_brightness=&#8221;114%&#8221; z_index_tablet=&#8221;500&#8243; global_colors_info=&#8221;{}&#8221;]<\/p>\n<p>Heb je geen eigen vervoer vanaf de luchthaven, dan kun je een beroep doen op onze transferservice. Voor afhalen brengen we \u20ac95 per rit (max 4 personen) in rekening en wegbrengen kost \u20ac85 per rit. Je wordt afgehaald met een naambordje. Vergeet niet van te voren duidelijk je aankomsttijd en vluchtnummer door te geven. Er bestaat ook de mogelijkheid een gedeelde transfer of shuttle van Faro Airport naar Lagos te regelen. Je kunt dit zelf online aanvragen, er zijn verschillende aanbieders actief. De meeste van deze aanbieders bieden de shuttleservice alleen in het hoogseizoen aan.<\/p>\n<p><span><\/span><\/p>\n<p>[\/et_pb_team_member][et_pb_team_member name=&#8221;Openbaar Vervoer&#8221; image_url=&#8221;https:\/\/www.monterosaportugal.com\/wp-content\/uploads\/2019\/01\/openbaar-vervoerTheo-op-station.jpg&#8221; _builder_version=&#8221;4.17.0&#8243; header_font_size=&#8221;26px&#8221; custom_margin=&#8221;||60px|&#8221; z_index_tablet=&#8221;500&#8243; global_colors_info=&#8221;{}&#8221;]<\/p>\n<p>Van Faro Airport reis je per bus of taxi naar het treinstation. De trein van Faro naar Lagos doet er ongeveer een uur en veertig minuten over. Het is ook mogelijk vanaf Faro de bus naar Lagos te nemen. Vanaf Lagos kunnen we je voor \u20ac10 afhalen. Vraag dit van tevoren aan. Na 19.00 verzoeken we een taxi te nemen. Meer informatie over trein- en bustijden vind je hier:<br \/>Trein: <a href=\"https:\/\/www.cp.pt\/passageiros\/en\/train-times\" target=\"_blank\" rel=\"noopener noreferrer\">www.cp.pt<\/a><br \/>Bus: <a href=\"https:\/\/www.rede-expressos.pt\" target=\"_blank\" rel=\"noopener noreferrer\">www.rede-expressos.pt<\/a> \/ <a href=\"https:\/\/www.alsa.com\/pt\/web\/bus\/aeroportos\/faro\" target=\"_blank\" rel=\"noopener\">www.alsa.com<\/a> \/ <a href=\"http:\/\/eva-bus.com\/index.php?lang=uk\" target=\"_blank\" rel=\"noopener noreferrer\">www.eva-bus.com<\/a><a href=\"https:\/\/www.rede-expressos.pt\/en\/\" target=\"_blank\" rel=\"noopener noreferrer\"><\/a><br \/>Lokale bus (verbinding Lagos -Bar\u00e3o de S\u00e3o Jo\u00e3o): <a href=\"http:\/\/aonda.pt\/onda.php?lid=6\" target=\"_blank\" rel=\"noopener noreferrer\">www.onda.pt<\/a><\/p>\n<p>[\/et_pb_team_member][et_pb_team_member name=&#8221;Routebeschrijving&#8221; image_url=&#8221;https:\/\/www.monterosaportugal.com\/wp-content\/uploads\/2019\/01\/AutoHuren.jpg&#8221; _builder_version=&#8221;4.16&#8243; header_font_size=&#8221;26px&#8221; custom_margin=&#8221;||60px|&#8221; z_index_tablet=&#8221;500&#8243; global_colors_info=&#8221;{}&#8221;]<\/p>\n<div class=\"page\" title=\"Page 2\">\n<div class=\"section\">\n<div class=\"layoutArea\">\n<div class=\"column\">\n<p><span>Volg vanaf het vliegveld de borden richting de snelweg A22, Portim\u00e3o\/Lisboa. Er is twee keer een afslag naar rechts (richting Portim\u00e3o\/Albufeira) voor je op de A22 komt. Vervolgens de A22 alsmaar blijven volgen. Volg de richting \u2018Sines\u2019 tot de snelweg ophoudt. Neem op de rotonde de 1e afslag richting Bensafrim.&nbsp;<\/span>Direct na het dorp ga je rechtsaf richting Bar\u00e3o de S\u00e3o Jo\u00e3o. Volg de weg tot je na zo\u2019n 5 km in Bar\u00e3o de S\u00e3o Jo\u00e3o aankomt. Bij de kerk (aan je linkerhand) ga je linksaf en daarna weer linksaf richting Lagos. Na een kleine 2 km vind je aan je rechterhand het rode bord van Monte Rosa.<\/p>\n<\/div>\n<\/div>\n<\/div>\n<\/div>\n<p>[\/et_pb_team_member][et_pb_team_member name=&#8221;Carbon Footprint&#8221; image_url=&#8221;https:\/\/www.monterosaportugal.com\/wp-content\/uploads\/2019\/01\/Carbon-Footprint2.jpg&#8221; _builder_version=&#8221;4.16&#8243; header_font_size=&#8221;26px&#8221; custom_margin=&#8221;||60px|&#8221; z_index_tablet=&#8221;500&#8243; border_color_all_image=&#8221;#002d8e&#8221; global_colors_info=&#8221;{}&#8221;]<\/p>\n<p>We maken je er graag attent op de mogelijkheid om de CO2-vervuiling die je veroorzaakt met je vliegreis (gedeeltelijk) te compenseren door iets terug te geven aan de aarde. Meer informatie vind je bijvoorbeeld op:<\/p>\n<p><a href=\"http:\/\/www.carbonfootprint.com\/\" target=\"_blank\" rel=\"noopener noreferrer\">www.carbonfootprint.com<br \/> <\/a><a href=\"http:\/\/www.treesforlife.org.uk\/\" target=\"_blank\" rel=\"noopener noreferrer\">www.treesforlife.org.uk<\/a><\/p>\n<p>[\/et_pb_team_member][\/et_pb_column][\/et_pb_row][\/et_pb_section]<\/p>\n","protected":false},"excerpt":{"rendered":"<p>Bereikbaarheid Voor een vakantie op Monte Rosa is vliegen op Faro het meest voor de hand liggend. Je kunt zelf online een ticket boeken. Onze suggesties: www.transavia.nl&nbsp; &#8211;&nbsp;&nbsp;vanaf R&#8217;dam, A&#8217;dam, Eindhoven of Groningen www.ryanair.com&nbsp; &#8211;&nbsp; vanaf Eindhoven, Weeze of Brussel Charleroi Buiten de vakantieperiodes is het eenvoudig een voordelige vlucht te vinden. In het algemeen [&hellip;]<\/p>\n","protected":false},"author":1,"featured_media":0,"parent":235,"menu_order":0,"comment_status":"closed","ping_status":"closed","template":"","meta":{"_et_pb_use_builder":"on","_et_pb_old_content":"","_et_gb_content_width":"","ngg_post_thumbnail":0,"footnotes":""},"class_list":["post-237","page","type-page","status-publish","hentry"],"yoast_head":"<!-- This site is optimized with the Yoast SEO plugin v27.6 - https:\/\/yoast.com\/product\/yoast-seo-wordpress\/ -->\n<title>Bereikbaarheid, Vliegen naar Portugal, Autohuur - Monte Rosa Portugal<\/title>\n<meta name=\"description\" content=\"Voor een vakantie op Monte Rosa is vliegen op Faro het meest voor de hand liggend. Je kunt zelf online een ticket boeken.\" \/>\n<meta name=\"robots\" content=\"index, follow, max-snippet:-1, max-image-preview:large, max-video-preview:-1\" \/>\n<link rel=\"canonical\" href=\"https:\/\/www.monterosaportugal.com\/nl\/praktischeinfo\/bereikbaarheid\/\" \/>\n<meta property=\"og:locale\" content=\"nl_NL\" \/>\n<meta property=\"og:type\" content=\"article\" \/>\n<meta property=\"og:title\" content=\"Bereikbaarheid, Vliegen naar Portugal, Autohuur - Monte Rosa Portugal\" \/>\n<meta property=\"og:description\" content=\"Voor een vakantie op Monte Rosa is vliegen op Faro het meest voor de hand liggend. Je kunt zelf online een ticket boeken.\" \/>\n<meta property=\"og:url\" content=\"https:\/\/www.monterosaportugal.com\/nl\/praktischeinfo\/bereikbaarheid\/\" \/>\n<meta property=\"og:site_name\" content=\"Monte Rosa Portugal\" \/>\n<meta property=\"article:modified_time\" content=\"2026-02-18T17:08:33+00:00\" \/>\n<meta name=\"twitter:card\" content=\"summary_large_image\" \/>\n<meta name=\"twitter:label1\" content=\"Geschatte leestijd\" \/>\n\t<meta name=\"twitter:data1\" content=\"5 minuten\" \/>\n<script type=\"application\/ld+json\" class=\"yoast-schema-graph\">{\"@context\":\"https:\\\/\\\/schema.org\",\"@graph\":[{\"@type\":\"WebPage\",\"@id\":\"https:\\\/\\\/www.monterosaportugal.com\\\/nl\\\/praktischeinfo\\\/bereikbaarheid\\\/\",\"url\":\"https:\\\/\\\/www.monterosaportugal.com\\\/nl\\\/praktischeinfo\\\/bereikbaarheid\\\/\",\"name\":\"Bereikbaarheid, Vliegen naar Portugal, Autohuur - Monte Rosa Portugal\",\"isPartOf\":{\"@id\":\"https:\\\/\\\/www.monterosaportugal.com\\\/nl\\\/#website\"},\"datePublished\":\"2018-06-15T12:04:28+00:00\",\"dateModified\":\"2026-02-18T17:08:33+00:00\",\"description\":\"Voor een vakantie op Monte Rosa is vliegen op Faro het meest voor de hand liggend. Je kunt zelf online een ticket boeken.\",\"breadcrumb\":{\"@id\":\"https:\\\/\\\/www.monterosaportugal.com\\\/nl\\\/praktischeinfo\\\/bereikbaarheid\\\/#breadcrumb\"},\"inLanguage\":\"nl-NL\",\"potentialAction\":[{\"@type\":\"ReadAction\",\"target\":[\"https:\\\/\\\/www.monterosaportugal.com\\\/nl\\\/praktischeinfo\\\/bereikbaarheid\\\/\"]}]},{\"@type\":\"BreadcrumbList\",\"@id\":\"https:\\\/\\\/www.monterosaportugal.com\\\/nl\\\/praktischeinfo\\\/bereikbaarheid\\\/#breadcrumb\",\"itemListElement\":[{\"@type\":\"ListItem\",\"position\":1,\"name\":\"Home\",\"item\":\"https:\\\/\\\/www.monterosaportugal.com\\\/nl\\\/\"},{\"@type\":\"ListItem\",\"position\":2,\"name\":\"Praktische info\",\"item\":\"https:\\\/\\\/www.monterosaportugal.com\\\/nl\\\/praktischeinfo\\\/\"},{\"@type\":\"ListItem\",\"position\":3,\"name\":\"Bereikbaarheid\"}]},{\"@type\":\"WebSite\",\"@id\":\"https:\\\/\\\/www.monterosaportugal.com\\\/nl\\\/#website\",\"url\":\"https:\\\/\\\/www.monterosaportugal.com\\\/nl\\\/\",\"name\":\"Monte Rosa Portugal\",\"description\":\"Landelijk gelegen gastenaccommodatie met cursusruimte in Portugal\",\"potentialAction\":[{\"@type\":\"SearchAction\",\"target\":{\"@type\":\"EntryPoint\",\"urlTemplate\":\"https:\\\/\\\/www.monterosaportugal.com\\\/nl\\\/?s={search_term_string}\"},\"query-input\":{\"@type\":\"PropertyValueSpecification\",\"valueRequired\":true,\"valueName\":\"search_term_string\"}}],\"inLanguage\":\"nl-NL\"}]}<\/script>\n<!-- \/ Yoast SEO plugin. -->","yoast_head_json":{"title":"Bereikbaarheid, Vliegen naar Portugal, Autohuur - Monte Rosa Portugal","description":"Voor een vakantie op Monte Rosa is vliegen op Faro het meest voor de hand liggend. Je kunt zelf online een ticket boeken.","robots":{"index":"index","follow":"follow","max-snippet":"max-snippet:-1","max-image-preview":"max-image-preview:large","max-video-preview":"max-video-preview:-1"},"canonical":"https:\/\/www.monterosaportugal.com\/nl\/praktischeinfo\/bereikbaarheid\/","og_locale":"nl_NL","og_type":"article","og_title":"Bereikbaarheid, Vliegen naar Portugal, Autohuur - Monte Rosa Portugal","og_description":"Voor een vakantie op Monte Rosa is vliegen op Faro het meest voor de hand liggend. Je kunt zelf online een ticket boeken.","og_url":"https:\/\/www.monterosaportugal.com\/nl\/praktischeinfo\/bereikbaarheid\/","og_site_name":"Monte Rosa Portugal","article_modified_time":"2026-02-18T17:08:33+00:00","twitter_card":"summary_large_image","twitter_misc":{"Geschatte leestijd":"5 minuten"},"schema":{"@context":"https:\/\/schema.org","@graph":[{"@type":"WebPage","@id":"https:\/\/www.monterosaportugal.com\/nl\/praktischeinfo\/bereikbaarheid\/","url":"https:\/\/www.monterosaportugal.com\/nl\/praktischeinfo\/bereikbaarheid\/","name":"Bereikbaarheid, Vliegen naar Portugal, Autohuur - Monte Rosa Portugal","isPartOf":{"@id":"https:\/\/www.monterosaportugal.com\/nl\/#website"},"datePublished":"2018-06-15T12:04:28+00:00","dateModified":"2026-02-18T17:08:33+00:00","description":"Voor een vakantie op Monte Rosa is vliegen op Faro het meest voor de hand liggend. Je kunt zelf online een ticket boeken.","breadcrumb":{"@id":"https:\/\/www.monterosaportugal.com\/nl\/praktischeinfo\/bereikbaarheid\/#breadcrumb"},"inLanguage":"nl-NL","potentialAction":[{"@type":"ReadAction","target":["https:\/\/www.monterosaportugal.com\/nl\/praktischeinfo\/bereikbaarheid\/"]}]},{"@type":"BreadcrumbList","@id":"https:\/\/www.monterosaportugal.com\/nl\/praktischeinfo\/bereikbaarheid\/#breadcrumb","itemListElement":[{"@type":"ListItem","position":1,"name":"Home","item":"https:\/\/www.monterosaportugal.com\/nl\/"},{"@type":"ListItem","position":2,"name":"Praktische info","item":"https:\/\/www.monterosaportugal.com\/nl\/praktischeinfo\/"},{"@type":"ListItem","position":3,"name":"Bereikbaarheid"}]},{"@type":"WebSite","@id":"https:\/\/www.monterosaportugal.com\/nl\/#website","url":"https:\/\/www.monterosaportugal.com\/nl\/","name":"Monte Rosa Portugal","description":"Landelijk gelegen gastenaccommodatie met cursusruimte in Portugal","potentialAction":[{"@type":"SearchAction","target":{"@type":"EntryPoint","urlTemplate":"https:\/\/www.monterosaportugal.com\/nl\/?s={search_term_string}"},"query-input":{"@type":"PropertyValueSpecification","valueRequired":true,"valueName":"search_term_string"}}],"inLanguage":"nl-NL"}]}},"jetpack_sharing_enabled":true,"jetpack-related-posts":[],"_links":{"self":[{"href":"https:\/\/www.monterosaportugal.com\/nl\/wp-json\/wp\/v2\/pages\/237","targetHints":{"allow":["GET"]}}],"collection":[{"href":"https:\/\/www.monterosaportugal.com\/nl\/wp-json\/wp\/v2\/pages"}],"about":[{"href":"https:\/\/www.monterosaportugal.com\/nl\/wp-json\/wp\/v2\/types\/page"}],"author":[{"embeddable":true,"href":"https:\/\/www.monterosaportugal.com\/nl\/wp-json\/wp\/v2\/users\/1"}],"replies":[{"embeddable":true,"href":"https:\/\/www.monterosaportugal.com\/nl\/wp-json\/wp\/v2\/comments?post=237"}],"version-history":[{"count":0,"href":"https:\/\/www.monterosaportugal.com\/nl\/wp-json\/wp\/v2\/pages\/237\/revisions"}],"up":[{"embeddable":true,"href":"https:\/\/www.monterosaportugal.com\/nl\/wp-json\/wp\/v2\/pages\/235"}],"wp:attachment":[{"href":"https:\/\/www.monterosaportugal.com\/nl\/wp-json\/wp\/v2\/media?parent=237"}],"curies":[{"name":"wp","href":"https:\/\/api.w.org\/{rel}","templated":true}]}}