{"id":179,"date":"2018-06-15T12:37:11","date_gmt":"2018-06-15T12:37:11","guid":{"rendered":"https:\/\/www.monterosaportugal.com\/?page_id=179"},"modified":"2025-01-02T12:19:15","modified_gmt":"2025-01-02T12:19:15","slug":"fietsen","status":"publish","type":"page","link":"https:\/\/www.monterosaportugal.com\/nl\/activiteiten\/fietsen\/","title":{"rendered":"Fietsen"},"content":{"rendered":"<p>[et_pb_section fb_built=&#8221;1&#8243; fullwidth=&#8221;on&#8221; _builder_version=&#8221;4.16&#8243; custom_padding=&#8221;0|0px|0|0px|false|false&#8221; global_colors_info=&#8221;{}&#8221;][et_pb_fullwidth_image src=&#8221;https:\/\/www.monterosaportugal.com\/wp-content\/uploads\/2019\/11\/FietsenBreednew.jpg&#8221; _builder_version=&#8221;4.16&#8243; global_colors_info=&#8221;{}&#8221;][\/et_pb_fullwidth_image][\/et_pb_section][et_pb_section fb_built=&#8221;1&#8243; module_class=&#8221;mr-s-title c1&#8243; _builder_version=&#8221;4.16&#8243; z_index_tablet=&#8221;500&#8243; global_colors_info=&#8221;{}&#8221;][et_pb_row module_class=&#8221;mr-s-title&#8221; _builder_version=&#8221;4.16&#8243; z_index_tablet=&#8221;500&#8243; global_colors_info=&#8221;{}&#8221;][et_pb_column type=&#8221;4_4&#8243; _builder_version=&#8221;4.16&#8243; custom_padding=&#8221;|||&#8221; global_colors_info=&#8221;{}&#8221; custom_padding__hover=&#8221;|||&#8221;][et_pb_text admin_label=&#8221;Title&#8221; module_class=&#8221;mr-title&#8221; _builder_version=&#8221;4.16&#8243; text_letter_spacing=&#8221;1px&#8221; z_index_tablet=&#8221;500&#8243; inline_fonts=&#8221;Merriweather&#8221; global_colors_info=&#8221;{}&#8221;]<\/p>\n<h1>Fietsen<\/h1>\n<p>[\/et_pb_text][et_pb_divider divider_position=&#8221;center&#8221; divider_weight=&#8221;3px&#8221; module_class=&#8221;mr-divider2&#8243; _builder_version=&#8221;4.16&#8243; max_width=&#8221;10%&#8221; module_alignment=&#8221;center&#8221; height=&#8221;0px&#8221; z_index_tablet=&#8221;500&#8243; global_colors_info=&#8221;{}&#8221;][\/et_pb_divider][et_pb_text admin_label=&#8221;Subtitle&#8221; module_class=&#8221;mr-title-desc&#8221; _builder_version=&#8221;4.16&#8243; text_font=&#8221;Merriweather||||||||&#8221; text_text_color=&#8221;#0a0000&#8243; header_font=&#8221;Merriweather||||||||&#8221; text_orientation=&#8221;center&#8221; z_index_tablet=&#8221;500&#8243; global_colors_info=&#8221;{}&#8221;]<\/p>\n<p>In de omgeving van Monte Rosa zijn er zowel over de verharde wegen als over de paden in het binnenland mooie fietsroutes te vinden. Voor de enigszins geoefende fietser zijn het prachtige tochten. De heuvels zijn gemiddeld zo&#8217;n 300 tot 400 meter hoog en over het algemeen kort, dus goed te &#8216;beklimmen&#8217;.&nbsp;Op de verharde wegen, die vrij goed zijn onderhouden, kun je met een wegfiets of een mountainbike terecht. Door het veld dan kun je uiteraard niet zonder een mountainbike.<\/p>\n<p>[\/et_pb_text][\/et_pb_column][\/et_pb_row][\/et_pb_section][et_pb_section fb_built=&#8221;1&#8243; module_class=&#8221;mr-s-content c1&#8243; _builder_version=&#8221;4.16&#8243; z_index_tablet=&#8221;500&#8243; global_colors_info=&#8221;{}&#8221;][et_pb_row module_class=&#8221;fietsen-prsn&#8221; _builder_version=&#8221;4.16&#8243; z_index_tablet=&#8221;500&#8243; custom_width_px=&#8221;827px&#8221; global_colors_info=&#8221;{}&#8221;][et_pb_column type=&#8221;4_4&#8243; _builder_version=&#8221;4.16&#8243; custom_padding=&#8221;|||&#8221; global_colors_info=&#8221;{}&#8221; custom_padding__hover=&#8221;|||&#8221;][et_pb_team_member name=&#8221;Huur een Fiets op Monte Rosa&#8221; image_url=&#8221;https:\/\/www.monterosaportugal.com\/wp-content\/uploads\/2019\/01\/Fiets.jpg&#8221; _builder_version=&#8221;4.16&#8243; header_font_size=&#8221;26px&#8221; custom_margin=&#8221;||60px|&#8221; z_index_tablet=&#8221;500&#8243; global_colors_info=&#8221;{}&#8221;]<\/p>\n<p>Het is mogelijk om op Monte Rosa fietsen te huren. Er zijn zowel mountainbikes als trekkingfietsen beschikbaar (v.a. \u20ac12,50 per dag), waarmee je prachtige tochten in de buurt kunt maken.<span>Voor de niet zo ervaren fietsers heeft Monte Rosa een aantal fietsroutes voor over de weg en in het terrein. We helpen je graag op weg! Ga je met de mountainbike op pad, dan zijn een aantal wandelroutes ook zeer geschikt. De Via Algarviana (GR13) bijvoorbeeld, die de volledige Algarve van oost naar west doorkruist, is ook goed te doen op de fiets.\u00a0<\/span><span><\/span><\/p>\n<p><span style=\"font-family: Merriweather; font-weight: normal; font-size: small;\"><span><\/span><\/span><\/p>\n<p>[\/et_pb_team_member][et_pb_team_member name=&#8221;Fietsen in Portugal&#8221; image_url=&#8221;https:\/\/www.monterosaportugal.com\/wp-content\/uploads\/2019\/11\/FietsenInPortugal.jpg&#8221; _builder_version=&#8221;4.16&#8243; header_font_size=&#8221;26px&#8221; custom_margin=&#8221;||60px|&#8221; z_index_tablet=&#8221;500&#8243; global_colors_info=&#8221;{}&#8221;]<\/p>\n<p><span>In Portugal wordt steeds meer gefietst! Voor de wegfietser is de secundaire weg de beste keus, omdat de doorgaande wegen vaak druk zijn en de &#8216;fietskant&#8217; vaak smal is. De wegen zijn meestal glooiend, vaak omzoomd door wijnvelden, bossen of boerenakkers. De bewegwijzering is goed en je komt door kleine rustieke dorpjes. Mountainbikers kunnen hun hart ophalen met de vele uitgezette routes in de nabije omgeving van Monte Rosa, bijvoorbeeld in de Mata Nacional &#8211; het beschermd natuurgebied achter\u00a0Bar\u00e3o de S\u00e3o Jo\u00e3o.<\/span><\/p>\n<p>[\/et_pb_team_member][et_pb_team_member name=&#8221;Monte Rosa Fietsarrangement&#8221; image_url=&#8221;https:\/\/www.monterosaportugal.com\/wp-content\/uploads\/2019\/01\/fietsers-bij-Marmelete.jpg&#8221; _builder_version=&#8221;4.27.4&#8243; header_font_size=&#8221;26px&#8221; custom_margin=&#8221;||60px|&#8221; z_index_tablet=&#8221;500&#8243; global_colors_info=&#8221;{}&#8221;]<\/p>\n<p>Ben je van plan een week of langer naar Monte Rosa te komen om te fietsen? Dan is ons fietsarrangementen misschien iets voor jou. We bieden een\u00a0<span>gevarieerd programma, met trekkingstochten (30 tot 60 km) langs kust en door het binnenland.\u00a0Je fietst onder andere door de dorpen Praia da Luz, Burgau, Pincho en het historische stadje Lagos. Een uitstapje maken naar het stuwmeer &#8216;Barragem da Bravure&#8217; is zeker de moeite waard. Daarnaast verwennen we je met heerlijke ontbijtjes en een diner. Ook mogelijk met de E-Bike! <\/span><\/p>\n<p><span style=\"font-size: small;\"><a href=\"https:\/\/www.monterosaportugal.com\/wp-content\/uploads\/2025\/01\/Monte-Rosa-Fietsweek.pdf\">klik hier<\/a> voor onze fietsarrangementen<\/span><\/p>\n<p><span style=\"font-family: Merriweather; font-weight: normal; font-size: small;\"><span><\/span><\/span><\/p>\n<p>[\/et_pb_team_member][et_pb_team_member name=&#8221;Ontdek de Algarve per E-Bike&#8221; image_url=&#8221;https:\/\/www.monterosaportugal.com\/wp-content\/uploads\/2019\/01\/Ebike.jpg&#8221; _builder_version=&#8221;4.19.0&#8243; header_font_size=&#8221;26px&#8221; custom_margin=&#8221;||60px|&#8221; z_index_tablet=&#8221;500&#8243; global_colors_info=&#8221;{}&#8221;]<\/p>\n<p>Wil je graag de Algarve per fiets verkennen, maar schrikt het heuvelachtige landschap je misschien toch enigszins af? Dan is de E-bike een ontspannen alternatief voor de gewone fiets. Monte Rosa werkt samen met een lokaal bedrijf dat goede kwaliteit E-bikes verhuurt. Met een volle accu fiets je zo&#8217;n 60 kilometer. Met de bijgeleverde oplader, laad je de E-bike tijdens een lunchpauze gemakkelijk weer op.<br \/>Prijs v.a. \u20ac22 per dag. Meer informatie: <a href=\"https:\/\/coastsupply.co\/\" target=\"_blank\" rel=\"noopener\">Coast Supply<\/a><\/p>\n<p>[\/et_pb_team_member][et_pb_team_member name=&#8221;E-Mountainbike Tours&#8221; image_url=&#8221;https:\/\/www.monterosaportugal.com\/wp-content\/uploads\/2019\/06\/AndreasFiets.jpg&#8221; _builder_version=&#8221;4.16&#8243; header_font_size=&#8221;26px&#8221; custom_margin=&#8221;||60px|&#8221; z_index_tablet=&#8221;500&#8243; global_colors_info=&#8221;{}&#8221;]<\/p>\n<p>Een gloednieuwe tour aan de Costa Vicentina. Andreas, van The Nature Movement, nodigt je uit voor een bijzondere dag op de E-mountainbike. Je fietst over ongerepte paden in het westen van de Algarve en geniet van de prachtige omgeving. Er worden verschillende tours aangeboden, waaronder een &#8216;Wildlife Trail&#8217;, een &#8216;Cultural Expedition Trail&#8217; en ook een &#8216;Mindfullness &amp; Meditative Tour&#8217;. De E-mountainbikes zijn van zeer hoogwaardige kwaliteit en geschik voor fietsers van elk niveau.<br \/> Prijs v.a. \u20ac55. Meer informatie: <a href=\"https:\/\/naturemovement-ebiketours.com\/\" target=\"_blank\" rel=\"noopener noreferrer\">The Nature Movement<\/a><\/p>\n<p>[\/et_pb_team_member][et_pb_team_member name=&#8221;Downhill met de Mountainbike&#8221; image_url=&#8221;https:\/\/www.monterosaportugal.com\/wp-content\/uploads\/2019\/01\/OutdoorTours.jpg&#8221; _builder_version=&#8221;4.16&#8243; header_font_size=&#8221;26px&#8221; custom_margin=&#8221;||60px|&#8221; z_index_tablet=&#8221;500&#8243; global_colors_info=&#8221;{}&#8221;]<\/p>\n<p><span>Op zoek naar avontuur? Boek dan een Downhill Cycling Trip. Je daalt op een stabiele mountainbike van het Monchique-gebergte af, helemaal tot aan de kust. De tocht gaat door een prachtig landschap over zeer rustige asfaltwegen. De fietsen hebben veilige hydraulische remmen en een comfortabel gelzadel. Tijdens de pauzes zorgt een volgauto voor voldoende water en een energiesnack. De Downhill Cycle Trip kan eventueel ook gecombineerd worden met een kanotocht.<br \/> Prijs v.a. \u20ac55. Meer informatie: <a href=\"https:\/\/www.outdoor-tours.com\/algarve-activities\/cycling-monchique\/downhill-cycling-trip\/\" target=\"_blank\" rel=\"noopener noreferrer\">Outdoor Tours<\/a><\/span><\/p>\n<p><span><\/span><\/p>\n<p>[\/et_pb_team_member][\/et_pb_column][\/et_pb_row][\/et_pb_section]<\/p>\n","protected":false},"excerpt":{"rendered":"<p>Fietsen In de omgeving van Monte Rosa zijn er zowel over de verharde wegen als over de paden in het binnenland mooie fietsroutes te vinden. Voor de enigszins geoefende fietser zijn het prachtige tochten. De heuvels zijn gemiddeld zo&#8217;n 300 tot 400 meter hoog en over het algemeen kort, dus goed te &#8216;beklimmen&#8217;.&nbsp;Op de verharde [&hellip;]<\/p>\n","protected":false},"author":1,"featured_media":0,"parent":173,"menu_order":0,"comment_status":"closed","ping_status":"closed","template":"","meta":{"_et_pb_use_builder":"on","_et_pb_old_content":"","_et_gb_content_width":"","ngg_post_thumbnail":0,"footnotes":""},"class_list":["post-179","page","type-page","status-publish","hentry"],"yoast_head":"<!-- This site is optimized with the Yoast SEO plugin v27.6 - https:\/\/yoast.com\/product\/yoast-seo-wordpress\/ -->\n<title>Het is prachtig Fietsen in de Algarve - Monte Rosa Portugal<\/title>\n<meta name=\"description\" content=\"In omgeving van Monte Rosa zijn er zowel over de verharde wegen als over de paden mooie fietsroutes te vinden. Het is prachtig fietsen in de Algarve!\" \/>\n<meta name=\"robots\" content=\"index, follow, max-snippet:-1, max-image-preview:large, max-video-preview:-1\" \/>\n<link rel=\"canonical\" href=\"https:\/\/www.monterosaportugal.com\/nl\/activiteiten\/fietsen\/\" \/>\n<meta property=\"og:locale\" content=\"nl_NL\" \/>\n<meta property=\"og:type\" content=\"article\" \/>\n<meta property=\"og:title\" content=\"Het is prachtig Fietsen in de Algarve - Monte Rosa Portugal\" \/>\n<meta property=\"og:description\" content=\"In omgeving van Monte Rosa zijn er zowel over de verharde wegen als over de paden mooie fietsroutes te vinden. Het is prachtig fietsen in de Algarve!\" \/>\n<meta property=\"og:url\" content=\"https:\/\/www.monterosaportugal.com\/nl\/activiteiten\/fietsen\/\" \/>\n<meta property=\"og:site_name\" content=\"Monte Rosa Portugal\" \/>\n<meta property=\"article:modified_time\" content=\"2025-01-02T12:19:15+00:00\" \/>\n<meta name=\"twitter:card\" content=\"summary_large_image\" \/>\n<meta name=\"twitter:label1\" content=\"Geschatte leestijd\" \/>\n\t<meta name=\"twitter:data1\" content=\"5 minuten\" \/>\n<script type=\"application\/ld+json\" class=\"yoast-schema-graph\">{\"@context\":\"https:\\\/\\\/schema.org\",\"@graph\":[{\"@type\":\"WebPage\",\"@id\":\"https:\\\/\\\/www.monterosaportugal.com\\\/nl\\\/activiteiten\\\/fietsen\\\/\",\"url\":\"https:\\\/\\\/www.monterosaportugal.com\\\/nl\\\/activiteiten\\\/fietsen\\\/\",\"name\":\"Het is prachtig Fietsen in de Algarve - Monte Rosa Portugal\",\"isPartOf\":{\"@id\":\"https:\\\/\\\/www.monterosaportugal.com\\\/nl\\\/#website\"},\"datePublished\":\"2018-06-15T12:37:11+00:00\",\"dateModified\":\"2025-01-02T12:19:15+00:00\",\"description\":\"In omgeving van Monte Rosa zijn er zowel over de verharde wegen als over de paden mooie fietsroutes te vinden. Het is prachtig fietsen in de Algarve!\",\"breadcrumb\":{\"@id\":\"https:\\\/\\\/www.monterosaportugal.com\\\/nl\\\/activiteiten\\\/fietsen\\\/#breadcrumb\"},\"inLanguage\":\"nl-NL\",\"potentialAction\":[{\"@type\":\"ReadAction\",\"target\":[\"https:\\\/\\\/www.monterosaportugal.com\\\/nl\\\/activiteiten\\\/fietsen\\\/\"]}]},{\"@type\":\"BreadcrumbList\",\"@id\":\"https:\\\/\\\/www.monterosaportugal.com\\\/nl\\\/activiteiten\\\/fietsen\\\/#breadcrumb\",\"itemListElement\":[{\"@type\":\"ListItem\",\"position\":1,\"name\":\"Home\",\"item\":\"https:\\\/\\\/www.monterosaportugal.com\\\/nl\\\/\"},{\"@type\":\"ListItem\",\"position\":2,\"name\":\"Activiteiten\",\"item\":\"https:\\\/\\\/www.monterosaportugal.com\\\/nl\\\/activities\\\/\"},{\"@type\":\"ListItem\",\"position\":3,\"name\":\"Fietsen\"}]},{\"@type\":\"WebSite\",\"@id\":\"https:\\\/\\\/www.monterosaportugal.com\\\/nl\\\/#website\",\"url\":\"https:\\\/\\\/www.monterosaportugal.com\\\/nl\\\/\",\"name\":\"Monte Rosa Portugal\",\"description\":\"Landelijk gelegen gastenaccommodatie met cursusruimte in Portugal\",\"potentialAction\":[{\"@type\":\"SearchAction\",\"target\":{\"@type\":\"EntryPoint\",\"urlTemplate\":\"https:\\\/\\\/www.monterosaportugal.com\\\/nl\\\/?s={search_term_string}\"},\"query-input\":{\"@type\":\"PropertyValueSpecification\",\"valueRequired\":true,\"valueName\":\"search_term_string\"}}],\"inLanguage\":\"nl-NL\"}]}<\/script>\n<!-- \/ Yoast SEO plugin. -->","yoast_head_json":{"title":"Het is prachtig Fietsen in de Algarve - Monte Rosa Portugal","description":"In omgeving van Monte Rosa zijn er zowel over de verharde wegen als over de paden mooie fietsroutes te vinden. Het is prachtig fietsen in de Algarve!","robots":{"index":"index","follow":"follow","max-snippet":"max-snippet:-1","max-image-preview":"max-image-preview:large","max-video-preview":"max-video-preview:-1"},"canonical":"https:\/\/www.monterosaportugal.com\/nl\/activiteiten\/fietsen\/","og_locale":"nl_NL","og_type":"article","og_title":"Het is prachtig Fietsen in de Algarve - Monte Rosa Portugal","og_description":"In omgeving van Monte Rosa zijn er zowel over de verharde wegen als over de paden mooie fietsroutes te vinden. Het is prachtig fietsen in de Algarve!","og_url":"https:\/\/www.monterosaportugal.com\/nl\/activiteiten\/fietsen\/","og_site_name":"Monte Rosa Portugal","article_modified_time":"2025-01-02T12:19:15+00:00","twitter_card":"summary_large_image","twitter_misc":{"Geschatte leestijd":"5 minuten"},"schema":{"@context":"https:\/\/schema.org","@graph":[{"@type":"WebPage","@id":"https:\/\/www.monterosaportugal.com\/nl\/activiteiten\/fietsen\/","url":"https:\/\/www.monterosaportugal.com\/nl\/activiteiten\/fietsen\/","name":"Het is prachtig Fietsen in de Algarve - Monte Rosa Portugal","isPartOf":{"@id":"https:\/\/www.monterosaportugal.com\/nl\/#website"},"datePublished":"2018-06-15T12:37:11+00:00","dateModified":"2025-01-02T12:19:15+00:00","description":"In omgeving van Monte Rosa zijn er zowel over de verharde wegen als over de paden mooie fietsroutes te vinden. Het is prachtig fietsen in de Algarve!","breadcrumb":{"@id":"https:\/\/www.monterosaportugal.com\/nl\/activiteiten\/fietsen\/#breadcrumb"},"inLanguage":"nl-NL","potentialAction":[{"@type":"ReadAction","target":["https:\/\/www.monterosaportugal.com\/nl\/activiteiten\/fietsen\/"]}]},{"@type":"BreadcrumbList","@id":"https:\/\/www.monterosaportugal.com\/nl\/activiteiten\/fietsen\/#breadcrumb","itemListElement":[{"@type":"ListItem","position":1,"name":"Home","item":"https:\/\/www.monterosaportugal.com\/nl\/"},{"@type":"ListItem","position":2,"name":"Activiteiten","item":"https:\/\/www.monterosaportugal.com\/nl\/activities\/"},{"@type":"ListItem","position":3,"name":"Fietsen"}]},{"@type":"WebSite","@id":"https:\/\/www.monterosaportugal.com\/nl\/#website","url":"https:\/\/www.monterosaportugal.com\/nl\/","name":"Monte Rosa Portugal","description":"Landelijk gelegen gastenaccommodatie met cursusruimte in Portugal","potentialAction":[{"@type":"SearchAction","target":{"@type":"EntryPoint","urlTemplate":"https:\/\/www.monterosaportugal.com\/nl\/?s={search_term_string}"},"query-input":{"@type":"PropertyValueSpecification","valueRequired":true,"valueName":"search_term_string"}}],"inLanguage":"nl-NL"}]}},"jetpack_sharing_enabled":true,"jetpack-related-posts":[],"_links":{"self":[{"href":"https:\/\/www.monterosaportugal.com\/nl\/wp-json\/wp\/v2\/pages\/179","targetHints":{"allow":["GET"]}}],"collection":[{"href":"https:\/\/www.monterosaportugal.com\/nl\/wp-json\/wp\/v2\/pages"}],"about":[{"href":"https:\/\/www.monterosaportugal.com\/nl\/wp-json\/wp\/v2\/types\/page"}],"author":[{"embeddable":true,"href":"https:\/\/www.monterosaportugal.com\/nl\/wp-json\/wp\/v2\/users\/1"}],"replies":[{"embeddable":true,"href":"https:\/\/www.monterosaportugal.com\/nl\/wp-json\/wp\/v2\/comments?post=179"}],"version-history":[{"count":0,"href":"https:\/\/www.monterosaportugal.com\/nl\/wp-json\/wp\/v2\/pages\/179\/revisions"}],"up":[{"embeddable":true,"href":"https:\/\/www.monterosaportugal.com\/nl\/wp-json\/wp\/v2\/pages\/173"}],"wp:attachment":[{"href":"https:\/\/www.monterosaportugal.com\/nl\/wp-json\/wp\/v2\/media?parent=179"}],"curies":[{"name":"wp","href":"https:\/\/api.w.org\/{rel}","templated":true}]}}