{"id":4524,"date":"2019-07-03T08:26:37","date_gmt":"2019-07-03T07:26:37","guid":{"rendered":"https:\/\/www.monterosaportugal.com\/practicalinfo\/how-to-get-there\/"},"modified":"2026-02-18T17:07:14","modified_gmt":"2026-02-18T17:07:14","slug":"how-to-get-there","status":"publish","type":"page","link":"https:\/\/www.monterosaportugal.com\/en\/practicalinfo\/how-to-get-there\/","title":{"rendered":"How to Get There"},"content":{"rendered":"<p>[et_pb_section fb_built=&#8221;1&#8243; fullwidth=&#8221;on&#8221; _builder_version=&#8221;4.16&#8243; custom_padding=&#8221;0|0px|0|0px|false|false&#8221; global_colors_info=&#8221;{}&#8221;][et_pb_fullwidth_image src=&#8221;https:\/\/www.monterosaportugal.com\/wp-content\/uploads\/2020\/06\/Stationnetje_breednew.jpg&#8221; title_text=&#8221;Stationnetje_breednew&#8221; _builder_version=&#8221;4.18.0&#8243; global_colors_info=&#8221;{}&#8221;][\/et_pb_fullwidth_image][\/et_pb_section][et_pb_section fb_built=&#8221;1&#8243; module_class=&#8221;mr-s-title&#8221; _builder_version=&#8221;4.16&#8243; z_index_tablet=&#8221;500&#8243; global_colors_info=&#8221;{}&#8221;][et_pb_row _builder_version=&#8221;4.16&#8243; z_index_tablet=&#8221;500&#8243; global_colors_info=&#8221;{}&#8221;][et_pb_column type=&#8221;4_4&#8243; _builder_version=&#8221;4.16&#8243; custom_padding=&#8221;|||&#8221; global_colors_info=&#8221;{}&#8221; custom_padding__hover=&#8221;|||&#8221;][et_pb_text admin_label=&#8221;Title&#8221; module_class=&#8221;mr-title&#8221; _builder_version=&#8221;4.18.0&#8243; text_letter_spacing=&#8221;1px&#8221; z_index_tablet=&#8221;500&#8243; inline_fonts=&#8221;Merriweather&#8221; global_colors_info=&#8221;{}&#8221;]<\/p>\n<h1>How to get there<\/h1>\n<p>[\/et_pb_text][\/et_pb_column][\/et_pb_row][et_pb_row _builder_version=&#8221;4.18.0&#8243; _module_preset=&#8221;default&#8221; global_colors_info=&#8221;{}&#8221;][et_pb_column type=&#8221;4_4&#8243; _builder_version=&#8221;4.18.0&#8243; _module_preset=&#8221;default&#8221; global_colors_info=&#8221;{}&#8221;][et_pb_divider divider_position=&#8221;center&#8221; divider_weight=&#8221;3px&#8221; module_class=&#8221;mr-divider2&#8243; _builder_version=&#8221;4.16&#8243; max_width=&#8221;10%&#8221; module_alignment=&#8221;center&#8221; height=&#8221;0px&#8221; z_index_tablet=&#8221;500&#8243; global_colors_info=&#8221;{}&#8221;][\/et_pb_divider][\/et_pb_column][\/et_pb_row][\/et_pb_section][et_pb_section fb_built=&#8221;1&#8243; module_class=&#8221;mr-s-content c1&#8243; _builder_version=&#8221;4.16&#8243; z_index_tablet=&#8221;500&#8243; global_colors_info=&#8221;{}&#8221;][et_pb_row _builder_version=&#8221;4.16&#8243; z_index_tablet=&#8221;500&#8243; custom_width_px=&#8221;750px&#8221; global_colors_info=&#8221;{}&#8221;][et_pb_column type=&#8221;4_4&#8243; _builder_version=&#8221;4.16&#8243; custom_padding=&#8221;|||&#8221; global_colors_info=&#8221;{}&#8221; custom_padding__hover=&#8221;|||&#8221;][et_pb_team_member name=&#8221;Fly to Faro&#8221; image_url=&#8221;https:\/\/www.monterosaportugal.com\/wp-content\/uploads\/2019\/01\/Transavia.jpg&#8221; _builder_version=&#8221;4.18.0&#8243; header_font_size=&#8221;26px&#8221; custom_margin=&#8221;||60px|&#8221; z_index_tablet=&#8221;500&#8243; global_colors_info=&#8221;{}&#8221;]<\/p>\n<p>When going on holiday to Monte Rosa, flying into Faro is the most obvious choice. From there it is a one-hour drive to our guesthouse. You can book your ticket online and we can arrange a rental car for you at the airport. The only thing you need to do is send us your flight details. Monte Rosa also provides a transfer service. A pick-up at the airport will cost \u20ac95 per car. The Algarve is a top holiday destination and <a href=\"https:\/\/www.aeroportofaro.pt\/en\/fao\/home\">Faro Airport<\/a>\u00a0is a busy place, welcoming flights from all over Europe. Outside the holiday periods, it is easy to find a cheap flight. Usually the earlier you book, the better price.<\/p>\n<p>[\/et_pb_team_member][et_pb_team_member name=&#8221;Fly to Lisbon&#8221; image_url=&#8221;https:\/\/www.monterosaportugal.com\/wp-content\/uploads\/2019\/01\/rode-tram.jpg&#8221; _builder_version=&#8221;4.18.0&#8243; header_font_size=&#8221;26px&#8221; custom_margin=&#8221;||20px|||&#8221; z_index_tablet=&#8221;500&#8243; global_colors_info=&#8221;{}&#8221;]<\/p>\n<p>If you like to combine the rural relaxation at Monte Rosa with a city trip, you can also choose to fly to Lisbon and spend a few nights in our beautiful apartment\u00a0<a href=\"https:\/\/www.happystayinlisbon.com\/\">Happy Stay Lisbon<\/a>\u00a0in the historical center of the city.<\/p>\n<p><span>There are many different options to fly to Lisbon, to find affordable tickets you can use\u00a0<a href=\"https:\/\/www.skyscanner.nl\/\">Skyscanner<\/a>.\u00a0TAP is the Portuguese national airline, that often offers reasonably priced tickets at appropriate times of the day. See\u00a0<a href=\"http:\/\/www.flytap.pt\/\">www.flytap.pt<\/a>. Also,\u00a0<a href=\"https:\/\/www.easyjet.com\/\">Easyjet<\/a>\u00a0may have special offers flying to Lisbon from different cities in Europe.\u00a0 <\/span><\/p>\n<p><span><\/span><\/p>\n<p>[\/et_pb_team_member][et_pb_divider divider_position=&#8221;center&#8221; _builder_version=&#8221;4.16&#8243; z_index_tablet=&#8221;500&#8243; global_colors_info=&#8221;{}&#8221;][\/et_pb_divider][et_pb_text _builder_version=&#8221;4.18.0&#8243; text_font=&#8221;Merriweather||||||||&#8221; text_text_color=&#8221;#0a0000&#8243; header_font=&#8221;Merriweather||||||||&#8221; text_orientation=&#8221;center&#8221; z_index_tablet=&#8221;500&#8243; global_colors_info=&#8221;{}&#8221;]<\/p>\n<p style=\"text-align: center;\"><span style=\"font-size: large;\"><em><span style=\"color: #000080;\"><strong>Tip<\/strong><\/span><\/em><\/span><\/p>\n<p style=\"text-align: center;\"><em>It can be a good option to book two one-way tickets, instead of a return ticket. This way you can choose the most convenient flights from different airlines and be flexible in choosing the times you would like to fly. You can choose to fly to\/from Faro or Lisbon, <br \/><\/em><em>but\u00a0also to\/from Sevilla or Porto.\u00a0<\/em><\/p>\n<p style=\"text-align: center;\"><span style=\"color: #000000;\"><em><\/em><\/span><\/p>\n<p>[\/et_pb_text][et_pb_divider divider_position=&#8221;center&#8221; _builder_version=&#8221;4.16&#8243; z_index_tablet=&#8221;500&#8243; global_colors_info=&#8221;{}&#8221;][\/et_pb_divider][et_pb_team_member name=&#8221;Rent a Car&#8221; image_url=&#8221;https:\/\/www.monterosaportugal.com\/wp-content\/uploads\/2019\/06\/Bereikbaarheid_Route.jpg&#8221; _builder_version=&#8221;4.27.5&#8243; header_font_size=&#8221;26px&#8221; custom_margin=&#8221;||60px|&#8221; hover_enabled=&#8221;0&#8243; z_index_tablet=&#8221;500&#8243; global_colors_info=&#8221;{}&#8221; sticky_enabled=&#8221;0&#8243;]<\/p>\n<p>Most of our guests rent a car. It is the easiest way to explore the area. Monte Rosa works with a local (befriended) car rental company. We can arrange attractive rates, the process is quick and easy and the car will be ready and waiting for you when you arrive. So no queues, deposits or airport desks to deal with! You can pay either by cash or card. <a href=\"https:\/\/www.monterosaportugal.com\/wp-content\/uploads\/2026\/02\/Tabela-do-preco-Anual-2026.pdf\" target=\"_blank\" rel=\"noopener\">Check out the different types of rental cars and prices<\/a>. During the low season prices for rental cars start at \u20ac80 per week. You can opt for full insurance. A child seat or soft rack for surfboards is free of charge. Interested? Contact us: <a href=\"&#x6d;&#x61;&#105;l&#x74;&#x6f;&#58;in&#x66;&#x6f;&#64;m&#x6f;&#x6e;&#116;&#101;r&#x6f;&#x73;&#97;p&#x6f;&#x72;&#116;&#117;g&#x61;&#x6c;&#46;c&#x6f;&#x6d;\">&#105;&#x6e;&#102;&#x6f;&#64;&#x6d;&#111;&#x6e;&#116;&#x65;&#114;&#x6f;s&#x61;p&#x6f;r&#x74;u&#x67;a&#x6c;&#46;&#99;&#x6f;&#109;<\/a><\/p>\n<p>&nbsp;<\/p>\n<p>[\/et_pb_team_member][et_pb_team_member name=&#8221;Transfer Service&#8221; image_url=&#8221;https:\/\/www.monterosaportugal.com\/wp-content\/uploads\/2019\/01\/transport-met-gasten.jpg&#8221; _builder_version=&#8221;4.18.0&#8243; header_font_size=&#8221;26px&#8221; custom_margin=&#8221;||60px|&#8221; z_index_tablet=&#8221;500&#8243; global_colors_info=&#8221;{}&#8221;]<\/p>\n<p>If you do not have your own transport from or to the airport, you can opt for our transfer service. The costs are \u20ac95 to be picked up and \u20ac85 for a drop-off (prices are per ride). You will be greeted at the airport with a sign with your name. Please send us your flight number and estimated arrival time in advance. It\u2019s also possible to arrange a shared transfer or shuttle from Faro Airport to Lagos. You can request this yourself, there are several companies providing this service. However, most of these companies offer their shuttle service only during high season.<\/p>\n<p><span><\/span><\/p>\n<p>[\/et_pb_team_member][et_pb_team_member name=&#8221;Public Transportation&#8221; image_url=&#8221;https:\/\/www.monterosaportugal.com\/wp-content\/uploads\/2019\/01\/openbaar-vervoerTheo-op-station.jpg&#8221; _builder_version=&#8221;4.18.0&#8243; header_font_size=&#8221;26px&#8221; custom_margin=&#8221;||60px|&#8221; z_index_tablet=&#8221;500&#8243; global_colors_info=&#8221;{}&#8221;]<\/p>\n<p>From Faro Airport you can travel to the train station by bus or taxi. The train from Faro to Lagos takes about two hours. It is also possible to take the bus from Faro to Lagos. From Lagos we can arrange a pick-up for you for \u20ac10 (per ride). Please request this in advance. After 19.00 hours we ask you to take a taxi. More information on train and bus schedules can be found here:<br \/>Train:\u00a0<a href=\"https:\/\/www.cp.pt\/passageiros\/en\/train-times\">www.cp.pt<\/a><br \/>Bus:\u00a0<a href=\"https:\/\/www.rede-expressos.pt\/\">www.rede-expressos.pt<\/a>\u00a0\/\u00a0<a href=\"http:\/\/eva-bus.com\/index.php?lang=uk\">www.eva-bus.com<\/a><br \/>Local Bus (Connection Lagos \u2013 Bar\u00e3o de S\u00e3o Jo\u00e3o):\u00a0<a href=\"http:\/\/aonda.pt\/onda.php?lid=6\">www.onda.pt<\/a><\/p>\n<p>[\/et_pb_team_member][et_pb_team_member name=&#8221;Directions&#8221; image_url=&#8221;https:\/\/www.monterosaportugal.com\/wp-content\/uploads\/2019\/01\/AutoHuren.jpg&#8221; _builder_version=&#8221;4.18.0&#8243; header_font_size=&#8221;26px&#8221; custom_margin=&#8221;||60px|&#8221; z_index_tablet=&#8221;500&#8243; global_colors_info=&#8221;{}&#8221;]<\/p>\n<p><span>From the airport, follow the signs for the A22, Portim\u00e3o\/Lisboa motorway. You turn right twice (direction Portim\u00e3o\/Albufeira) before you arrive on the A22. Continue to follow the A22. Follow the direction of \u2018Sines\u2019 until the very end of the highway. At the roundabout, take the first exit towards Bensafrim. Right after the village, turn right towards Bar\u00e3o de S\u00e3o Jo\u00e3o. Follow the road for about 5km until you reach Bar\u00e3o de S\u00e3o Jo\u00e3o. At the church (on your left), turn left and then left again towards Lagos. After about 2km you\u2019ll find the red sign of Monte Rosa on your right-hand side. <\/span><\/p>\n<p>[\/et_pb_team_member][et_pb_team_member name=&#8221;Carbon Footprint&#8221; image_url=&#8221;https:\/\/www.monterosaportugal.com\/wp-content\/uploads\/2019\/01\/Carbon-Footprint2.jpg&#8221; _builder_version=&#8221;4.18.0&#8243; header_font_size=&#8221;26px&#8221; custom_margin=&#8221;||60px|&#8221; z_index_tablet=&#8221;500&#8243; global_colors_info=&#8221;{}&#8221;]<\/p>\n<p><span style=\"font-weight: 400;\">Did you know it\u2019s possible to (partially) compensate for the CO2 pollution caused by your flight by giving something back to the earth?\u00a0<br \/><\/span><span style=\"font-weight: 400;\">Monte Rosa welcomes you to donate\u00a0 \u20ac10 for we buy and plant a tree at our land in your name (nice for kids) or anonymous.\u00a0<\/span><\/p>\n<p><span style=\"font-weight: 400;\">Other options:\u00a0<\/span><\/p>\n<p><a href=\"http:\/\/www.carbonfootprint.com\/\">www.carbonfootprint.com<br \/><\/a><a href=\"http:\/\/www.treesforlife.org.uk\/\">www.treesforlife.org.uk<\/a><\/p>\n<p>[\/et_pb_team_member][\/et_pb_column][\/et_pb_row][\/et_pb_section]<\/p>\n","protected":false},"excerpt":{"rendered":"<p>How to get thereWhen going on holiday to Monte Rosa, flying into Faro is the most obvious choice. From there it is a one-hour drive to our guesthouse. You can book your ticket online and we can arrange a rental car for you at the airport. The only thing you need to do is send [&hellip;]<\/p>\n","protected":false},"author":1,"featured_media":0,"parent":4508,"menu_order":0,"comment_status":"closed","ping_status":"closed","template":"","meta":{"_et_pb_use_builder":"on","_et_pb_old_content":"","_et_gb_content_width":"","ngg_post_thumbnail":0,"footnotes":""},"class_list":["post-4524","page","type-page","status-publish","hentry"],"yoast_head":"<!-- This site is optimized with the Yoast SEO plugin v27.6 - https:\/\/yoast.com\/product\/yoast-seo-wordpress\/ -->\n<title>Flying to Portugal, Car Hire, Route Description - Monte Rosa Portugal<\/title>\n<meta name=\"description\" content=\"When going on holiday to Monte Rosa, flying to Faro is the most obvious choice. Of course, you can book your own ticket online.\" \/>\n<meta name=\"robots\" content=\"index, follow, max-snippet:-1, max-image-preview:large, max-video-preview:-1\" \/>\n<link rel=\"canonical\" href=\"https:\/\/www.monterosaportugal.com\/en\/practicalinfo\/how-to-get-there\/\" \/>\n<meta property=\"og:locale\" content=\"en_US\" \/>\n<meta property=\"og:type\" content=\"article\" \/>\n<meta property=\"og:title\" content=\"Flying to Portugal, Car Hire, Route Description - Monte Rosa Portugal\" \/>\n<meta property=\"og:description\" content=\"When going on holiday to Monte Rosa, flying to Faro is the most obvious choice. Of course, you can book your own ticket online.\" \/>\n<meta property=\"og:url\" content=\"https:\/\/www.monterosaportugal.com\/en\/practicalinfo\/how-to-get-there\/\" \/>\n<meta property=\"og:site_name\" content=\"Monte Rosa Portugal\" \/>\n<meta property=\"article:modified_time\" content=\"2026-02-18T17:07:14+00:00\" \/>\n<meta name=\"twitter:card\" content=\"summary_large_image\" \/>\n<meta name=\"twitter:label1\" content=\"Est. reading time\" \/>\n\t<meta name=\"twitter:data1\" content=\"5 minutes\" \/>\n<script type=\"application\/ld+json\" class=\"yoast-schema-graph\">{\"@context\":\"https:\\\/\\\/schema.org\",\"@graph\":[{\"@type\":\"WebPage\",\"@id\":\"https:\\\/\\\/www.monterosaportugal.com\\\/en\\\/practicalinfo\\\/how-to-get-there\\\/\",\"url\":\"https:\\\/\\\/www.monterosaportugal.com\\\/en\\\/practicalinfo\\\/how-to-get-there\\\/\",\"name\":\"Flying to Portugal, Car Hire, Route Description - Monte Rosa Portugal\",\"isPartOf\":{\"@id\":\"https:\\\/\\\/www.monterosaportugal.com\\\/en\\\/#website\"},\"datePublished\":\"2019-07-03T07:26:37+00:00\",\"dateModified\":\"2026-02-18T17:07:14+00:00\",\"description\":\"When going on holiday to Monte Rosa, flying to Faro is the most obvious choice. Of course, you can book your own ticket online.\",\"breadcrumb\":{\"@id\":\"https:\\\/\\\/www.monterosaportugal.com\\\/en\\\/practicalinfo\\\/how-to-get-there\\\/#breadcrumb\"},\"inLanguage\":\"en-US\",\"potentialAction\":[{\"@type\":\"ReadAction\",\"target\":[\"https:\\\/\\\/www.monterosaportugal.com\\\/en\\\/practicalinfo\\\/how-to-get-there\\\/\"]}]},{\"@type\":\"BreadcrumbList\",\"@id\":\"https:\\\/\\\/www.monterosaportugal.com\\\/en\\\/practicalinfo\\\/how-to-get-there\\\/#breadcrumb\",\"itemListElement\":[{\"@type\":\"ListItem\",\"position\":1,\"name\":\"Home\",\"item\":\"https:\\\/\\\/www.monterosaportugal.com\\\/en\\\/\"},{\"@type\":\"ListItem\",\"position\":2,\"name\":\"Practical Info\",\"item\":\"https:\\\/\\\/www.monterosaportugal.com\\\/en\\\/practicalinfo\\\/\"},{\"@type\":\"ListItem\",\"position\":3,\"name\":\"How to Get There\"}]},{\"@type\":\"WebSite\",\"@id\":\"https:\\\/\\\/www.monterosaportugal.com\\\/en\\\/#website\",\"url\":\"https:\\\/\\\/www.monterosaportugal.com\\\/en\\\/\",\"name\":\"Monte Rosa Portugal\",\"description\":\"Landelijk gelegen gastenaccommodatie met cursusruimte in Portugal\",\"potentialAction\":[{\"@type\":\"SearchAction\",\"target\":{\"@type\":\"EntryPoint\",\"urlTemplate\":\"https:\\\/\\\/www.monterosaportugal.com\\\/en\\\/?s={search_term_string}\"},\"query-input\":{\"@type\":\"PropertyValueSpecification\",\"valueRequired\":true,\"valueName\":\"search_term_string\"}}],\"inLanguage\":\"en-US\"}]}<\/script>\n<!-- \/ Yoast SEO plugin. -->","yoast_head_json":{"title":"Flying to Portugal, Car Hire, Route Description - Monte Rosa Portugal","description":"When going on holiday to Monte Rosa, flying to Faro is the most obvious choice. Of course, you can book your own ticket online.","robots":{"index":"index","follow":"follow","max-snippet":"max-snippet:-1","max-image-preview":"max-image-preview:large","max-video-preview":"max-video-preview:-1"},"canonical":"https:\/\/www.monterosaportugal.com\/en\/practicalinfo\/how-to-get-there\/","og_locale":"en_US","og_type":"article","og_title":"Flying to Portugal, Car Hire, Route Description - Monte Rosa Portugal","og_description":"When going on holiday to Monte Rosa, flying to Faro is the most obvious choice. Of course, you can book your own ticket online.","og_url":"https:\/\/www.monterosaportugal.com\/en\/practicalinfo\/how-to-get-there\/","og_site_name":"Monte Rosa Portugal","article_modified_time":"2026-02-18T17:07:14+00:00","twitter_card":"summary_large_image","twitter_misc":{"Est. reading time":"5 minutes"},"schema":{"@context":"https:\/\/schema.org","@graph":[{"@type":"WebPage","@id":"https:\/\/www.monterosaportugal.com\/en\/practicalinfo\/how-to-get-there\/","url":"https:\/\/www.monterosaportugal.com\/en\/practicalinfo\/how-to-get-there\/","name":"Flying to Portugal, Car Hire, Route Description - Monte Rosa Portugal","isPartOf":{"@id":"https:\/\/www.monterosaportugal.com\/en\/#website"},"datePublished":"2019-07-03T07:26:37+00:00","dateModified":"2026-02-18T17:07:14+00:00","description":"When going on holiday to Monte Rosa, flying to Faro is the most obvious choice. Of course, you can book your own ticket online.","breadcrumb":{"@id":"https:\/\/www.monterosaportugal.com\/en\/practicalinfo\/how-to-get-there\/#breadcrumb"},"inLanguage":"en-US","potentialAction":[{"@type":"ReadAction","target":["https:\/\/www.monterosaportugal.com\/en\/practicalinfo\/how-to-get-there\/"]}]},{"@type":"BreadcrumbList","@id":"https:\/\/www.monterosaportugal.com\/en\/practicalinfo\/how-to-get-there\/#breadcrumb","itemListElement":[{"@type":"ListItem","position":1,"name":"Home","item":"https:\/\/www.monterosaportugal.com\/en\/"},{"@type":"ListItem","position":2,"name":"Practical Info","item":"https:\/\/www.monterosaportugal.com\/en\/practicalinfo\/"},{"@type":"ListItem","position":3,"name":"How to Get There"}]},{"@type":"WebSite","@id":"https:\/\/www.monterosaportugal.com\/en\/#website","url":"https:\/\/www.monterosaportugal.com\/en\/","name":"Monte Rosa Portugal","description":"Landelijk gelegen gastenaccommodatie met cursusruimte in Portugal","potentialAction":[{"@type":"SearchAction","target":{"@type":"EntryPoint","urlTemplate":"https:\/\/www.monterosaportugal.com\/en\/?s={search_term_string}"},"query-input":{"@type":"PropertyValueSpecification","valueRequired":true,"valueName":"search_term_string"}}],"inLanguage":"en-US"}]}},"jetpack_sharing_enabled":true,"jetpack-related-posts":[],"_links":{"self":[{"href":"https:\/\/www.monterosaportugal.com\/en\/wp-json\/wp\/v2\/pages\/4524","targetHints":{"allow":["GET"]}}],"collection":[{"href":"https:\/\/www.monterosaportugal.com\/en\/wp-json\/wp\/v2\/pages"}],"about":[{"href":"https:\/\/www.monterosaportugal.com\/en\/wp-json\/wp\/v2\/types\/page"}],"author":[{"embeddable":true,"href":"https:\/\/www.monterosaportugal.com\/en\/wp-json\/wp\/v2\/users\/1"}],"replies":[{"embeddable":true,"href":"https:\/\/www.monterosaportugal.com\/en\/wp-json\/wp\/v2\/comments?post=4524"}],"version-history":[{"count":0,"href":"https:\/\/www.monterosaportugal.com\/en\/wp-json\/wp\/v2\/pages\/4524\/revisions"}],"up":[{"embeddable":true,"href":"https:\/\/www.monterosaportugal.com\/en\/wp-json\/wp\/v2\/pages\/4508"}],"wp:attachment":[{"href":"https:\/\/www.monterosaportugal.com\/en\/wp-json\/wp\/v2\/media?parent=4524"}],"curies":[{"name":"wp","href":"https:\/\/api.w.org\/{rel}","templated":true}]}}